{"id":92839,"date":"2024-06-16T23:12:01","date_gmt":"2024-06-16T21:12:01","guid":{"rendered":"https:\/\/secureus.se\/?post_type=product&#038;p=92839"},"modified":"2026-02-20T11:51:18","modified_gmt":"2026-02-20T10:51:18","slug":"elslutbleck-st401-step-40-preload-omvand","status":"publish","type":"product","link":"https:\/\/secureus.se\/pl\/elslutbleck-st401-step-40-preload-omvand\/","title":{"rendered":"Elektryczna p\u0142yta ko\u0144cowa ST401 KROK 40 Obci\u0105\u017cenie wst\u0119pne Odwrotne"},"content":{"rendered":"<h1>Elektryczna p\u0142yta ko\u0144cowa ST401 KROK 40 Obci\u0105\u017cenie wst\u0119pne Odwrotne<\/h1>\n<p class=\"\" data-start=\"697\" data-end=\"1191\">Elektrozaczep ST401 STEP 40 Preload Reverse 24V firmy STEP zosta\u0142 zaprojektowany tak, aby zapewni\u0107 wysoki poziom bezpiecze\u0144stwa i elastyczno\u015bci dla drzwi o standardowych wymaganiach bezpiecze\u0144stwa.<\/p>\n<p class=\"\" data-start=\"697\" data-end=\"1191\">Wyposa\u017cony w opatentowany <strong data-start=\"888\" data-end=\"910\">technika drukowania listy<\/strong> Dzi\u0119ki elektrozaczepowi STEP drzwi mo\u017cna otworzy\u0107 nawet wtedy, gdy zostan\u0105 poddane naciskowi do <strong data-start=\"1021\" data-end=\"1031\">250 kg<\/strong>, co czyni go niezawodnym wyborem w przypadku drzwi, kt\u00f3re s\u0105 cz\u0119sto poddawane naciskowi, np. lekko krzywych lub maj\u0105cych na progu \u017cwir lub \u015bnieg.<\/p>\n<p class=\"\" data-start=\"1193\" data-end=\"1559\">The <strong data-start=\"1197\" data-end=\"1219\">funkcja odwrotna<\/strong> oznacza, \u017ce drzwi pozostan\u0105 odblokowane w przypadku awarii zasilania, co jest idealnym rozwi\u0105zaniem w przypadku, gdy drzwi musz\u0105 pozosta\u0107 otwarte podczas przerwy w dostawie pr\u0105du, na przyk\u0142ad w sytuacjach awaryjnych.<\/p>\n<p class=\"\" data-start=\"1193\" data-end=\"1559\">Dzi\u0119ki temu STEP 40 Preload jest bardzo elastycznym rozwi\u0105zaniem, kt\u00f3re mo\u017cna \u0142atwo zmieni\u0107 <strong data-start=\"1472\" data-end=\"1505\">funkcja przewijania do przodu do ty\u0142u<\/strong> podczas instalacji, co obni\u017ca koszty obs\u0142ugi.<\/p>\n<p class=\"\" data-start=\"1561\" data-end=\"1904\">Z imponuj\u0105cym <strong data-start=\"1580\" data-end=\"1613\">wytrzyma\u0142o\u015b\u0107 na zerwanie 1200 kg (12 kN)<\/strong> i jeden <strong data-start=\"1621\" data-end=\"1668\">standard fabryczny 1 500 000 cykli otwierania<\/strong>STEP 40 Preload jest trwa\u0142y i niezawodny nawet w \u015brodowiskach o wysokiej cz\u0119stotliwo\u015bci otwierania.<\/p>\n<p class=\"\" data-start=\"1561\" data-end=\"1904\">P\u0142yta zaczepu elektrycznego jest r\u00f3wnie\u017c <strong data-start=\"1782\" data-end=\"1797\">odporny na manipulacj\u0119<\/strong>, co oznacza, \u017ce jest odporny na manipulacj\u0119 i zapewnia dodatkowe bezpiecze\u0144stwo przed nieautoryzowanym dost\u0119pem.<\/p>\n<p class=\"\" data-start=\"1906\" data-end=\"2158\">KROK 40 Wst\u0119pne \u0142adowanie to <strong data-start=\"1925\" data-end=\"1978\">kompatybilny z zamkami jedno- i dwuzapadkowymi<\/strong>, co zapewnia wysoki stopie\u0144 elastyczno\u015bci i mo\u017cliwo\u015bci dostosowania w zale\u017cno\u015bci od systemu drzwiowego.<\/p>\n<p class=\"\" data-start=\"1906\" data-end=\"2158\">To jest r\u00f3wnie\u017c <strong data-start=\"2075\" data-end=\"2089\">odwracalny<\/strong>, co czyni go przydatnym zar\u00f3wno do drzwi prawych, jak i lewych.<\/p>\n<p class=\"\" data-start=\"2160\" data-end=\"2190\"><strong data-start=\"2160\" data-end=\"2190\">G\u0142\u00f3wne cechy i korzy\u015bci:<\/strong><\/p>\n<ul data-start=\"2191\" data-end=\"2866\">\n<li class=\"\" data-start=\"2191\" data-end=\"2316\">\n<p class=\"\" data-start=\"2193\" data-end=\"2316\"><strong data-start=\"2193\" data-end=\"2213\">Funkcja odwrotna:<\/strong> Odblokowuje si\u0119 w przypadku awarii zasilania, dzi\u0119ki czemu nadaje si\u0119 do drzwi, kt\u00f3re musz\u0105 pozosta\u0107 otwarte podczas przerwy w dostawie pr\u0105du.<\/p>\n<\/li>\n<li class=\"\" data-start=\"2317\" data-end=\"2420\">\n<p class=\"\" data-start=\"2319\" data-end=\"2420\"><strong data-start=\"2319\" data-end=\"2340\">Technologia drukowania list:<\/strong> Wytrzymuje nacisk do 250 kg, co zapobiega przestojom w przypadku wywarcia nacisku na drzwi.<\/p>\n<\/li>\n<li class=\"\" data-start=\"2421\" data-end=\"2500\">\n<p class=\"\" data-start=\"2423\" data-end=\"2500\"><strong data-start=\"2423\" data-end=\"2442\">Wysoka wytrzyma\u0142o\u015b\u0107 na zerwanie:<\/strong> 1200 kg (12 kN), co zapewnia solidn\u0105 ochron\u0119 przed w\u0142amaniem.<\/p>\n<\/li>\n<li class=\"\" data-start=\"2501\" data-end=\"2607\">\n<p class=\"\" data-start=\"2503\" data-end=\"2607\"><strong data-start=\"2503\" data-end=\"2522\">Testowane fabrycznie:<\/strong> Przetestowano do 1 500 000 cykli otwierania, aby zagwarantowa\u0107 d\u0142ugotrwa\u0142e dzia\u0142anie.<\/p>\n<\/li>\n<li class=\"\" data-start=\"2608\" data-end=\"2674\">\n<p class=\"\" data-start=\"2610\" data-end=\"2674\"><strong data-start=\"2610\" data-end=\"2626\">Kontakt t\u0142okowy:<\/strong> Do sygnalizowania stanu drzwi (zamkni\u0119te\/otwarte).<\/p>\n<\/li>\n<li class=\"\" data-start=\"2675\" data-end=\"2727\">\n<p class=\"\" data-start=\"2677\" data-end=\"2727\"><strong data-start=\"2677\" data-end=\"2693\">Antystukowy:<\/strong> Zapobiega nieautoryzowanej manipulacji.<\/p>\n<\/li>\n<li class=\"\" data-start=\"2728\" data-end=\"2787\">\n<p class=\"\" data-start=\"2730\" data-end=\"2787\"><strong data-start=\"2730\" data-end=\"2742\">Odwracalny:<\/strong> Pasuje do drzwi prawych i lewych.<\/p>\n<\/li>\n<li class=\"\" data-start=\"2788\" data-end=\"2866\">\n<p class=\"\" data-start=\"2790\" data-end=\"2866\"><strong data-start=\"2790\" data-end=\"2805\">Dioda ochronna:<\/strong> Wbudowana dioda zabezpieczaj\u0105ca przed uszkodzeniem elektroniki.<\/p>\n<\/li>\n<\/ul>\n<p class=\"\" data-start=\"2868\" data-end=\"3159\"><strong data-start=\"2868\" data-end=\"2886\">Zgodno\u015b\u0107:<\/strong> Elektryczna p\u0142ytka zaczepowa ST401 STEP 40 Wst\u0119pne napr\u0119\u017cenie odwrotne pasuje do obu <strong data-start=\"2940\" data-end=\"2955\">zamek jednoskrzyd\u0142owy<\/strong> I <strong data-start=\"2960\" data-end=\"2976\">zamek dwuskrzyd\u0142owy<\/strong>i mo\u017cna go zamontowa\u0107 zar\u00f3wno na drzwiach prawo-, jak i lewoskrzyd\u0142owych.<\/p>\n<p class=\"\" data-start=\"2868\" data-end=\"3159\">Jest on szczeg\u00f3lnie przydatny w przypadku drzwi o standardowych wymaganiach bezpiecze\u0144stwa oraz tam, gdzie wymagana jest du\u017ca cz\u0119stotliwo\u015b\u0107 otwierania.<\/p>\n<p class=\"\" data-start=\"3161\" data-end=\"3184\"><strong data-start=\"3161\" data-end=\"3184\">Wymagania dotycz\u0105ce zasilania:<\/strong><\/p>\n<ul data-start=\"3185\" data-end=\"3354\">\n<li class=\"\" data-start=\"3185\" data-end=\"3229\">\n<p class=\"\" data-start=\"3187\" data-end=\"3229\"><strong data-start=\"3187\" data-end=\"3200\">Wolta\u017c:<\/strong> 12 V lub 24 V pr\u0105du sta\u0142ego \u00b115 % -10 %<\/p>\n<\/li>\n<li class=\"\" data-start=\"3230\" data-end=\"3285\">\n<p class=\"\" data-start=\"3232\" data-end=\"3285\"><strong data-start=\"3232\" data-end=\"3253\">Pob\u00f3r mocy:<\/strong> 110 mAh przy 24 V DC (maks. 300 mA)<\/p>\n<\/li>\n<li class=\"\" data-start=\"3286\" data-end=\"3354\">\n<p class=\"\" data-start=\"3288\" data-end=\"3354\"><strong data-start=\"3288\" data-end=\"3304\">Kontakt t\u0142okowy:<\/strong> Mikrowy\u0142\u0105cznik, prze\u0142\u0105czalny jednobiegunowy, max. 30V pr\u0105du sta\u0142ego, 1A<\/p>\n<\/li>\n<\/ul>","protected":false},"excerpt":{"rendered":"<p>Elektryczna blacha zaczepowa ST401 STEP 40 Preload Reverse 24 V z technologi\u0105 docisku ta\u015bmy, stykiem t\u0142okowym i wysok\u0105 wytrzyma\u0142o\u015bci\u0105 na zerwanie (1200 kg).<\/p>\n<p>Funkcja rewersyjna i wysoka niezawodno\u015b\u0107 dzia\u0142ania dla drzwi o normalnych wymaganiach bezpiecze\u0144stwa.<\/p>","protected":false},"featured_media":137563,"template":"","meta":{"_acf_changed":false},"product_brand":[],"product_cat":[3355],"product_tag":[4197,4201],"class_list":{"0":"post-92839","1":"product","2":"type-product","3":"status-publish","4":"has-post-thumbnail","6":"product_cat-elslutbleck","7":"product_tag-24v","8":"product_tag-omvand","9":"product_shipping_class-tunga-paket","10":"pa_brands-step","11":"tm-no-options","13":"first","14":"instock","15":"sale","16":"taxable","17":"shipping-taxable","18":"purchasable","19":"product-type-simple"},"acf":[],"_links":{"self":[{"href":"https:\/\/secureus.se\/pl\/wp-json\/wp\/v2\/product\/92839","targetHints":{"allow":["GET"]}}],"collection":[{"href":"https:\/\/secureus.se\/pl\/wp-json\/wp\/v2\/product"}],"about":[{"href":"https:\/\/secureus.se\/pl\/wp-json\/wp\/v2\/types\/product"}],"wp:featuredmedia":[{"embeddable":true,"href":"https:\/\/secureus.se\/pl\/wp-json\/wp\/v2\/media\/137563"}],"wp:attachment":[{"href":"https:\/\/secureus.se\/pl\/wp-json\/wp\/v2\/media?parent=92839"}],"wp:term":[{"taxonomy":"product_brand","embeddable":true,"href":"https:\/\/secureus.se\/pl\/wp-json\/wp\/v2\/product_brand?post=92839"},{"taxonomy":"product_cat","embeddable":true,"href":"https:\/\/secureus.se\/pl\/wp-json\/wp\/v2\/product_cat?post=92839"},{"taxonomy":"product_tag","embeddable":true,"href":"https:\/\/secureus.se\/pl\/wp-json\/wp\/v2\/product_tag?post=92839"}],"curies":[{"name":"wp","href":"https:\/\/api.w.org\/{rel}","templated":true}]}}