{"id":92843,"date":"2024-06-16T23:12:01","date_gmt":"2024-06-16T21:12:01","guid":{"rendered":"https:\/\/secureus.se\/?post_type=product&#038;p=92843"},"modified":"2026-02-20T11:47:07","modified_gmt":"2026-02-20T10:47:07","slug":"elslutbleck-step-60-st600-silent-24v","status":"publish","type":"product","link":"https:\/\/secureus.se\/pl\/elslutbleck-step-60-st600-silent-24v\/","title":{"rendered":"P\u0142ytka zaciskowa elektryczna STEP 60 ST600 Silent 24V"},"content":{"rendered":"<h1>Elektrozaczep STEP 60 ST600 Silent 24V \u2013 Prawid\u0142owa funkcja<\/h1>\n<p class=\"\" data-start=\"734\" data-end=\"1156\">Elektrozaczep STEP 60 Silent 24V nale\u017cy do serii Silent marki STEP i stanowi wyj\u0105tkowe rozwi\u0105zanie dla drzwi, w kt\u00f3rych wymagany jest zar\u00f3wno wysoki poziom bezpiecze\u0144stwa, jak i niski poziom ha\u0142asu.<\/p>\n<p class=\"\" data-start=\"734\" data-end=\"1156\">Opatentowany <strong data-start=\"900\" data-end=\"924\">Technologia STEP Silent<\/strong> zapewnia, \u017ce drzwi otwieraj\u0105 si\u0119 i zamykaj\u0105 z <strong data-start=\"974\" data-end=\"988\">mi\u0119kki spacer<\/strong> i prawie <strong data-start=\"1000\" data-end=\"1020\">funkcja cicha<\/strong>, dzi\u0119ki czemu urz\u0105dzenie doskonale nadaje si\u0119 do stosowania w miejscach, w kt\u00f3rych po\u017c\u0105dany jest niski poziom ha\u0142asu, takich jak biura, szko\u0142y, szpitale i budynki mieszkalne.<\/p>\n<p class=\"\" data-start=\"1158\" data-end=\"1547\">Z <strong data-start=\"1165\" data-end=\"1203\">wytrzyma\u0142o\u015b\u0107 na zerwanie 1600 kg (16 kN)<\/strong> i jeden <strong data-start=\"1211\" data-end=\"1244\">no\u015bno\u015b\u0107 ta\u015bmy 100 kg<\/strong>STEP 60 Silent to solidne i bezpieczne rozwi\u0105zanie dla drzwi nara\u017conych na nacisk lub przeszkody, takie jak \u015bnieg lub \u017cwir w szczelinie drzwiowej.<\/p>\n<p class=\"\" data-start=\"1158\" data-end=\"1547\">Jest wyposa\u017cony w <strong data-start=\"1407\" data-end=\"1422\">styk t\u0142oka<\/strong> wskazuj\u0105cy, czy drzwi s\u0105 zamkni\u0119te i zablokowane, czy otwarte i odblokowane, co czyni go niezawodnym wyborem do monitorowania drzwi.<\/p>\n<p class=\"\" data-start=\"1549\" data-end=\"1905\">P\u0142yta zaczepu elektrycznego jest <strong data-start=\"1566\" data-end=\"1599\">certyfikowany pod k\u0105tem odporno\u015bci na ogie\u0144<\/strong> wed\u0142ug <strong data-start=\"1607\" data-end=\"1625\">klasa E\/EI 120<\/strong>, co oznacza, \u017ce jest on dopuszczony do stosowania w drzwiach dzia\u0142owych pomieszcze\u0144 przeciwpo\u017carowych w budynkach o wysokich wymaganiach przeciwpo\u017carowych.<\/p>\n<p class=\"\" data-start=\"1549\" data-end=\"1905\">Jest on r\u00f3wnie\u017c przeznaczony do stosowania w po\u0142\u0105czeniu z <strong data-start=\"1791\" data-end=\"1806\">zamek jednoskrzyd\u0142owy<\/strong> Lub <strong data-start=\"1813\" data-end=\"1829\">zamek dwuskrzyd\u0142owy<\/strong>, dzi\u0119ki czemu jest wszechstronny i mo\u017cna go dostosowa\u0107 do r\u00f3\u017cnych zastosowa\u0144 drzwiowych.<\/p>\n<p class=\"\" data-start=\"1907\" data-end=\"1937\"><strong data-start=\"1907\" data-end=\"1937\">G\u0142\u00f3wne cechy i korzy\u015bci:<\/strong><\/p>\n<ul data-start=\"1938\" data-end=\"2645\">\n<li class=\"\" data-start=\"1938\" data-end=\"2035\">\n<p class=\"\" data-start=\"1940\" data-end=\"2035\"><strong data-start=\"1940\" data-end=\"1963\">Cicha i spokojna praca:<\/strong> Opatentowana technologia STEP Silent umo\u017cliwia niemal bezg\u0142o\u015bne otwieranie i zamykanie.<\/p>\n<\/li>\n<li data-start=\"1938\" data-end=\"2035\"><strong>Funkcja skierowana w prawo<\/strong><\/li>\n<li class=\"\" data-start=\"2036\" data-end=\"2155\">\n<p class=\"\" data-start=\"2038\" data-end=\"2155\"><strong data-start=\"2038\" data-end=\"2057\">Wysoka wytrzyma\u0142o\u015b\u0107 na zerwanie:<\/strong> Wytrzymuje obci\u0105\u017cenie do 1600 kg (16 kN), zapewniaj\u0105c solidne zabezpieczenie drzwi nara\u017conych na obci\u0105\u017cenia.<\/p>\n<\/li>\n<li class=\"\" data-start=\"2156\" data-end=\"2261\">\n<p class=\"\" data-start=\"2158\" data-end=\"2261\"><strong data-start=\"2158\" data-end=\"2175\">Zatwierdzone przez ogie\u0144:<\/strong> Posiadaj\u0105 certyfikat odporno\u015bci ogniowej E\/EI 120, nadaj\u0105 si\u0119 do stosowania w drzwiach oddzielaj\u0105cych strefy przeciwpo\u017carowe.<\/p>\n<\/li>\n<li class=\"\" data-start=\"2262\" data-end=\"2356\">\n<p class=\"\" data-start=\"2264\" data-end=\"2356\"><strong data-start=\"2264\" data-end=\"2285\">Technologia drukowania list:<\/strong> Wytrzymuje nacisk do 100 kg i otwiera drzwi nawet w przypadku napotkania przeszk\u00f3d.<\/p>\n<\/li>\n<li class=\"\" data-start=\"2357\" data-end=\"2487\">\n<p class=\"\" data-start=\"2359\" data-end=\"2487\"><strong data-start=\"2359\" data-end=\"2375\">Kontakt t\u0142okowy:<\/strong> Zapewnia informacj\u0119 o zamkni\u0119ciu\/otwarciu i zablokowaniu\/odblokowaniu drzwi, dzi\u0119ki czemu idealnie nadaje si\u0119 do monitorowania bezpiecze\u0144stwa.<\/p>\n<\/li>\n<li class=\"\" data-start=\"2488\" data-end=\"2569\">\n<p class=\"\" data-start=\"2490\" data-end=\"2569\"><strong data-start=\"2490\" data-end=\"2515\">Niskie zu\u017cycie energii:<\/strong> Maksymalnie 250 mA przy 24 V DC, co zapewnia energooszcz\u0119dno\u015b\u0107.<\/p>\n<\/li>\n<li class=\"\" data-start=\"2570\" data-end=\"2645\">\n<p class=\"\" data-start=\"2572\" data-end=\"2645\"><strong data-start=\"2572\" data-end=\"2599\">Ochrona przed manipulacj\u0105:<\/strong> Zabezpieczone przed manipulacj\u0105 i dost\u0119pem os\u00f3b nieupowa\u017cnionych.<\/p>\n<\/li>\n<\/ul>\n<p class=\"\" data-start=\"2647\" data-end=\"2969\"><strong data-start=\"2647\" data-end=\"2665\">Zgodno\u015b\u0107:<\/strong> Elektrozaczep STEP 60 Silent przeznaczony jest do stosowania zar\u00f3wno <strong data-start=\"2729\" data-end=\"2744\">zamek jednoskrzyd\u0142owy<\/strong> I <strong data-start=\"2749\" data-end=\"2765\">zamek dwuskrzyd\u0142owy<\/strong>dzi\u0119ki czemu mo\u017cna go dostosowa\u0107 do r\u00f3\u017cnych system\u00f3w drzwiowych.<\/p>\n<p class=\"\" data-start=\"2647\" data-end=\"2969\">To jest r\u00f3wnie\u017c <strong data-start=\"2840\" data-end=\"2852\">odwracalny<\/strong> do drzwi prawych i lewych, wyposa\u017cony w <strong data-start=\"2917\" data-end=\"2945\">Kabel bezhalogenowy 5 metr\u00f3w<\/strong> dla \u0142atwej instalacji.<\/p>\n<p class=\"\" data-start=\"2971\" data-end=\"2994\"><strong data-start=\"2971\" data-end=\"2994\">Wymagania dotycz\u0105ce zasilania:<\/strong><\/p>\n<ul data-start=\"2995\" data-end=\"3156\">\n<li class=\"\" data-start=\"2995\" data-end=\"3039\">\n<p class=\"\" data-start=\"2997\" data-end=\"3039\"><strong data-start=\"2997\" data-end=\"3010\">Wolta\u017c:<\/strong> 12 V lub 24 V pr\u0105du sta\u0142ego \u00b115 % -10 %<\/p>\n<\/li>\n<li class=\"\" data-start=\"3040\" data-end=\"3099\">\n<p class=\"\" data-start=\"3042\" data-end=\"3099\"><strong data-start=\"3042\" data-end=\"3063\">Pob\u00f3r mocy:<\/strong> Maksymalnie 250 mA przy 24 V DC, 121 mA odblokowane<\/p>\n<\/li>\n<li class=\"\" data-start=\"3100\" data-end=\"3156\">\n<p class=\"\" data-start=\"3102\" data-end=\"3156\"><strong data-start=\"3102\" data-end=\"3119\">Mikroprze\u0142\u0105cznik:<\/strong> Prze\u0142\u0105cznik jednobiegunowy, maks. 30V pr\u0105du sta\u0142ego, 1A<\/p>\n<\/li>\n<\/ul>","protected":false},"excerpt":{"rendered":"<p>Elektrozaczep STEP 60 Silent 24V charakteryzuje si\u0119 p\u0142ynn\u0105 i cich\u0105 prac\u0105, co czyni go idealnym rozwi\u0105zaniem do drzwi cz\u0119sto u\u017cywanych, np. w biurach, szko\u0142ach i szpitalach.<\/p>\n<p>Wysoka wytrzyma\u0142o\u015b\u0107 na zerwanie (1600 kg) i atest ogniowy do E\/EI 120. Prawid\u0142owe dzia\u0142anie.<\/p>","protected":false},"featured_media":138005,"template":"","meta":{"_acf_changed":false},"product_brand":[],"product_cat":[3355],"product_tag":[4197,4200],"class_list":{"0":"post-92843","1":"product","2":"type-product","3":"status-publish","4":"has-post-thumbnail","6":"product_cat-elslutbleck","7":"product_tag-24v","8":"product_tag-rattvand","9":"product_shipping_class-tunga-paket","10":"pa_brands-step","11":"tm-no-options","13":"first","14":"instock","15":"sale","16":"taxable","17":"shipping-taxable","18":"purchasable","19":"product-type-simple"},"acf":[],"_links":{"self":[{"href":"https:\/\/secureus.se\/pl\/wp-json\/wp\/v2\/product\/92843","targetHints":{"allow":["GET"]}}],"collection":[{"href":"https:\/\/secureus.se\/pl\/wp-json\/wp\/v2\/product"}],"about":[{"href":"https:\/\/secureus.se\/pl\/wp-json\/wp\/v2\/types\/product"}],"wp:featuredmedia":[{"embeddable":true,"href":"https:\/\/secureus.se\/pl\/wp-json\/wp\/v2\/media\/138005"}],"wp:attachment":[{"href":"https:\/\/secureus.se\/pl\/wp-json\/wp\/v2\/media?parent=92843"}],"wp:term":[{"taxonomy":"product_brand","embeddable":true,"href":"https:\/\/secureus.se\/pl\/wp-json\/wp\/v2\/product_brand?post=92843"},{"taxonomy":"product_cat","embeddable":true,"href":"https:\/\/secureus.se\/pl\/wp-json\/wp\/v2\/product_cat?post=92843"},{"taxonomy":"product_tag","embeddable":true,"href":"https:\/\/secureus.se\/pl\/wp-json\/wp\/v2\/product_tag?post=92843"}],"curies":[{"name":"wp","href":"https:\/\/api.w.org\/{rel}","templated":true}]}}