{"id":92845,"date":"2024-06-16T23:12:01","date_gmt":"2024-06-16T21:12:01","guid":{"rendered":"https:\/\/secureus.se\/?post_type=product&#038;p=92845"},"modified":"2026-02-20T11:47:11","modified_gmt":"2026-02-20T10:47:11","slug":"elslutbleck-st90-step-90-preload-rattvand-24v","status":"publish","type":"product","link":"https:\/\/secureus.se\/pl\/elslutbleck-st90-step-90-preload-rattvand-24v\/","title":{"rendered":"Elektryczna p\u0142yta ko\u0144cowa ST90 (napi\u0119cie wst\u0119pne STEP 90) Kierowana w prawo, 24 V"},"content":{"rendered":"<h1>Elektryczna p\u0142yta ko\u0144cowa ST90 (napi\u0119cie wst\u0119pne STEP 90) Kierowana w prawo, 24 V<\/h1>\n<p class=\"\" data-start=\"760\" data-end=\"1205\">Elektryczna p\u0142yta zaczepowa ST90 (STEP 90 Preload) prawa 24 V jest cz\u0119\u015bci\u0105 serii Preload firmy STEP i zapewnia idealn\u0105 r\u00f3wnowag\u0119 mi\u0119dzy wysokim bezpiecze\u0144stwem, kompaktowymi wymiarami i solidn\u0105 konstrukcj\u0105.<\/p>\n<p class=\"\" data-start=\"760\" data-end=\"1205\">Ten zamek elektryczny jest wyposa\u017cony w opatentowany przez STEP <strong data-start=\"987\" data-end=\"1007\">technika druku paskowego<\/strong>, co pozwala na otwarcie drzwi pomimo nacisku do <strong data-start=\"1066\" data-end=\"1076\">250 kg<\/strong>, co jest idealnym rozwi\u0105zaniem w przypadku drzwi nara\u017conych na nadmierny nacisk, \u017cwir lub \u015bnieg na progu, lub w przypadku drzwi, kt\u00f3re mog\u0105 by\u0107 lekko krzywe.<\/p>\n<p class=\"\" data-start=\"1207\" data-end=\"1620\">Z <strong data-start=\"1214\" data-end=\"1252\">wytrzyma\u0142o\u015b\u0107 na zerwanie 1200 kg (12 kN)<\/strong>STEP 90 Preload gwarantuje wysokie bezpiecze\u0144stwo i zosta\u0142 przetestowany pod k\u0105tem wytrzyma\u0142o\u015bci do <strong data-start=\"1338\" data-end=\"1366\">1 500 000 cykli otwierania<\/strong>, co czyni je trwa\u0142ym i niezawodnym rozwi\u0105zaniem dla drzwi o du\u017cej cz\u0119stotliwo\u015bci otwierania.<\/p>\n<p class=\"\" data-start=\"1207\" data-end=\"1620\">Wyposa\u017cony jest r\u00f3wnie\u017c w <strong data-start=\"1490\" data-end=\"1512\">wbudowana dioda zabezpieczaj\u0105ca<\/strong>, co zapobiega uszkodzeniu urz\u0105dze\u0144 elektrycznych, np. zamk\u00f3w szyfrowych czy czytnik\u00f3w kart, podczas skok\u00f3w napi\u0119cia.<\/p>\n<p data-start=\"1207\" data-end=\"1620\">KROK 90 Wst\u0119pne \u0142adowanie to <strong data-start=\"1641\" data-end=\"1672\">zatwierdzone ogniowo zgodnie z E\/EI120<\/strong>, co oznacza, \u017ce posiada certyfikat odporno\u015bci ogniowej do 120 minut, dzi\u0119ki czemu nadaje si\u0119 do stosowania w drzwiach oddzielaj\u0105cych strefy przeciwpo\u017carowe.<\/p>\n<p data-start=\"1207\" data-end=\"1620\">Mo\u017cna go stosowa\u0107 zar\u00f3wno w <strong data-start=\"1843\" data-end=\"1855\">sprawiedliwy<\/strong> I <strong data-start=\"1860\" data-end=\"1870\">odwraca\u0107<\/strong> funkcja zapewniaj\u0105ca elastyczno\u015b\u0107 w zakresie r\u00f3\u017cnych potrzeb instalacyjnych i u\u0142atwiaj\u0105ca personalizacj\u0119 w trakcie instalacji.<\/p>\n<p data-start=\"1207\" data-end=\"1620\">Ponadto jest to <strong data-start=\"1999\" data-end=\"2011\">odwracalny<\/strong> pasuj\u0105 zar\u00f3wno do drzwi prawo-, jak i lewoskr\u0119tnych, co jeszcze bardziej zwi\u0119ksza elastyczno\u015b\u0107 monta\u017cu.<\/p>\n<p class=\"\" data-start=\"2110\" data-end=\"2140\"><strong data-start=\"2110\" data-end=\"2140\">G\u0142\u00f3wne cechy i korzy\u015bci:<\/strong><\/p>\n<ul data-start=\"2141\" data-end=\"2915\">\n<li class=\"\" data-start=\"2141\" data-end=\"2241\">\n<p class=\"\" data-start=\"2143\" data-end=\"2241\"><strong data-start=\"2143\" data-end=\"2167\">Funkcja prze\u0142\u0105czalna:<\/strong> Mo\u017cliwo\u015b\u0107 przesuwania do przodu i do ty\u0142u, dostosowuj\u0105c si\u0119 do r\u00f3\u017cnych potrzeb instalacyjnych.<\/p>\n<\/li>\n<li class=\"\" data-start=\"2242\" data-end=\"2383\">\n<p class=\"\" data-start=\"2244\" data-end=\"2383\"><strong data-start=\"2244\" data-end=\"2265\">Technologia drukowania list:<\/strong> Wytrzymuje nacisk do 250 kg bez wp\u0142ywu na funkcjonowanie drzwi, dzi\u0119ki czemu jest bezpiecznym wyborem w miejscach nara\u017conych na dzia\u0142anie czynnik\u00f3w atmosferycznych.<\/p>\n<\/li>\n<li class=\"\" data-start=\"2384\" data-end=\"2503\">\n<p class=\"\" data-start=\"2386\" data-end=\"2503\"><strong data-start=\"2386\" data-end=\"2403\">Zatwierdzone przez ogie\u0144:<\/strong> Posiada certyfikat odporno\u015bci ogniowej E\/EI120, co czyni go odpowiednim do stosowania w drzwiach oddzielaj\u0105cych strefy przeciwpo\u017carowe.<\/p>\n<\/li>\n<li class=\"\" data-start=\"2504\" data-end=\"2604\">\n<p class=\"\" data-start=\"2506\" data-end=\"2604\"><strong data-start=\"2506\" data-end=\"2525\">Wysoka wytrzyma\u0142o\u015b\u0107 na zerwanie:<\/strong> 1200 kg (12 kN), co zapewnia bardzo solidn\u0105 ochron\u0119 przed napr\u0119\u017ceniami fizycznymi.<\/p>\n<\/li>\n<li class=\"\" data-start=\"2605\" data-end=\"2680\">\n<p class=\"\" data-start=\"2607\" data-end=\"2680\"><strong data-start=\"2607\" data-end=\"2634\">Ochrona przed manipulacj\u0105:<\/strong> Zabezpieczone przed manipulacj\u0105 i dost\u0119pem os\u00f3b nieupowa\u017cnionych.<\/p>\n<\/li>\n<li class=\"\" data-start=\"2681\" data-end=\"2791\">\n<p class=\"\" data-start=\"2683\" data-end=\"2791\"><strong data-start=\"2683\" data-end=\"2702\">D\u0142uga \u017cywotno\u015b\u0107:<\/strong> Fabrycznie przetestowane do 1 500 000 cykli otwierania, aby zagwarantowa\u0107 d\u0142ugotrwa\u0142\u0105 eksploatacj\u0119.<\/p>\n<\/li>\n<li class=\"\" data-start=\"2792\" data-end=\"2915\">\n<p class=\"\" data-start=\"2794\" data-end=\"2915\"><strong data-start=\"2794\" data-end=\"2820\">Elastyczna instalacja:<\/strong> Pasuje do zamk\u00f3w z pojedynczym i podw\u00f3jnym zatrzaskiem i mo\u017cna go odwraca\u0107, aby pasowa\u0142 do drzwi otwieranych na praw\u0105 lub lew\u0105 stron\u0119.<\/p>\n<\/li>\n<\/ul>\n<p class=\"\" data-start=\"2917\" data-end=\"3181\"><strong data-start=\"2917\" data-end=\"2935\">Zgodno\u015b\u0107:<\/strong> Elektryczna p\u0142ytka zaczepowa ST90 Preload jest kompatybilna z <strong data-start=\"2980\" data-end=\"2995\">zamek jednoskrzyd\u0142owy<\/strong> I <strong data-start=\"3000\" data-end=\"3016\">zamek dwuskrzyd\u0142owy<\/strong> i pasuje do drzwi spe\u0142niaj\u0105cych standardowe wymogi bezpiecze\u0144stwa.<\/p>\n<p class=\"\" data-start=\"2917\" data-end=\"3181\">Jest on r\u00f3wnie\u017c przeznaczony do stosowania w <strong data-start=\"3101\" data-end=\"3129\">drzwi dziel\u0105ce pomieszczenie ogniowe<\/strong> po zamontowaniu z odpowiednim s\u0142upkiem i obudow\u0105 zamka.<\/p>\n<p class=\"\" data-start=\"3183\" data-end=\"3206\"><strong data-start=\"3183\" data-end=\"3206\">Wymagania dotycz\u0105ce zasilania:<\/strong><\/p>\n<ul data-start=\"3207\" data-end=\"3363\">\n<li class=\"\" data-start=\"3207\" data-end=\"3251\">\n<p class=\"\" data-start=\"3209\" data-end=\"3251\"><strong data-start=\"3209\" data-end=\"3222\">Wolta\u017c:<\/strong> 12 V lub 24 V pr\u0105du sta\u0142ego \u00b115 % -10 %<\/p>\n<\/li>\n<li class=\"\" data-start=\"3252\" data-end=\"3307\">\n<p class=\"\" data-start=\"3254\" data-end=\"3307\"><strong data-start=\"3254\" data-end=\"3275\">Pob\u00f3r mocy:<\/strong> 110 mAh przy 24 V DC (maks. 300 mA)<\/p>\n<\/li>\n<li class=\"\" data-start=\"3308\" data-end=\"3363\">\n<p class=\"\" data-start=\"3310\" data-end=\"3363\"><strong data-start=\"3310\" data-end=\"3327\">Mikroprze\u0142\u0105cznik:<\/strong> Prze\u0142\u0105cznik jednobiegunowy, maks. 30V pr\u0105du sta\u0142ego, 1A<\/p>\n<\/li>\n<\/ul>","protected":false},"excerpt":{"rendered":"<p>Elektryczna blacha zaczepowa ST90 (STEP 90 Wst\u0119pne obci\u0105\u017cenie) R\u00e4ttv\u00e4nd 24V to kompaktowa i mocna elektryczna blacha zaczepowa z technologi\u0105 docisku listwy, wytrzymuj\u0105ca nacisk do 250 kg i si\u0142\u0119 zrywaj\u0105c\u0105 do 1200 kg.<\/p>\n<p>Posiada certyfikat odporno\u015bci ogniowej do E\/EI120, idealny do drzwi o du\u017cym nat\u0119\u017ceniu ruchu.<\/p>","protected":false},"featured_media":137312,"template":"","meta":{"_acf_changed":false},"product_brand":[],"product_cat":[3355],"product_tag":[4197,4200],"class_list":{"0":"post-92845","1":"product","2":"type-product","3":"status-publish","4":"has-post-thumbnail","6":"product_cat-elslutbleck","7":"product_tag-24v","8":"product_tag-rattvand","9":"product_shipping_class-tunga-paket","10":"pa_brands-step","11":"tm-no-options","13":"first","14":"instock","15":"sale","16":"taxable","17":"shipping-taxable","18":"purchasable","19":"product-type-simple"},"acf":[],"_links":{"self":[{"href":"https:\/\/secureus.se\/pl\/wp-json\/wp\/v2\/product\/92845","targetHints":{"allow":["GET"]}}],"collection":[{"href":"https:\/\/secureus.se\/pl\/wp-json\/wp\/v2\/product"}],"about":[{"href":"https:\/\/secureus.se\/pl\/wp-json\/wp\/v2\/types\/product"}],"wp:featuredmedia":[{"embeddable":true,"href":"https:\/\/secureus.se\/pl\/wp-json\/wp\/v2\/media\/137312"}],"wp:attachment":[{"href":"https:\/\/secureus.se\/pl\/wp-json\/wp\/v2\/media?parent=92845"}],"wp:term":[{"taxonomy":"product_brand","embeddable":true,"href":"https:\/\/secureus.se\/pl\/wp-json\/wp\/v2\/product_brand?post=92845"},{"taxonomy":"product_cat","embeddable":true,"href":"https:\/\/secureus.se\/pl\/wp-json\/wp\/v2\/product_cat?post=92845"},{"taxonomy":"product_tag","embeddable":true,"href":"https:\/\/secureus.se\/pl\/wp-json\/wp\/v2\/product_tag?post=92845"}],"curies":[{"name":"wp","href":"https:\/\/api.w.org\/{rel}","templated":true}]}}