{"id":92849,"date":"2024-06-16T23:12:01","date_gmt":"2024-06-16T21:12:01","guid":{"rendered":"https:\/\/secureus.se\/?post_type=product&#038;p=92849"},"modified":"2026-02-20T11:47:04","modified_gmt":"2026-02-20T10:47:04","slug":"elslutbleck-40-st41-preload-omvand-24-vdc","status":"publish","type":"product","link":"https:\/\/secureus.se\/pl\/elslutbleck-40-st41-preload-omvand-24-vdc\/","title":{"rendered":"Elektryczna p\u0142yta ko\u0144cowa 40 ST41 Napi\u0119cie wst\u0119pne Odwrotne 24 Vdc"},"content":{"rendered":"<h1>Elektryczna p\u0142yta ko\u0144cowa 40 ST41 Napi\u0119cie wst\u0119pne Odwrotne 24 Vdc<\/h1>\n<p class=\"\" data-start=\"702\" data-end=\"1123\">Elektrozaczep 40 ST41 Preload Reverse 24VDC firmy STEP jest cz\u0119\u015bci\u0105 serii Preload firmy STEP \u0142\u0105cz\u0105cej minimalne wymiary z bardzo wysok\u0105 wydajno\u015bci\u0105, przeznaczon\u0105 do drzwi o standardowych wymaganiach bezpiecze\u0144stwa.<\/p>\n<p class=\"\" data-start=\"702\" data-end=\"1123\">Opatentowana technologia docisku listwy zastosowana w STEP 40 pozwala na otwarcie elektrozaczepu nawet wtedy, gdy drzwi zostan\u0105 poddane naciskowi do 250 kg. Jest to szczeg\u00f3lnie przydatne w przypadku drzwi nara\u017conych na przeszkody takie jak \u017cwir, \u015bnieg lub nacisk krzywych drzwi.<\/p>\n<p class=\"\" data-start=\"1125\" data-end=\"1476\">Ten model ma <strong data-start=\"1145\" data-end=\"1164\">funkcja odwrotna<\/strong>, co oznacza, \u017ce drzwi pozostaj\u0105 odblokowane w stanie bez zasilania, co czyni je odpowiednim do zastosowa\u0144, w kt\u00f3rych drzwi musz\u0105 zosta\u0107 odblokowane w przypadku braku zasilania, np. w sytuacjach awaryjnych.<\/p>\n<p class=\"\" data-start=\"1125\" data-end=\"1476\">Wbudowany <strong data-start=\"1352\" data-end=\"1368\">dioda ochronna<\/strong> zapobiega uszkodzeniu podzespo\u0142\u00f3w elektronicznych, np. zamk\u00f3w kodowych czy czytnik\u00f3w kart, w przypadku ewentualnych skok\u00f3w napi\u0119cia.<\/p>\n<p class=\"\" data-start=\"1478\" data-end=\"1777\">P\u0142yta z zaczepem elektrycznym ma imponuj\u0105c\u0105 <strong data-start=\"1511\" data-end=\"1549\">wytrzyma\u0142o\u015b\u0107 na zerwanie 1200 kg (12 kN)<\/strong> i jest testowany fabrycznie przez producenta na 1 500 000 cykli otwierania, co czyni go niezwykle trwa\u0142ym i niezawodnym nawet w \u015brodowiskach o wysokiej cz\u0119stotliwo\u015bci otwierania.<\/p>\n<p class=\"\" data-start=\"1478\" data-end=\"1777\">Ponadto jest on zaprojektowany tak, aby uniemo\u017cliwia\u0107 manipulacj\u0119, co zapewnia wi\u0119ksze bezpiecze\u0144stwo.<\/p>\n<p class=\"\" data-start=\"1779\" data-end=\"2066\">To jest r\u00f3wnie\u017c <strong data-start=\"1792\" data-end=\"1803\">odwracalny<\/strong> pasuj\u0105 zar\u00f3wno do drzwi prawo-, jak i lewoskr\u0119tnych, co zapewnia \u0142atwy i elastyczny monta\u017c.<\/p>\n<p class=\"\" data-start=\"1779\" data-end=\"2066\">Aby zapewni\u0107 dodatkow\u0105 elastyczno\u015b\u0107 podczas monta\u017cu, p\u0142yta zaczepu elektrycznego ma <strong data-start=\"1962\" data-end=\"1998\">otwory na \u015bruby sko\u015bne<\/strong> na tylnej kraw\u0119dzi, co u\u0142atwia precyzyjne ustawienie.<\/p>\n<p class=\"\" data-start=\"2068\" data-end=\"2098\"><strong data-start=\"2068\" data-end=\"2098\">G\u0142\u00f3wne cechy i korzy\u015bci:<\/strong><\/p>\n<ul data-start=\"2099\" data-end=\"2804\">\n<li class=\"\" data-start=\"2099\" data-end=\"2214\">\n<p class=\"\" data-start=\"2101\" data-end=\"2214\"><strong data-start=\"2101\" data-end=\"2121\">Funkcja odwrotna:<\/strong> Odblokowany w trybie beznapi\u0119ciowym, odpowiedni do konkretnych zastosowa\u0144, np. w sytuacjach awaryjnych.<\/p>\n<\/li>\n<li class=\"\" data-start=\"2215\" data-end=\"2337\">\n<p class=\"\" data-start=\"2217\" data-end=\"2337\"><strong data-start=\"2217\" data-end=\"2238\">Technologia drukowania list:<\/strong> Mo\u017cliwo\u015b\u0107 otwarcia drzwi pomimo nacisku do 250 kg, co zapobiega przestojom w przypadku wywarcia nacisku na drzwi.<\/p>\n<\/li>\n<li class=\"\" data-start=\"2338\" data-end=\"2436\">\n<p class=\"\" data-start=\"2340\" data-end=\"2436\"><strong data-start=\"2340\" data-end=\"2364\">Wysoka wytrzyma\u0142o\u015b\u0107 na rozci\u0105ganie:<\/strong> 1200 kg (12 kN) wytrzymuje napr\u0119\u017cenia i zapewnia d\u0142ugotrwa\u0142e bezpiecze\u0144stwo.<\/p>\n<\/li>\n<li class=\"\" data-start=\"2437\" data-end=\"2538\">\n<p class=\"\" data-start=\"2439\" data-end=\"2538\"><strong data-start=\"2439\" data-end=\"2469\">Trwa\u0142o\u015b\u0107 przetestowana fabrycznie:<\/strong> Przetestowano w ci\u0105gu 1 500 000 cykli, aby zagwarantowa\u0107 d\u0142ugotrwa\u0142\u0105 wydajno\u015b\u0107.<\/p>\n<\/li>\n<li class=\"\" data-start=\"2539\" data-end=\"2619\">\n<p class=\"\" data-start=\"2541\" data-end=\"2619\"><strong data-start=\"2541\" data-end=\"2564\">Zabezpieczenie antysabota\u017cowe:<\/strong> Zapobiega nieautoryzowanemu dost\u0119powi i zwi\u0119ksza bezpiecze\u0144stwo.<\/p>\n<\/li>\n<li class=\"\" data-start=\"2620\" data-end=\"2715\">\n<p class=\"\" data-start=\"2622\" data-end=\"2715\"><strong data-start=\"2622\" data-end=\"2647\">Monta\u017c odwracalny:<\/strong> Pasuje zar\u00f3wno do drzwi prawych, jak i lewych, co zapewnia \u0142atw\u0105 instalacj\u0119.<\/p>\n<\/li>\n<li class=\"\" data-start=\"2716\" data-end=\"2804\">\n<p class=\"\" data-start=\"2718\" data-end=\"2804\"><strong data-start=\"2718\" data-end=\"2733\">Dioda ochronna:<\/strong> Wbudowana dioda zabezpieczaj\u0105ca przed przepi\u0119ciami i skokami napi\u0119cia.<\/p>\n<\/li>\n<\/ul>\n<p class=\"\" data-start=\"2806\" data-end=\"3079\"><strong data-start=\"2806\" data-end=\"2824\">Zgodno\u015b\u0107:<\/strong> Elektryczna p\u0142ytka zaczepowa 40 ST41 Preload jest kompatybilna z zamkami z pojedynczym i podw\u00f3jnym ryglem i jest przeznaczona do drzwi o standardowych wymaganiach bezpiecze\u0144stwa.<\/p>\n<p class=\"\" data-start=\"2806\" data-end=\"3079\">Dzi\u0119ki swoim w\u0142a\u015bciwo\u015bciom idealnie nadaje si\u0119 do drzwi nara\u017conych na nacisk lub drzwi o du\u017cej cz\u0119stotliwo\u015bci otwierania.<\/p>\n<p class=\"\" data-start=\"3081\" data-end=\"3104\"><strong data-start=\"3081\" data-end=\"3104\">Wymagania dotycz\u0105ce zasilania:<\/strong><\/p>\n<ul data-start=\"3105\" data-end=\"3271\">\n<li class=\"\" data-start=\"3105\" data-end=\"3149\">\n<p class=\"\" data-start=\"3107\" data-end=\"3149\"><strong data-start=\"3107\" data-end=\"3120\">Wolta\u017c:<\/strong> 12 V lub 24 V pr\u0105du sta\u0142ego \u00b115 % -10 %<\/p>\n<\/li>\n<li class=\"\" data-start=\"3150\" data-end=\"3205\">\n<p class=\"\" data-start=\"3152\" data-end=\"3205\"><strong data-start=\"3152\" data-end=\"3173\">Pob\u00f3r mocy:<\/strong> 110 mAh przy 24 V DC (maks. 300 mA)<\/p>\n<\/li>\n<li class=\"\" data-start=\"3206\" data-end=\"3271\">\n<p class=\"\" data-start=\"3208\" data-end=\"3271\"><strong data-start=\"3208\" data-end=\"3223\">Dioda ochronna:<\/strong> Wbudowana dioda zabezpieczaj\u0105ca w celu ochrony uk\u0142ad\u00f3w elektronicznych.<\/p>\n<\/li>\n<\/ul>","protected":false},"excerpt":{"rendered":"<p>Elektryczna p\u0142ytka zaczepowa 40 ST41 Preload Reverse 24VDC firmy STEP zapewnia wysoki poziom bezpiecze\u0144stwa i elastyczno\u015bci dzi\u0119ki funkcji cofania i technologii docisku listwy.<\/p>\n<p>Wytrzymuje nacisk do 250 kg i si\u0142\u0119 rozrywaj\u0105c\u0105 do 1200 kg, co czyni go idealnym rozwi\u0105zaniem do drzwi o standardowych wymaganiach bezpiecze\u0144stwa.<\/p>","protected":false},"featured_media":137069,"template":"","meta":{"_acf_changed":false},"product_brand":[],"product_cat":[3355],"product_tag":[4197,4202],"class_list":{"0":"post-92849","1":"product","2":"type-product","3":"status-publish","4":"has-post-thumbnail","6":"product_cat-elslutbleck","7":"product_tag-24v","8":"product_tag-omstallbar-rattvand-omvand","9":"product_shipping_class-tunga-paket","10":"pa_brands-step","11":"tm-no-options","13":"first","14":"instock","15":"sale","16":"taxable","17":"shipping-taxable","18":"purchasable","19":"product-type-simple"},"acf":[],"_links":{"self":[{"href":"https:\/\/secureus.se\/pl\/wp-json\/wp\/v2\/product\/92849","targetHints":{"allow":["GET"]}}],"collection":[{"href":"https:\/\/secureus.se\/pl\/wp-json\/wp\/v2\/product"}],"about":[{"href":"https:\/\/secureus.se\/pl\/wp-json\/wp\/v2\/types\/product"}],"wp:featuredmedia":[{"embeddable":true,"href":"https:\/\/secureus.se\/pl\/wp-json\/wp\/v2\/media\/137069"}],"wp:attachment":[{"href":"https:\/\/secureus.se\/pl\/wp-json\/wp\/v2\/media?parent=92849"}],"wp:term":[{"taxonomy":"product_brand","embeddable":true,"href":"https:\/\/secureus.se\/pl\/wp-json\/wp\/v2\/product_brand?post=92849"},{"taxonomy":"product_cat","embeddable":true,"href":"https:\/\/secureus.se\/pl\/wp-json\/wp\/v2\/product_cat?post=92849"},{"taxonomy":"product_tag","embeddable":true,"href":"https:\/\/secureus.se\/pl\/wp-json\/wp\/v2\/product_tag?post=92849"}],"curies":[{"name":"wp","href":"https:\/\/api.w.org\/{rel}","templated":true}]}}