{"id":92851,"date":"2024-06-16T23:12:01","date_gmt":"2024-06-16T21:12:01","guid":{"rendered":"https:\/\/secureus.se\/?post_type=product&#038;p=92851"},"modified":"2026-03-26T11:35:07","modified_gmt":"2026-03-26T10:35:07","slug":"elslutbleck-st925-step-92-preload","status":"publish","type":"product","link":"https:\/\/secureus.se\/pl\/elslutbleck-st925-step-92-preload\/","title":{"rendered":"Elektryczna p\u0142yta ko\u0144cowa ST925 (STEP 92, napi\u0119cie wst\u0119pne)"},"content":{"rendered":"<h1>Elektryczna p\u0142yta ko\u0144cowa ST925 (STEP 92, napi\u0119cie wst\u0119pne)<\/h1>\n<p class=\"\" data-start=\"710\" data-end=\"1125\">Elektrozaczep ST925 (STEP 92 Preload) to zaawansowane rozwi\u0105zanie do drzwi wymagaj\u0105cych wysokiego poziomu bezpiecze\u0144stwa i elastyczno\u015bci.<\/p>\n<p class=\"\" data-start=\"710\" data-end=\"1125\">Dzi\u0119ki prze\u0142\u0105czalnej funkcji ruchu do przodu i do ty\u0142u, model ST925 mo\u017cna dostosowa\u0107 do wielu r\u00f3\u017cnych zastosowa\u0144 drzwi.<\/p>\n<p class=\"\" data-start=\"710\" data-end=\"1125\">Rozwi\u0105zanie to jest szczeg\u00f3lnie przydatne w przypadku drzwi z zamkami z podw\u00f3jnym ryglem, w kt\u00f3rych blokada elektryczna jest oddzielona na ka\u017cdym ryglu, co umo\u017cliwia u\u017cywanie drzwi z automatyk\u0105 drzwiow\u0105 lub klamkami.<\/p>\n<p class=\"\" data-start=\"1127\" data-end=\"1614\">Jedn\u0105 z najbardziej wyr\u00f3\u017cniaj\u0105cych si\u0119 cech ST925 jest jego <strong data-start=\"1179\" data-end=\"1199\">zatwierdzenie przeciwpo\u017carowe<\/strong> wed\u0142ug <strong data-start=\"1207\" data-end=\"1225\">klasa E\/EI 120<\/strong>, co oznacza, \u017ce posiada certyfikat potwierdzaj\u0105cy odporno\u015b\u0107 na ogie\u0144 przez okres do 120 minut.<\/p>\n<p class=\"\" data-start=\"1127\" data-end=\"1614\">Dzi\u0119ki temu elektrozaczep jest idealnym rozwi\u0105zaniem dla budynk\u00f3w, w kt\u00f3rych wymagania przeciwpo\u017carowe maj\u0105 szczeg\u00f3lne znaczenie, a w razie konieczno\u015bci mo\u017cna go zintegrowa\u0107 z automatyk\u0105 drzwi, aby u\u0142atwi\u0107 otwieranie w nag\u0142ych wypadkach.<\/p>\n<p class=\"\" data-start=\"1127\" data-end=\"1614\">Mo\u017cna je nawet otworzy\u0107 za pomoc\u0105 alarmu przeciwpo\u017carowego, co pozwala na kontrolowane ponowne zaj\u0119cie pomieszczenia.<\/p>\n<p class=\"\" data-start=\"1616\" data-end=\"2016\">STEP 92 Preload jest r\u00f3wnie\u017c wyposa\u017cony w <strong data-start=\"1654\" data-end=\"1674\">technika druku paskowego<\/strong>, co oznacza, \u017ce mo\u017cna je otworzy\u0107 nawet wtedy, gdy drzwi zostan\u0105 poddane naciskowi do 250 kg (2,5 kN).<\/p>\n<p class=\"\" data-start=\"1616\" data-end=\"2016\">Stanowi to du\u017c\u0105 zalet\u0119 w \u015brodowiskach, w kt\u00f3rych drzwi s\u0105 nara\u017cone na ci\u015bnienie, na przyk\u0142ad z powodu nadci\u015bnienia w budynku, \u015bniegu lub \u017cwiru blokuj\u0105cych szczelin\u0119 drzwiow\u0105 lub wypaczonych drzwi.<\/p>\n<p class=\"\" data-start=\"1616\" data-end=\"2016\">Funkcja ta gwarantuje niezawodn\u0105 prac\u0119 urz\u0105dzenia bez zak\u0142\u00f3ce\u0144.<\/p>\n<p class=\"\" data-start=\"2018\" data-end=\"2304\">ST925 jest r\u00f3wnie\u017c zbudowany tak, aby wytrzyma\u0107 ekstremalne napr\u0119\u017cenia, z wytrzyma\u0142o\u015bci\u0105 na zerwanie wynosz\u0105c\u0105 <strong data-start=\"2107\" data-end=\"2126\">1200kg (12kN)<\/strong> i wytrzyma\u0142o\u015b\u0107, kt\u00f3ra jest testowana pod k\u0105tem wytrzyma\u0142o\u015bci <strong data-start=\"2172\" data-end=\"2192\">1 500 000 cykli<\/strong>.<\/p>\n<p class=\"\" data-start=\"2018\" data-end=\"2304\">Ponadto posiada <strong data-start=\"2215\" data-end=\"2249\">wbudowana ochrona przed manipulacj\u0105<\/strong>, co zapewnia dodatkowe zabezpieczenie przed nieautoryzowanym dost\u0119pem.<\/p>\n<p class=\"\" data-start=\"2306\" data-end=\"2336\"><strong data-start=\"2306\" data-end=\"2336\">G\u0142\u00f3wne cechy i korzy\u015bci:<\/strong><\/p>\n<ul data-start=\"2337\" data-end=\"2974\">\n<li class=\"\" data-start=\"2337\" data-end=\"2442\">\n<p class=\"\" data-start=\"2339\" data-end=\"2442\"><strong data-start=\"2339\" data-end=\"2363\">Funkcja prze\u0142\u0105czalna:<\/strong> Mo\u017cliwo\u015b\u0107 przesuwania do przodu i do ty\u0142u w celu dostosowania do r\u00f3\u017cnych zastosowa\u0144 drzwi.<\/p>\n<\/li>\n<li class=\"\" data-start=\"2443\" data-end=\"2581\">\n<p class=\"\" data-start=\"2445\" data-end=\"2581\"><strong data-start=\"2445\" data-end=\"2473\">Zatwierdzone ognioodpornie (E\/EI 120):<\/strong> Posiada certyfikat odporno\u015bci ogniowej do 120 minut, dzi\u0119ki czemu idealnie nadaje si\u0119 do budynk\u00f3w, w kt\u00f3rych obowi\u0105zuj\u0105 wymagania przeciwpo\u017carowe.<\/p>\n<\/li>\n<li class=\"\" data-start=\"2582\" data-end=\"2670\">\n<p class=\"\" data-start=\"2584\" data-end=\"2670\"><strong data-start=\"2584\" data-end=\"2605\">Technologia drukowania list:<\/strong> Wytrzymuje nacisk do 250 kg, nie zak\u0142\u00f3caj\u0105c funkcjonowania drzwi.<\/p>\n<\/li>\n<li class=\"\" data-start=\"2671\" data-end=\"2770\">\n<p class=\"\" data-start=\"2673\" data-end=\"2770\"><strong data-start=\"2673\" data-end=\"2697\">Wysoka wytrzyma\u0142o\u015b\u0107 na rozci\u0105ganie:<\/strong> 1200 kg (12 kN) wytrzymuje obci\u0105\u017cenia fizyczne i manipulacje.<\/p>\n<\/li>\n<li class=\"\" data-start=\"2771\" data-end=\"2889\">\n<p class=\"\" data-start=\"2773\" data-end=\"2889\"><strong data-start=\"2773\" data-end=\"2798\">Wszechstronne zastosowanie:<\/strong> Pasuje do drzwi z zamkami z podw\u00f3jnym zatrzaskiem, w tym do system\u00f3w Connect, Modul i Narrow Profile.<\/p>\n<\/li>\n<li class=\"\" data-start=\"2890\" data-end=\"2974\">\n<p class=\"\" data-start=\"2892\" data-end=\"2974\"><strong data-start=\"2892\" data-end=\"2912\">Monitorowanie drzwi:<\/strong> Prze\u0142\u0105cznik t\u0142okowy wskazuj\u0105cy, czy drzwi s\u0105 zamkni\u0119te lub otwarte.<\/p>\n<\/li>\n<\/ul>\n<p class=\"\" data-start=\"2976\" data-end=\"3287\"><strong data-start=\"2976\" data-end=\"2994\">Zgodno\u015b\u0107:<\/strong> Elektryczna p\u0142ytka zaczepowa ST925 jest kompatybilna z obudowami zamk\u00f3w <strong data-start=\"3043\" data-end=\"3059\">zamek dwuskrzyd\u0142owy<\/strong> w seriach Connect, Modul i Narrow Profile, co czyni je wszechstronnym wyborem do monta\u017cu w r\u00f3\u017cnych zastosowaniach.<\/p>\n<p class=\"\" data-start=\"2976\" data-end=\"3287\">Mo\u017cna go zamontowa\u0107 zar\u00f3wno na drzwiach prawo-, jak i lewoskr\u0119tnych, co zapewnia elastyczno\u015b\u0107 monta\u017cu.<\/p>\n<p class=\"\" data-start=\"3289\" data-end=\"3312\"><strong data-start=\"3289\" data-end=\"3312\">Wymagania dotycz\u0105ce zasilania:<\/strong><\/p>\n<ul data-start=\"3313\" data-end=\"3481\">\n<li class=\"\" data-start=\"3313\" data-end=\"3357\">\n<p class=\"\" data-start=\"3315\" data-end=\"3357\"><strong data-start=\"3315\" data-end=\"3328\">Wolta\u017c:<\/strong> 12 V lub 24 V pr\u0105du sta\u0142ego \u00b115 % -10 %<\/p>\n<\/li>\n<li class=\"\" data-start=\"3358\" data-end=\"3413\">\n<p class=\"\" data-start=\"3360\" data-end=\"3413\"><strong data-start=\"3360\" data-end=\"3381\">Pob\u00f3r mocy:<\/strong> 110 mAh przy 24 V DC (maks. 300 mA)<\/p>\n<\/li>\n<li class=\"\" data-start=\"3414\" data-end=\"3481\">\n<p class=\"\" data-start=\"3416\" data-end=\"3481\"><strong data-start=\"3416\" data-end=\"3432\">Kontakt t\u0142okowy:<\/strong> Mikroprze\u0142\u0105cznik, jednobiegunowy, maks. 30 V DC, 1 A<\/p>\n<\/li>\n<\/ul>","protected":false},"excerpt":{"rendered":"<p>Elektryczna blacha zaczepowa ST925 (STEP 92 Preload) firmy STEP to ognioodporna elektryczna blacha zaczepowa do zamk\u00f3w dwuskrzyd\u0142owych z regulowan\u0105 funkcj\u0105, naciskiem listwy 250 kg i du\u017c\u0105 wytrzyma\u0142o\u015bci\u0105 na zerwanie (1200 kg).<\/p>\n<p>Idealny do drzwi z automatycznym otwieraniem lub klamkami.<\/p>","protected":false},"featured_media":137289,"template":"","meta":{"_acf_changed":false},"product_brand":[],"product_cat":[3355],"product_tag":[4197,4202],"class_list":{"0":"post-92851","1":"product","2":"type-product","3":"status-publish","4":"has-post-thumbnail","6":"product_cat-elslutbleck","7":"product_tag-24v","8":"product_tag-omstallbar-rattvand-omvand","9":"product_shipping_class-tunga-paket","10":"pa_brands-step","11":"tm-no-options","13":"first","14":"instock","15":"sale","16":"taxable","17":"shipping-taxable","18":"purchasable","19":"product-type-simple"},"acf":[],"_links":{"self":[{"href":"https:\/\/secureus.se\/pl\/wp-json\/wp\/v2\/product\/92851","targetHints":{"allow":["GET"]}}],"collection":[{"href":"https:\/\/secureus.se\/pl\/wp-json\/wp\/v2\/product"}],"about":[{"href":"https:\/\/secureus.se\/pl\/wp-json\/wp\/v2\/types\/product"}],"wp:featuredmedia":[{"embeddable":true,"href":"https:\/\/secureus.se\/pl\/wp-json\/wp\/v2\/media\/137289"}],"wp:attachment":[{"href":"https:\/\/secureus.se\/pl\/wp-json\/wp\/v2\/media?parent=92851"}],"wp:term":[{"taxonomy":"product_brand","embeddable":true,"href":"https:\/\/secureus.se\/pl\/wp-json\/wp\/v2\/product_brand?post=92851"},{"taxonomy":"product_cat","embeddable":true,"href":"https:\/\/secureus.se\/pl\/wp-json\/wp\/v2\/product_cat?post=92851"},{"taxonomy":"product_tag","embeddable":true,"href":"https:\/\/secureus.se\/pl\/wp-json\/wp\/v2\/product_tag?post=92851"}],"curies":[{"name":"wp","href":"https:\/\/api.w.org\/{rel}","templated":true}]}}