{"id":92855,"date":"2024-06-16T23:12:02","date_gmt":"2024-06-16T21:12:02","guid":{"rendered":"https:\/\/secureus.se\/?post_type=product&#038;p=92855"},"modified":"2026-04-08T16:37:52","modified_gmt":"2026-04-08T14:37:52","slug":"elslutbleck-es-17m-rattvand","status":"publish","type":"product","link":"https:\/\/secureus.se\/pl\/elslutbleck-es-17m-rattvand\/","title":{"rendered":"Elektryczna p\u0142yta ko\u0144cowa ES 17M Kierowana w prawo"},"content":{"rendered":"<h1>Elektryczna p\u0142yta ko\u0144cowa ES 17M Kierowana w prawo<\/h1>\n<p class=\"\" data-start=\"708\" data-end=\"1045\">Elektrozaczep ES 17M marki SAFETRON to standardowy elektrozaczep \u0142\u0105cz\u0105cy wysok\u0105 wydajno\u015b\u0107 z kompaktow\u0105 konstrukcj\u0105, dzi\u0119ki czemu doskonale nadaje si\u0119 do drzwi o standardowych wymaganiach bezpiecze\u0144stwa.<\/p>\n<p class=\"\" data-start=\"708\" data-end=\"1045\">Szczeg\u00f3lnie nadaje si\u0119 do stosowania w ochronie obiekt\u00f3w budowlanych, jako zamkni\u0119cie wewn\u0119trzne w obiektach handlowych, biurowych i przemys\u0142owych, a tak\u017ce w wej\u015bciach i pomieszczeniach u\u017cyteczno\u015bci publicznej w budynkach mieszkalnych.<\/p>\n<p class=\"\" data-start=\"1047\" data-end=\"1580\">Jedn\u0105 z najbardziej wyr\u00f3\u017cniaj\u0105cych si\u0119 cech ES 17M jest innowacyjna technologia docisku listwy, kt\u00f3ra umo\u017cliwia otwarcie elektrozaczepu nawet wtedy, gdy drzwi zostan\u0105 poddane naciskowi do 150 kg.<\/p>\n<p class=\"\" data-start=\"1047\" data-end=\"1580\">Jest to szczeg\u00f3lnie przydatne w sytuacjach, gdy drzwi s\u0105 nara\u017cone na ci\u015bnienie wywo\u0142ane na przyk\u0142ad nadmiernym ci\u015bnieniem w budynku, \u015bniegiem lub \u017cwirem dostaj\u0105cym si\u0119 do szczeliny drzwiowej lub gdy drzwi s\u0105 lekko krzywe.<\/p>\n<p class=\"\" data-start=\"1047\" data-end=\"1580\">Nacisk listwy jest cz\u0119stym problemem mog\u0105cym powodowa\u0107 przestoje, ale dzi\u0119ki ES 17M problemy te zosta\u0142y wyeliminowane i drzwi dzia\u0142aj\u0105 p\u0142ynnie w ka\u017cdych warunkach.<\/p>\n<p class=\"\" data-start=\"1582\" data-end=\"2080\">Niewielkie rozmiary p\u0142yty elektrozaczepowej sprawiaj\u0105, \u017ce jest ona elastycznym wyborem pod k\u0105tem monta\u017cu. Pasuje praktycznie do ka\u017cdej wn\u0119ki przygotowanej pod standardowe p\u0142ytki elektryczne i mo\u017cna go montowa\u0107 na drzwiach z o\u015bcie\u017cnic\u0105 o szeroko\u015bci 150 mm, dzi\u0119ki czemu idealnie nadaje si\u0119 do drzwi wewn\u0119trznych.<\/p>\n<p class=\"\" data-start=\"1582\" data-end=\"2080\">Dodatkowo, zaczep elektryczny wyposa\u017cony jest w zabezpieczenie antysabota\u017cowe ze stali nierdzewnej, kt\u00f3re uniemo\u017cliwia dost\u0119p do kabla przy\u0142\u0105czeniowego przez otw\u00f3r w s\u0142upku w razie upadku, zapewniaj\u0105c dodatkowe bezpiecze\u0144stwo i estetyczny wygl\u0105d.<\/p>\n<p class=\"\" data-start=\"2082\" data-end=\"2403\">ES 17M charakteryzuje si\u0119 tak\u017ce niskim poborem pr\u0105du, wynosz\u0105cym zaledwie 35 mA przy 24 V DC i 60 mA przy 12 V DC, dzi\u0119ki czemu jest urz\u0105dzeniem energooszcz\u0119dnym i ekonomicznym.<\/p>\n<p class=\"\" data-start=\"2082\" data-end=\"2403\">Standardowo wyposa\u017cony jest tak\u017ce w wy\u0142\u0105cznik popychaj\u0105cy, kt\u00f3ry umo\u017cliwia wskazanie, czy drzwi s\u0105 zamkni\u0119te czy otwarte, co jest praktyczn\u0105 funkcj\u0105 s\u0142u\u017c\u0105c\u0105 do monitoringu i zapewnienia bezpiecze\u0144stwa.<\/p>\n<p class=\"\" data-start=\"2405\" data-end=\"2435\"><strong data-start=\"2405\" data-end=\"2435\">G\u0142\u00f3wne cechy i korzy\u015bci:<\/strong><\/p>\n<ul data-start=\"2436\" data-end=\"3028\">\n<li class=\"\" data-start=\"2436\" data-end=\"2549\">\n<p class=\"\" data-start=\"2438\" data-end=\"2549\"><strong data-start=\"2438\" data-end=\"2459\">Technologia drukowania list:<\/strong> Otwiera si\u0119 nawet wtedy, gdy drzwi s\u0105 poddane naciskowi do 150 kg, zapobiegaj\u0105c przestojom.<\/p>\n<\/li>\n<li class=\"\" data-start=\"2550\" data-end=\"2628\">\n<p class=\"\" data-start=\"2552\" data-end=\"2628\"><strong data-start=\"2552\" data-end=\"2571\">Kompaktowa konstrukcja:<\/strong> Pasuje do standardowych gniazd i umo\u017cliwia \u0142atw\u0105 instalacj\u0119.<\/p>\n<\/li>\n<li class=\"\" data-start=\"2629\" data-end=\"2717\">\n<p class=\"\" data-start=\"2631\" data-end=\"2717\"><strong data-start=\"2631\" data-end=\"2647\">Kontakt t\u0142okowy:<\/strong> Standardowy mikroprze\u0142\u0105cznik wskazuj\u0105cy stan drzwi (zamkni\u0119te\/otwarte).<\/p>\n<\/li>\n<li class=\"\" data-start=\"2718\" data-end=\"2807\">\n<p class=\"\" data-start=\"2720\" data-end=\"2807\"><strong data-start=\"2720\" data-end=\"2745\">Niskie zu\u017cycie energii:<\/strong> 35 mA przy 24 V DC i 60 mA przy 12 V DC zapewnia energooszcz\u0119dn\u0105 prac\u0119.<\/p>\n<\/li>\n<li class=\"\" data-start=\"2808\" data-end=\"2910\">\n<p class=\"\" data-start=\"2810\" data-end=\"2910\"><strong data-start=\"2810\" data-end=\"2828\">Wysoka si\u0142a trzymania:<\/strong> Wytrzymuje obci\u0105\u017cenie do 1500 kg (15 kN), co czyni go solidnym wyborem pod wzgl\u0119dem bezpiecze\u0144stwa.<\/p>\n<\/li>\n<li class=\"\" data-start=\"2911\" data-end=\"3028\">\n<p class=\"\" data-start=\"2913\" data-end=\"3028\"><strong data-start=\"2913\" data-end=\"2946\">Zabezpieczenie antysabota\u017cowe ze stali nierdzewnej:<\/strong> Zapobiega dost\u0119powi do kabla po\u0142\u0105czeniowego i poprawia estetyk\u0119 instalacji.<\/p>\n<\/li>\n<\/ul>\n<p class=\"\" data-start=\"3030\" data-end=\"3266\"><strong data-start=\"3030\" data-end=\"3048\">Zgodno\u015b\u0107:<\/strong> Elektrozaczep ES 17M jest kompatybilny zar\u00f3wno z zamkami jedno-, jak i dwuryglowymi i jest przeznaczony do drzwi o standardowych wymaganiach bezpiecze\u0144stwa.<\/p>\n<p class=\"\" data-start=\"3030\" data-end=\"3266\">Uniwersalna konstrukcja pozwala na monta\u017c na drzwiach otwieranych zar\u00f3wno na praw\u0105, jak i na lew\u0105 stron\u0119.<\/p>\n<p class=\"\" data-start=\"3268\" data-end=\"3291\"><strong data-start=\"3268\" data-end=\"3291\">Wymagania dotycz\u0105ce zasilania:<\/strong><\/p>\n<ul data-start=\"3292\" data-end=\"3426\">\n<li class=\"\" data-start=\"3292\" data-end=\"3326\">\n<p class=\"\" data-start=\"3294\" data-end=\"3326\"><strong data-start=\"3294\" data-end=\"3307\">Wolta\u017c:<\/strong> 12 \u2013 24 V pr\u0105du sta\u0142ego \u00b110 %<\/p>\n<\/li>\n<li class=\"\" data-start=\"3327\" data-end=\"3385\">\n<p class=\"\" data-start=\"3329\" data-end=\"3385\"><strong data-start=\"3329\" data-end=\"3350\">Pob\u00f3r mocy:<\/strong> 35 mA przy 24 V DC, 60 mA przy 12 V DC<\/p>\n<\/li>\n<li class=\"\" data-start=\"3386\" data-end=\"3426\">\n<p class=\"\" data-start=\"3388\" data-end=\"3426\"><strong data-start=\"3388\" data-end=\"3405\">Mikroprze\u0142\u0105cznik:<\/strong> Maks. 30V pr\u0105du sta\u0142ego, 500mA<\/p>\n<\/li>\n<\/ul>","protected":false},"excerpt":{"rendered":"<p>Elektrozaczep ES 17M firmy SAFETRON to kompaktowy elektrozaczep z technologi\u0105 docisku listwy, idealny do drzwi o standardowych wymaganiach bezpiecze\u0144stwa.<\/p>\n<p>Funkcja prawego obrotu, styk t\u0142okowy i niskie zu\u017cycie pr\u0105du, zaledwie 35 mA, sprawiaj\u0105, \u017ce idealnie nadaje si\u0119 do blokowania wewn\u0119trznego.<\/p>","protected":false},"featured_media":138000,"template":"","meta":{"_acf_changed":false},"product_brand":[],"product_cat":[3355],"product_tag":[4196,4200],"class_list":{"0":"post-92855","1":"product","2":"type-product","3":"status-publish","4":"has-post-thumbnail","6":"product_cat-elslutbleck","7":"product_tag-12-24v","8":"product_tag-rattvand","9":"product_shipping_class-tunga-paket","10":"pa_brands-7safetron","11":"pa_farg-zink","12":"tm-no-options","14":"first","15":"instock","16":"sale","17":"taxable","18":"shipping-taxable","19":"purchasable","20":"product-type-simple"},"acf":[],"_links":{"self":[{"href":"https:\/\/secureus.se\/pl\/wp-json\/wp\/v2\/product\/92855","targetHints":{"allow":["GET"]}}],"collection":[{"href":"https:\/\/secureus.se\/pl\/wp-json\/wp\/v2\/product"}],"about":[{"href":"https:\/\/secureus.se\/pl\/wp-json\/wp\/v2\/types\/product"}],"wp:featuredmedia":[{"embeddable":true,"href":"https:\/\/secureus.se\/pl\/wp-json\/wp\/v2\/media\/138000"}],"wp:attachment":[{"href":"https:\/\/secureus.se\/pl\/wp-json\/wp\/v2\/media?parent=92855"}],"wp:term":[{"taxonomy":"product_brand","embeddable":true,"href":"https:\/\/secureus.se\/pl\/wp-json\/wp\/v2\/product_brand?post=92855"},{"taxonomy":"product_cat","embeddable":true,"href":"https:\/\/secureus.se\/pl\/wp-json\/wp\/v2\/product_cat?post=92855"},{"taxonomy":"product_tag","embeddable":true,"href":"https:\/\/secureus.se\/pl\/wp-json\/wp\/v2\/product_tag?post=92855"}],"curies":[{"name":"wp","href":"https:\/\/api.w.org\/{rel}","templated":true}]}}