{"id":92857,"date":"2024-06-16T23:12:02","date_gmt":"2024-06-16T21:12:02","guid":{"rendered":"https:\/\/secureus.se\/?post_type=product&#038;p=92857"},"modified":"2026-02-20T11:46:56","modified_gmt":"2026-02-20T10:46:56","slug":"elslutbleck-st400-step-40-preload","status":"publish","type":"product","link":"https:\/\/secureus.se\/pl\/elslutbleck-st400-step-40-preload\/","title":{"rendered":"Elektryczna p\u0142yta przy\u0142\u0105czeniowa ST400 KROK 40 Napi\u0119cie wst\u0119pne"},"content":{"rendered":"<h1>Elektryczna p\u0142yta przy\u0142\u0105czeniowa ST400 KROK 40 Napi\u0119cie wst\u0119pne<\/h1>\n<p class=\"\" data-start=\"673\" data-end=\"1128\">Elektrozaczep STEP 40 Preload nale\u017cy do serii Preload firmy STEP i oferuje wysoki standard blokowania dziennego.<\/p>\n<p class=\"\" data-start=\"673\" data-end=\"1128\">\u0141\u0105cz\u0105c w sobie niewielkie rozmiary i wysok\u0105 wydajno\u015b\u0107, ten elektrozaczep jest doskona\u0142ym wyborem do drzwi o standardowych wymaganiach bezpiecze\u0144stwa.<\/p>\n<p class=\"\" data-start=\"673\" data-end=\"1128\">Opatentowana technologia docisku listwy pozwala na odblokowanie drzwi nawet przy nacisku do 250 kg, co czyni j\u0105 niezawodnym rozwi\u0105zaniem w przypadku drzwi, kt\u00f3re mog\u0105 by\u0107 nara\u017cone na nacisk lub przeszkody.<\/p>\n<p class=\"\" data-start=\"1130\" data-end=\"1595\">Jedn\u0105 z najbardziej charakterystycznych cech STEP 40 Preload jest jego funkcja prze\u0142\u0105czania. Oznacza to, \u017ce elektrozaczep mo\u017cna dostosowa\u0107 podczas instalacji, aby pasowa\u0142 do r\u00f3\u017cnych typ\u00f3w drzwi i zastosowa\u0144.<\/p>\n<p class=\"\" data-start=\"1130\" data-end=\"1595\">Zapewnia to elastyczno\u015b\u0107 i ni\u017csze koszty obs\u0142ugi podczas instalacji i u\u017cytkowania. Zamek elektryczny ma funkcj\u0119 rewersyjn\u0105, co oznacza, \u017ce zostaje zablokowany w pozycji bez zasilania. Jest to wa\u017cne zabezpieczenie, kt\u00f3re pozwala utrzyma\u0107 drzwi zamkni\u0119te, gdy nie ma zasilania.<\/p>\n<p class=\"\" data-start=\"1597\" data-end=\"2004\">Aby u\u0142atwi\u0107 monta\u017c, elektrozaczep ma konstrukcj\u0119 odwracaln\u0105, co oznacza, \u017ce dzia\u0142a zar\u00f3wno na drzwiach prawo-, jak i lewoskrzyd\u0142owych.<\/p>\n<p class=\"\" data-start=\"1597\" data-end=\"2004\">Ponadto wyposa\u017cony jest w prze\u0142\u0105cznik t\u0142okowy, kt\u00f3ry mo\u017ce sygnalizowa\u0107, czy drzwi s\u0105 zamkni\u0119te czy otwarte, co jest praktyczn\u0105 funkcj\u0105 s\u0142u\u017c\u0105c\u0105 do monitorowania i zapewnienia bezpiecze\u0144stwa.<\/p>\n<p class=\"\" data-start=\"1597\" data-end=\"2004\">Posiada wytrzyma\u0142o\u015b\u0107 na zerwanie si\u0119gaj\u0105c\u0105 1200 kg (12 kN), co czyni j\u0105 bardzo wytrzyma\u0142ym rozwi\u0105zaniem.<\/p>\n<p class=\"\" data-start=\"2006\" data-end=\"2326\">Zamek STEP 40 Preload zosta\u0142 przetestowany fabrycznie, aby wytrzyma\u0107 do 1 500 000 cykli otwar\u0107, a tak\u017ce potwierdzono jego wysok\u0105 trwa\u0142o\u015b\u0107 i odporno\u015b\u0107 na zu\u017cycie.<\/p>\n<p class=\"\" data-start=\"2006\" data-end=\"2326\">Aby zabezpieczy\u0107 uk\u0142ady elektroniczne przed przepi\u0119ciami (szczytami napi\u0119cia), wbudowano diod\u0119 zabezpieczaj\u0105c\u0105, kt\u00f3ra zapobiega uszkodzeniom podzespo\u0142\u00f3w elektronicznych, takich jak zamki kodowe czy czytniki kart.<\/p>\n<p class=\"\" data-start=\"2328\" data-end=\"2358\"><strong data-start=\"2328\" data-end=\"2358\">G\u0142\u00f3wne cechy i korzy\u015bci:<\/strong><\/p>\n<ul data-start=\"2359\" data-end=\"2843\">\n<li class=\"\" data-start=\"2359\" data-end=\"2451\">\n<p class=\"\" data-start=\"2361\" data-end=\"2451\"><strong data-start=\"2361\" data-end=\"2393\">Opatentowana technologia druku paskowego:<\/strong> Umo\u017cliwia otwarcie drzwi pomimo nacisku do 250 kg.<\/p>\n<\/li>\n<li class=\"\" data-start=\"2452\" data-end=\"2517\">\n<p class=\"\" data-start=\"2454\" data-end=\"2517\"><strong data-start=\"2454\" data-end=\"2476\">Prawid\u0142owa funkcja:<\/strong> Zablokowany w pozycji od\u0142\u0105czonej od zasilania w celu zwi\u0119kszenia bezpiecze\u0144stwa.<\/p>\n<\/li>\n<li class=\"\" data-start=\"2518\" data-end=\"2597\">\n<p class=\"\" data-start=\"2520\" data-end=\"2597\"><strong data-start=\"2520\" data-end=\"2536\">Kontakt t\u0142okowy:<\/strong> Mikrowy\u0142\u0105cznik wskazuj\u0105cy stan drzwi (zamkni\u0119te\/otwarte).<\/p>\n<\/li>\n<li class=\"\" data-start=\"2598\" data-end=\"2678\">\n<p class=\"\" data-start=\"2600\" data-end=\"2678\"><strong data-start=\"2600\" data-end=\"2624\">Wysoka wytrzyma\u0142o\u015b\u0107 na rozci\u0105ganie:<\/strong> Wytrzyma\u0142o\u015b\u0107 do 1200 kg (12 kN) zapewnia solidne bezpiecze\u0144stwo.<\/p>\n<\/li>\n<li class=\"\" data-start=\"2679\" data-end=\"2764\">\n<p class=\"\" data-start=\"2681\" data-end=\"2764\"><strong data-start=\"2681\" data-end=\"2703\">Testowana trwa\u0142o\u015b\u0107:<\/strong> Fabrycznie przetestowane na 1 500 000 cykli w celu zapewnienia d\u0142ugotrwa\u0142ego u\u017cytkowania.<\/p>\n<\/li>\n<li class=\"\" data-start=\"2765\" data-end=\"2843\">\n<p class=\"\" data-start=\"2767\" data-end=\"2843\"><strong data-start=\"2767\" data-end=\"2793\">Elastyczna instalacja:<\/strong> Mo\u017cliwo\u015b\u0107 zmiany kierunku otwierania drzwi na prawe i lewe.<\/p>\n<\/li>\n<\/ul>\n<p class=\"\" data-start=\"2845\" data-end=\"3118\"><strong data-start=\"2845\" data-end=\"2863\">Zgodno\u015b\u0107:<\/strong> Elektrozaczep STEP 40 Preload jest kompatybilny z zamkami z pojedynczym i podw\u00f3jnym ryglem i nadaje si\u0119 do drzwi o standardowych wymaganiach bezpiecze\u0144stwa.<\/p>\n<p class=\"\" data-start=\"2845\" data-end=\"3118\">Dzi\u0119ki mo\u017cliwo\u015bci regulacji nadaje si\u0119 do szerokiej gamy drzwi i zastosowa\u0144, od biur po przemys\u0142.<\/p>\n<p class=\"\" data-start=\"3120\" data-end=\"3143\"><strong data-start=\"3120\" data-end=\"3143\">Wymagania dotycz\u0105ce zasilania:<\/strong><\/p>\n<ul data-start=\"3144\" data-end=\"3315\">\n<li class=\"\" data-start=\"3144\" data-end=\"3189\">\n<p class=\"\" data-start=\"3146\" data-end=\"3189\"><strong data-start=\"3146\" data-end=\"3159\">Wolta\u017c:<\/strong> 12 V lub 24 V pr\u0105du sta\u0142ego \u00b115 % \u2013 10 %<\/p>\n<\/li>\n<li class=\"\" data-start=\"3190\" data-end=\"3245\">\n<p class=\"\" data-start=\"3192\" data-end=\"3245\"><strong data-start=\"3192\" data-end=\"3213\">Pob\u00f3r mocy:<\/strong> 110 mAh przy 24 V DC (maks. 300 mA)<\/p>\n<\/li>\n<li class=\"\" data-start=\"3246\" data-end=\"3315\">\n<p class=\"\" data-start=\"3248\" data-end=\"3315\"><strong data-start=\"3248\" data-end=\"3264\">Kontakt t\u0142okowy:<\/strong> Mikrowy\u0142\u0105cznik, prze\u0142\u0105czalny jednobiegunowy, max. 30V pr\u0105du sta\u0142ego, 1A.<\/p>\n<\/li>\n<\/ul>\n<div class=\"col-xs-12 col-md-6\">\n<div id=\"article-description\" class=\"main-content row\">\n<div class=\"col-xs-12 col-md-12\">\n<div class=\"mt-sm\">\n<div class=\"article-description mb-sm\">\n<div><\/div>\n<\/div>\n<\/div>\n<\/div>\n<\/div>\n<\/div>\n<div class=\"col-xs-12 col-md-6\">\n<div class=\"row spec-item-row\">\n<div class=\"col-xs-12 col-sm-6\"><\/div>\n<\/div>\n<\/div>","protected":false},"excerpt":{"rendered":"<p>Zaczep elektryczny STEP 40 Preload firmy STEP przeznaczony jest do ryglowania dziennego, charakteryzuje si\u0119 wysok\u0105 niezawodno\u015bci\u0105 dzia\u0142ania i niewielkimi rozmiarami.<\/p>\n<p>Wyposa\u017cone w technologi\u0119 docisku listwy, kt\u00f3ra wytrzymuje nacisk do 250 kg, a tak\u017ce w styk t\u0142okowy do wykrywania drzwi.<\/p>","protected":false},"featured_media":137994,"template":"","meta":{"_acf_changed":false},"product_brand":[],"product_cat":[3355],"product_tag":[4197],"class_list":{"0":"post-92857","1":"product","2":"type-product","3":"status-publish","4":"has-post-thumbnail","6":"product_cat-elslutbleck","7":"product_tag-24v","8":"product_shipping_class-tunga-paket","9":"pa_brands-step","10":"tm-no-options","12":"first","13":"instock","14":"sale","15":"taxable","16":"shipping-taxable","17":"purchasable","18":"product-type-simple"},"acf":[],"_links":{"self":[{"href":"https:\/\/secureus.se\/pl\/wp-json\/wp\/v2\/product\/92857","targetHints":{"allow":["GET"]}}],"collection":[{"href":"https:\/\/secureus.se\/pl\/wp-json\/wp\/v2\/product"}],"about":[{"href":"https:\/\/secureus.se\/pl\/wp-json\/wp\/v2\/types\/product"}],"wp:featuredmedia":[{"embeddable":true,"href":"https:\/\/secureus.se\/pl\/wp-json\/wp\/v2\/media\/137994"}],"wp:attachment":[{"href":"https:\/\/secureus.se\/pl\/wp-json\/wp\/v2\/media?parent=92857"}],"wp:term":[{"taxonomy":"product_brand","embeddable":true,"href":"https:\/\/secureus.se\/pl\/wp-json\/wp\/v2\/product_brand?post=92857"},{"taxonomy":"product_cat","embeddable":true,"href":"https:\/\/secureus.se\/pl\/wp-json\/wp\/v2\/product_cat?post=92857"},{"taxonomy":"product_tag","embeddable":true,"href":"https:\/\/secureus.se\/pl\/wp-json\/wp\/v2\/product_tag?post=92857"}],"curies":[{"name":"wp","href":"https:\/\/api.w.org\/{rel}","templated":true}]}}