{"id":94469,"date":"2023-02-20T14:15:27","date_gmt":"2023-02-20T13:15:27","guid":{"rendered":"https:\/\/secureus.se\/pir-detector-flx-a-dam\/"},"modified":"2026-05-04T09:09:45","modified_gmt":"2026-05-04T07:09:45","slug":"optex-flx-a-dam-x5-pir-detector","status":"publish","type":"product","link":"https:\/\/secureus.se\/pl\/optex-flx-a-dam-x5-pir-detector\/","title":{"rendered":"Optex FLX-A-DAM-X5 Detektor kombinowany antymaskingowy PIR+mikrofale 15m 85 stopni lub wi\u0105zka o d\u0142ugo\u015bci 24 metr\u00f3w"},"content":{"rendered":"<h1>Optex FLX-A-DAM-X5 to wysokiej jako\u015bci detektor firmy Optex, lidera rynku, kt\u00f3ry zast\u0119puje poprzedni model CDX-DAM i oferuje bardziej zaawansowane i niezawodne rozwi\u0105zanie do wykrywania w pomieszczeniach zamkni\u0119tych.<\/h1>\n<p>Czujka ta \u0142\u0105czy w sobie technologi\u0119 PIR (pasywna podczerwie\u0144) i mikrofalow\u0105, aby zapewni\u0107 dok\u0142adniejsz\u0105 i bezpieczniejsz\u0105 detekcj\u0119 przy ni\u017cszym ryzyku fa\u0142szywych alarm\u00f3w.<\/p>\n<p>Dzi\u0119ki zdolno\u015bci wykrywania, kt\u00f3r\u0105 mo\u017cna dostosowa\u0107 do r\u00f3\u017cnych potrzeb i bardzo niskiej tendencji do fa\u0142szywych alarm\u00f3w, FLX-A-DAM-X5 jest oczywistym wyborem zar\u00f3wno dla \u015brodowisk mieszkalnych, jak i publicznych.<\/p>\n<p>Czujka posiada aprobat\u0119 SBSC w 3 klasie alarmowej, co oznacza, \u017ce spe\u0142nia rygorystyczne normy bezpiecze\u0144stwa i jest dopuszczona do stosowania w profesjonalnych systemach zabezpiecze\u0144.<\/p>\n<p>Dodatkowo FLX-A-DAM-X5 jest odporny na mniejsze zwierz\u0119ta, co czyni go szczeg\u00f3lnie przydatnym w \u015brodowiskach, w kt\u00f3rych obecne s\u0105 ma\u0142e zwierz\u0119ta.<\/p>\n<p>Jedn\u0105 z najbardziej godnych uwagi cech FLX-A-DAM-X5 jest odwracalny obiektyw, kt\u00f3ry umo\u017cliwia dostosowanie obszaru detekcji do konkretnych wymaga\u0144 instalacyjnych.<\/p>\n<p>Oferuje dwie mo\u017cliwo\u015bci wyboru schematu detekcji: wi\u0105zk\u0119 o szeroko\u015bci 15 x 15 metr\u00f3w, kt\u00f3ra jest wst\u0119pnie wybrana i idealna do du\u017cych, otwartych przestrzeni, oraz wi\u0105zk\u0119 o d\u0142ugo\u015bci 24 x 2 metry, kt\u00f3ra doskonale nadaje si\u0119 do zas\u0142aniania w\u0119\u017cszych przej\u015b\u0107 lub okien.<\/p>\n<p>W przypadku zastosowania d\u0142ugiej wi\u0105zki funkcja mikrofal jest wy\u0142\u0105czona, co czyni go uniwersalnym rozwi\u0105zaniem dla r\u00f3\u017cnych typ\u00f3w miejsc instalacji.<\/p>\n<p>FLX-A-DAM-X5 jest r\u00f3wnie\u017c wyposa\u017cony w cyfrowy procesor sygna\u0142owy i now\u0105 konstrukcj\u0119 elementu PIR.<\/p>\n<p>Umo\u017cliwia to czujnikowi dok\u0142adniejsze wykrywanie ruchu i zapewnia niezawodne pokrycie wszystkich cz\u0119\u015bci obszaru monitorowania.<\/p>\n<p>Soczewka sferyczna poprawia r\u00f3wnie\u017c zasi\u0119g i dok\u0142adno\u015b\u0107 wykrywania.<\/p>\n<p>Aby zapewni\u0107 d\u0142ug\u0105 \u017cywotno\u015b\u0107 i niezawodno\u015b\u0107, czujka posiada tak\u017ce zabezpieczenie maskuj\u0105ce, co sprawia, \u017ce jest dobrym wyborem do obiekt\u00f3w u\u017cyteczno\u015bci publicznej, gdzie ryzyko sabota\u017cu jest wi\u0119ksze.<\/p>\n<p>Dodatkowo analiza wielowymiarowa (SMDA) i dwuprzewodowe ekranowanie chroni\u0105 detektor przed zak\u0142\u00f3ceniami zewn\u0119trznymi, kt\u00f3re mog\u0105 mie\u0107 wp\u0142yw na jego dzia\u0142anie.<\/p>\n<p>Czujk\u0119 zaprojektowano z my\u015bl\u0105 o \u0142atwej instalacji i posiada wygodny mechanizm umo\u017cliwiaj\u0105cy \u0142atwe wyjmowanie listew zaciskowych z czujki, co upraszcza okablowanie i pod\u0142\u0105czanie.<\/p>\n<p>Monta\u017c zwykle odbywa si\u0119 na wysoko\u015bci od 2 do 3 metr\u00f3w, co jest zalecan\u0105 wysoko\u015bci\u0105 monta\u017cow\u0105 zapewniaj\u0105c\u0105 najlepsze rezultaty.<\/p>\n<p>FLX-A-DAM-X5 charakteryzuje si\u0119 tak\u017ce nowoczesn\u0105 i trwa\u0142\u0105 konstrukcj\u0105, wykonan\u0105 z tworzywa akrylonitrylowego, dzi\u0119ki czemu jest odporny na dzia\u0142anie \u015bwiat\u0142a UV i zapobiega \u017c\u00f3\u0142kni\u0119ciu w miar\u0119 up\u0142ywu czasu.<\/p>\n<p>Oznacza to, \u017ce zachowuje sw\u00f3j estetyczny wygl\u0105d nawet w nara\u017conym \u015brodowisku.<\/p>\n<p>Podsumowuj\u0105c, Optex FLX-A-DAM-X5 to wysokiej jako\u015bci, elastyczny i niezawodny detektor, kt\u00f3ry \u0142\u0105czy w sobie najnowsz\u0105 technologi\u0119, aby zapewni\u0107 skuteczny i bezpieczny nadz\u00f3r zar\u00f3wno na posesjach prywatnych, jak i komercyjnych.<\/p>\n<p>Jest \u0142atwy w instalacji, ma niski wsp\u00f3\u0142czynnik fa\u0142szywych alarm\u00f3w i oferuje dostosowane opcje wykrywania dla r\u00f3\u017cnych \u015brodowisk.<\/p>\n<p><strong>Dane techniczne:<\/strong><\/p>\n<ul>\n<li><strong>Typ detektora:<\/strong> Detektor kombinowany (PIR + kuchenka mikrofalowa)<\/li>\n<li><strong>Zakres wykrywania:<\/strong> 15 x 15 m (szeroka belka) lub 24 x 2 m (d\u0142uga belka)<\/li>\n<li><strong>Odporno\u015b\u0107 na zwierz\u0119ta:<\/strong> Tak, dla ma\u0142ych zwierz\u0105t<\/li>\n<li><strong>Ochrona maskuj\u0105ca:<\/strong> Tak<\/li>\n<li><strong>Procesor sygna\u0142owy:<\/strong> Cyfrowy<\/li>\n<li><strong>Wysoko\u015b\u0107 monta\u017cu:<\/strong> 2\u20133 metry<\/li>\n<li><strong>Zasilanie:<\/strong> 12 V pr\u0105du sta\u0142ego<\/li>\n<li><strong>Klasa ochrony:<\/strong> IP50<\/li>\n<li><strong>Zakres temperatur:<\/strong> -20\u00b0C do +45\u00b0C<\/li>\n<li><strong>Orzecznictwo:<\/strong> SBSC zaliczone w LK 3<\/li>\n<li><strong>Tworzywo:<\/strong> Tworzywo akrylonitrylowe<\/li>\n<li><strong>Mierzy\u0107:<\/strong> 160 x 62 x 59 mm<\/li>\n<li><strong>Waga:<\/strong> 200 gr<\/li>\n<\/ul>","protected":false},"excerpt":{"rendered":"<p>Optex FLX-A-DAM-X5 to zatwierdzony przez SBSC detektor PIR i mikrofalowy do u\u017cytku w pomieszczeniach, odporny na zwierz\u0119ta i z regulowanym zasi\u0119giem detekcji.<\/p>\n<p>Dzi\u0119ki ochronie przed maskowaniem i niskiej sk\u0142onno\u015bci do fa\u0142szywych alarm\u00f3w czujka idealnie nadaje si\u0119 zar\u00f3wno do obiekt\u00f3w mieszkalnych, jak i publicznych.<\/p>","protected":false},"featured_media":140467,"template":"","meta":{"_acf_changed":false},"product_brand":[],"product_cat":[1325],"product_tag":[2989,2145,2466],"class_list":{"0":"post-94469","1":"product","2":"type-product","3":"status-publish","4":"has-post-thumbnail","6":"product_cat-larmgivare-skalskydd","7":"product_tag-egen-logo-ej-taggar-kort","8":"product_tag-rorelsedetektor-ir-detektorer","9":"product_tag-sbsc-larmklass3","10":"product_shipping_class-postnord-varubrev","11":"pa_brands-optex","12":"tm-no-options","14":"first","15":"instock","16":"sale","17":"featured","18":"taxable","19":"shipping-taxable","20":"purchasable","21":"product-type-simple"},"acf":[],"_links":{"self":[{"href":"https:\/\/secureus.se\/pl\/wp-json\/wp\/v2\/product\/94469","targetHints":{"allow":["GET"]}}],"collection":[{"href":"https:\/\/secureus.se\/pl\/wp-json\/wp\/v2\/product"}],"about":[{"href":"https:\/\/secureus.se\/pl\/wp-json\/wp\/v2\/types\/product"}],"wp:featuredmedia":[{"embeddable":true,"href":"https:\/\/secureus.se\/pl\/wp-json\/wp\/v2\/media\/140467"}],"wp:attachment":[{"href":"https:\/\/secureus.se\/pl\/wp-json\/wp\/v2\/media?parent=94469"}],"wp:term":[{"taxonomy":"product_brand","embeddable":true,"href":"https:\/\/secureus.se\/pl\/wp-json\/wp\/v2\/product_brand?post=94469"},{"taxonomy":"product_cat","embeddable":true,"href":"https:\/\/secureus.se\/pl\/wp-json\/wp\/v2\/product_cat?post=94469"},{"taxonomy":"product_tag","embeddable":true,"href":"https:\/\/secureus.se\/pl\/wp-json\/wp\/v2\/product_tag?post=94469"}],"curies":[{"name":"wp","href":"https:\/\/api.w.org\/{rel}","templated":true}]}}