{"id":94471,"date":"2022-06-29T12:46:19","date_gmt":"2022-06-29T10:46:19","guid":{"rendered":"https:\/\/secureus.se\/ir-detektor-pdm-i18\/"},"modified":"2026-04-08T16:41:14","modified_gmt":"2026-04-08T14:41:14","slug":"ir-detektor-pdm-i18","status":"publish","type":"product","link":"https:\/\/secureus.se\/pl\/ir-detektor-pdm-i18\/","title":{"rendered":"Detektor podczerwieni PDM-I18 \u2013 18 metr\u00f3w szeroki k\u0105t"},"content":{"rendered":"<h1>Detektor podczerwieni PDM-I18 \u2013 18 metr\u00f3w szeroki k\u0105t<\/h1>\n<p data-start=\"299\" data-end=\"1081\">Detektor podczerwieni PDM-I18 to nowoczesny i elegancko zaprojektowany czujnik ruchu o k\u0105cie widzenia 18 metr\u00f3w, dzi\u0119ki czemu idealnie nadaje si\u0119 do r\u00f3\u017cnego rodzaju instalacji.<\/p>\n<p data-start=\"299\" data-end=\"1081\">Dzi\u0119ki udoskonalonemu algorytmowi Visatec i opatentowanemu lustru MAGIC, PDM-I18 gwarantuje niezawodn\u0105 detekcj\u0119 intruz\u00f3w i najwy\u017cszy poziom bezpiecze\u0144stwa przed nieuzasadnionymi alarmami.<br data-start=\"645\" data-end=\"648\" \/>Instalacja zosta\u0142a uwzgl\u0119dniona w nowej procedurze testu przej\u015bcia i nowym systemie EOL, dzi\u0119ki czemu czas instalacji jest niezwykle kr\u00f3tki i efektywny.<br data-start=\"800\" data-end=\"803\" \/>Urz\u0105dzenie PDM-I18 zasilane jest napi\u0119ciem sta\u0142ym 9\u201316 V i charakteryzuje si\u0119 maksymalnym poborem pr\u0105du 4,7 mA (dioda LED w\u0142\u0105czona), co sprawia, \u017ce jest ono zar\u00f3wno energooszcz\u0119dne, jak i niezawodne.<\/p>\n<p data-start=\"299\" data-end=\"1081\">Urz\u0105dzenie jest certyfikowane zgodnie z certyfikatem SBSC 13-333, klasa 1-2, co gwarantuje, \u017ce spe\u0142nia ono najwy\u017csze wymagania bezpiecze\u0144stwa.<\/p>\n<p data-start=\"1083\" data-end=\"1113\"><strong data-start=\"1083\" data-end=\"1111\">Funkcje i zalety:<\/strong><\/p>\n<ul data-start=\"1114\" data-end=\"1512\">\n<li data-start=\"1114\" data-end=\"1173\">\n<p data-start=\"1116\" data-end=\"1173\">18-metrowy szeroki k\u0105t widzenia zapewnia kompleksow\u0105 i dok\u0142adn\u0105 detekcj\u0119<\/p>\n<\/li>\n<li data-start=\"1174\" data-end=\"1255\">\n<p data-start=\"1176\" data-end=\"1255\">Opatentowane lustro MAGIC i algorytm Visatec zapewniaj\u0105ce wysokie bezpiecze\u0144stwo i dok\u0142adno\u015b\u0107<\/p>\n<\/li>\n<li data-start=\"1256\" data-end=\"1321\">\n<p data-start=\"1258\" data-end=\"1321\">Szybka instalacja dzi\u0119ki nowej procedurze testu przej\u015bcia i systemowi EOL<\/p>\n<\/li>\n<li data-start=\"1322\" data-end=\"1370\">\n<p data-start=\"1324\" data-end=\"1370\">Niski pob\u00f3r pr\u0105du (maks. 4,7 mA przy w\u0142\u0105czonej diodzie LED)<\/p>\n<\/li>\n<li data-start=\"1371\" data-end=\"1439\">\n<p data-start=\"1373\" data-end=\"1439\">Certyfikowany zgodnie z certyfikatem SBSC 13-333, klasa 1-2 dla wysokiego poziomu bezpiecze\u0144stwa<\/p>\n<\/li>\n<li data-start=\"1440\" data-end=\"1512\">\n<p data-start=\"1442\" data-end=\"1512\">Kompaktowa i nowoczesna konstrukcja umo\u017cliwiaj\u0105ca \u0142atw\u0105 integracj\u0119 z r\u00f3\u017cnymi instalacjami<\/p>\n<\/li>\n<\/ul>\n<p data-start=\"1514\" data-end=\"1545\"><strong data-start=\"1514\" data-end=\"1543\">Dane techniczne:<\/strong><\/p>\n<ul data-start=\"1546\" data-end=\"1729\">\n<li data-start=\"1546\" data-end=\"1578\">\n<p data-start=\"1548\" data-end=\"1578\">Zasi\u0119g: 18 metr\u00f3w szerokok\u0105tny<\/p>\n<\/li>\n<li data-start=\"1579\" data-end=\"1611\">\n<p data-start=\"1581\" data-end=\"1611\">Zasilanie: 9 \u2013 16 VDC<\/p>\n<\/li>\n<li data-start=\"1612\" data-end=\"1653\">\n<p data-start=\"1614\" data-end=\"1653\">Pob\u00f3r pr\u0105du: maks. 4,7 mA (dioda LED w\u0142\u0105czona)<\/p>\n<\/li>\n<li data-start=\"1654\" data-end=\"1687\">\n<p data-start=\"1656\" data-end=\"1687\">Certyfikat SBSC: 13-333, klasa 1-2<\/p>\n<\/li>\n<li data-start=\"1688\" data-end=\"1729\">\n<p data-start=\"1690\" data-end=\"1729\">Wymiary: Wymiary standardowe dla czujnik\u00f3w PIR<\/p>\n<\/li>\n<\/ul>","protected":false},"excerpt":{"rendered":"<p>Czujnik ruchu MAGIC z k\u0105tem widzenia 18 metr\u00f3w, algorytmem Visatec i niskim poborem mocy.<\/p>\n<p>Wysoki poziom bezpiecze\u0144stwa przed fa\u0142szywymi alarmami i szybki monta\u017c.<\/p>","protected":false},"featured_media":142638,"template":"","meta":{"_acf_changed":false},"product_brand":[],"product_cat":[1325],"product_tag":[2145,2418,2465],"class_list":{"0":"post-94471","1":"product","2":"type-product","3":"status-publish","4":"has-post-thumbnail","6":"product_cat-larmgivare-skalskydd","7":"product_tag-rorelsedetektor-ir-detektorer","8":"product_tag-rel-larmgivare","9":"product_tag-sbsc-larmklass2","10":"product_shipping_class-postnord-varubrev","11":"pa_brands-6vanderbilt","12":"tm-no-options","14":"first","15":"instock","16":"sale","17":"featured","18":"taxable","19":"shipping-taxable","20":"purchasable","21":"product-type-simple"},"acf":[],"_links":{"self":[{"href":"https:\/\/secureus.se\/pl\/wp-json\/wp\/v2\/product\/94471","targetHints":{"allow":["GET"]}}],"collection":[{"href":"https:\/\/secureus.se\/pl\/wp-json\/wp\/v2\/product"}],"about":[{"href":"https:\/\/secureus.se\/pl\/wp-json\/wp\/v2\/types\/product"}],"wp:featuredmedia":[{"embeddable":true,"href":"https:\/\/secureus.se\/pl\/wp-json\/wp\/v2\/media\/142638"}],"wp:attachment":[{"href":"https:\/\/secureus.se\/pl\/wp-json\/wp\/v2\/media?parent=94471"}],"wp:term":[{"taxonomy":"product_brand","embeddable":true,"href":"https:\/\/secureus.se\/pl\/wp-json\/wp\/v2\/product_brand?post=94471"},{"taxonomy":"product_cat","embeddable":true,"href":"https:\/\/secureus.se\/pl\/wp-json\/wp\/v2\/product_cat?post=94471"},{"taxonomy":"product_tag","embeddable":true,"href":"https:\/\/secureus.se\/pl\/wp-json\/wp\/v2\/product_tag?post=94471"}],"curies":[{"name":"wp","href":"https:\/\/api.w.org\/{rel}","templated":true}]}}