{"id":94472,"date":"2022-06-29T12:45:51","date_gmt":"2022-06-29T10:45:51","guid":{"rendered":"https:\/\/secureus.se\/ir-detektor-pdm-i18t\/"},"modified":"2026-04-23T11:08:49","modified_gmt":"2026-04-23T09:08:49","slug":"ir-detektor-pdm-i18t","status":"publish","type":"product","link":"https:\/\/secureus.se\/pl\/ir-detektor-pdm-i18t\/","title":{"rendered":"Detektor podczerwieni PDM-I18T Antymasking - 18 metr\u00f3w szeroki k\u0105t"},"content":{"rendered":"<h1>Detektor podczerwieni PDM-I18T Antymasking - 18 metr\u00f3w szeroki k\u0105t<\/h1>\n<p data-start=\"327\" data-end=\"1330\">Detektor podczerwieni PDM-I18T to elegancki i nowocze\u015bnie zaprojektowany detektor ruchu, kt\u00f3ry \u0142\u0105czy zaawansowane technologie, takie jak optyka lustrzana MAGIC i algorytm Visatec, aby zapewni\u0107 niezawodn\u0105 detekcj\u0119 i wysoki poziom bezpiecze\u0144stwa.<\/p>\n<p data-start=\"327\" data-end=\"1330\">Dzi\u0119ki szerokiemu k\u0105towi widzenia wynosz\u0105cemu 18 metr\u00f3w kamera PDM-I18T doskonale sprawdzi si\u0119 w instalacjach wszelkiego rodzaju, zar\u00f3wno prywatnych, jak i komercyjnych.<br data-start=\"707\" data-end=\"710\" \/>Unikaln\u0105 cech\u0105 urz\u0105dzenia PDM-I18T jest funkcja antymaskingu w czasie rzeczywistym. Umo\u017cliwia ona wykrywanie pr\u00f3b manipulacji i maskowania w czasie rzeczywistym, zapewniaj\u0105c tym samym wy\u017cszy poziom bezpiecze\u0144stwa.<br data-start=\"891\" data-end=\"894\" \/>Urz\u0105dzenie PDM-I18T zosta\u0142o wyposa\u017cone w rozwi\u0105zania u\u0142atwiaj\u0105ce instalacj\u0119, takie jak nowa procedura testu przej\u015bcia i system EOL, dzi\u0119ki kt\u00f3rym instalacja staje si\u0119 szybka i \u0142atwa.<\/p>\n<p data-start=\"327\" data-end=\"1330\">Urz\u0105dzenie charakteryzuje si\u0119 niskim poborem pr\u0105du wynosz\u0105cym 3,9 mA (warto\u015b\u0107 skuteczna) i maksymalnym nat\u0119\u017ceniem szczytowym 6,6 mA, co sprawia, \u017ce jest energooszcz\u0119dne i niezawodne.<br data-start=\"1177\" data-end=\"1180\" \/>Urz\u0105dzenie PDM-I18T jest zgodne z normami EN50131-2-2 stopie\u0144 3, VdS klasa C i SBSC klasa 3\/4, co gwarantuje, \u017ce spe\u0142nia najwy\u017csze standardy bezpiecze\u0144stwa.<\/p>\n<p data-start=\"1332\" data-end=\"1362\"><strong data-start=\"1332\" data-end=\"1360\">Funkcje i zalety:<\/strong><\/p>\n<ul data-start=\"1363\" data-end=\"1823\">\n<li data-start=\"1363\" data-end=\"1412\">\n<p data-start=\"1365\" data-end=\"1412\">18-metrowy szeroki k\u0105t widzenia zapewniaj\u0105cy kompleksow\u0105 detekcj\u0119<\/p>\n<\/li>\n<li data-start=\"1413\" data-end=\"1485\">\n<p data-start=\"1415\" data-end=\"1485\">Funkcja antymaskingu w czasie rzeczywistym do wykrywania manipulacji i maskowania<\/p>\n<\/li>\n<li data-start=\"1486\" data-end=\"1559\">\n<p data-start=\"1488\" data-end=\"1559\">Lustrzana optyka MAGIC i algorytm Visatec zapewniaj\u0105 wysokie bezpiecze\u0144stwo i precyzj\u0119<\/p>\n<\/li>\n<li data-start=\"1560\" data-end=\"1614\">\n<p data-start=\"1562\" data-end=\"1614\">Niski pob\u00f3r mocy (3,9 mA rms, 6,6 mA maks. szczyt)<\/p>\n<\/li>\n<li data-start=\"1615\" data-end=\"1680\">\n<p data-start=\"1617\" data-end=\"1680\">\u0141atwa instalacja dzi\u0119ki nowej procedurze testu przej\u015bcia i systemowi EOL<\/p>\n<\/li>\n<li data-start=\"1681\" data-end=\"1747\">\n<p data-start=\"1683\" data-end=\"1747\">Wyj\u015bcie: 30 VDC \/ 100 mA, NC dla bezpiecznej i elastycznej integracji<\/p>\n<\/li>\n<li data-start=\"1748\" data-end=\"1823\">\n<p data-start=\"1750\" data-end=\"1823\">Certyfikowany zgodnie z norm\u0105 EN50131-2-2 stopie\u0144 3, VdS klasa C i SBSC klasa 3\/4<\/p>\n<\/li>\n<\/ul>\n<p data-start=\"1825\" data-end=\"1856\"><strong data-start=\"1825\" data-end=\"1854\">Dane techniczne:<\/strong><\/p>\n<ul data-start=\"1857\" data-end=\"2177\">\n<li data-start=\"1857\" data-end=\"1889\">\n<p data-start=\"1859\" data-end=\"1889\">Zasi\u0119g: 18 metr\u00f3w szerokok\u0105tny<\/p>\n<\/li>\n<li data-start=\"1890\" data-end=\"1934\">\n<p data-start=\"1892\" data-end=\"1934\">Zasilanie: 9 \u2013 16 VDC (nominalne 12 V)<\/p>\n<\/li>\n<li data-start=\"1935\" data-end=\"1988\">\n<p data-start=\"1937\" data-end=\"1988\">Pob\u00f3r pr\u0105du: 3,9 mA (warto\u015b\u0107 skuteczna), 6,6 mA (maksymalny szczyt)<\/p>\n<\/li>\n<li data-start=\"1989\" data-end=\"2022\">\n<p data-start=\"1991\" data-end=\"2022\">Wyj\u015bcia: 30 VDC \/ 100 mA, NC<\/p>\n<\/li>\n<li data-start=\"2023\" data-end=\"2057\">\n<p data-start=\"2025\" data-end=\"2057\">Wymiary (szer. x wys. x g\u0142.): 64 x 147 x 35 mm<\/p>\n<\/li>\n<li data-start=\"2058\" data-end=\"2124\">\n<p data-start=\"2060\" data-end=\"2124\">Zatwierdzenie: EN50131-2-2 klasa 3, VdS klasa C, SBSC klasa 3\/4<\/p>\n<\/li>\n<li data-start=\"2125\" data-end=\"2177\">\n<p data-start=\"2127\" data-end=\"2177\">Zakres temperatur: Standard dla czujnik\u00f3w PIR<\/p>\n<\/li>\n<\/ul>","protected":false},"excerpt":{"rendered":"<p>Czujnik ruchu MAGIC o k\u0105cie widzenia 18 metr\u00f3w i antymaskingiem w czasie rzeczywistym.<\/p>\n<p>Algorytm Visatec, opatentowane lustro MAGIC i wysokie bezpiecze\u0144stwo zapewniaj\u0105ce niezawodne wykrywanie.<\/p>","protected":false},"featured_media":142197,"template":"","meta":{"_acf_changed":false},"product_brand":[],"product_cat":[1325],"product_tag":[2145,2418,2466],"class_list":{"0":"post-94472","1":"product","2":"type-product","3":"status-publish","4":"has-post-thumbnail","6":"product_cat-larmgivare-skalskydd","7":"product_tag-rorelsedetektor-ir-detektorer","8":"product_tag-rel-larmgivare","9":"product_tag-sbsc-larmklass3","10":"product_shipping_class-postnord-varubrev","11":"pa_brands-6vanderbilt","12":"tm-no-options","14":"first","15":"instock","16":"sale","17":"featured","18":"taxable","19":"shipping-taxable","20":"purchasable","21":"product-type-simple"},"acf":[],"_links":{"self":[{"href":"https:\/\/secureus.se\/pl\/wp-json\/wp\/v2\/product\/94472","targetHints":{"allow":["GET"]}}],"collection":[{"href":"https:\/\/secureus.se\/pl\/wp-json\/wp\/v2\/product"}],"about":[{"href":"https:\/\/secureus.se\/pl\/wp-json\/wp\/v2\/types\/product"}],"wp:featuredmedia":[{"embeddable":true,"href":"https:\/\/secureus.se\/pl\/wp-json\/wp\/v2\/media\/142197"}],"wp:attachment":[{"href":"https:\/\/secureus.se\/pl\/wp-json\/wp\/v2\/media?parent=94472"}],"wp:term":[{"taxonomy":"product_brand","embeddable":true,"href":"https:\/\/secureus.se\/pl\/wp-json\/wp\/v2\/product_brand?post=94472"},{"taxonomy":"product_cat","embeddable":true,"href":"https:\/\/secureus.se\/pl\/wp-json\/wp\/v2\/product_cat?post=94472"},{"taxonomy":"product_tag","embeddable":true,"href":"https:\/\/secureus.se\/pl\/wp-json\/wp\/v2\/product_tag?post=94472"}],"curies":[{"name":"wp","href":"https:\/\/api.w.org\/{rel}","templated":true}]}}