{"id":94473,"date":"2022-06-29T12:45:25","date_gmt":"2022-06-29T10:45:25","guid":{"rendered":"https:\/\/secureus.se\/ir-detektor-pdm-i12t\/"},"modified":"2026-04-08T16:54:03","modified_gmt":"2026-04-08T14:54:03","slug":"ir-detektor-pdm-i12t","status":"publish","type":"product","link":"https:\/\/secureus.se\/pl\/ir-detektor-pdm-i12t\/","title":{"rendered":"Detektor podczerwieni PDM-I12T Antymasking - 12 metr\u00f3w szeroki k\u0105t"},"content":{"rendered":"<h1>Detektor podczerwieni PDM-I12T Antymasking - 12 metr\u00f3w szeroki k\u0105t<\/h1>\n<p data-start=\"330\" data-end=\"1423\">Detektor ruchu z technologi\u0105 Antimask IR PDM-I12T to nowoczesny i elegancko zaprojektowany detektor ruchu, kt\u00f3ry \u0142\u0105czy opatentowane lustro MAGIC i udoskonalony algorytm Visatec, zapewniaj\u0105c precyzyjne i niezawodne wykrywanie intruz\u00f3w.<\/p>\n<p data-start=\"330\" data-end=\"1423\">Dzi\u0119ki 12-metrowemu obszarowi detekcji i funkcji antymaskingu w czasie rzeczywistym urz\u0105dzenie PDM-I12T zapewnia wysoki poziom bezpiecze\u0144stwa i minimalizuje ryzyko fa\u0142szywych alarm\u00f3w zar\u00f3wno w \u015brodowiskach prywatnych, jak i komercyjnych.<br data-start=\"751\" data-end=\"754\" \/>Zaawansowane lustro MAGIC zapewnia, \u017ce detektor skutecznie wychwytuje i \u015bledzi intruz\u00f3w, natomiast opatentowany algorytm Visatec umo\u017cliwia detektorowi PDM-I12T filtrowanie niepo\u017c\u0105danych sygna\u0142\u00f3w i obiekt\u00f3w, kt\u00f3re nie stanowi\u0105 zagro\u017cenia.<br data-start=\"998\" data-end=\"1001\" \/>Urz\u0105dzenie PDM-I12T wyposa\u017cono tak\u017ce w przyjazny u\u017cytkownikowi system instalacji, obejmuj\u0105cy now\u0105 procedur\u0119 testu przej\u015bcia i system EOL, dzi\u0119ki kt\u00f3rym instalacja jest szybka i \u0142atwa.<\/p>\n<p data-start=\"330\" data-end=\"1423\">Dzi\u0119ki niskiemu poborowi pr\u0105du, maks. 6,6 mA (dioda LED W\u0141.) i napi\u0119ciu zasilania 9-16 VDC, detektor jest zar\u00f3wno energooszcz\u0119dny, jak i niezawodny.<\/p>\n<p data-start=\"330\" data-end=\"1423\">Posiada certyfikat SBSC 13-332, klasa 3-4, co gwarantuje, \u017ce spe\u0142nia wysokie standardy bezpiecze\u0144stwa.<\/p>\n<p data-start=\"1425\" data-end=\"1455\"><strong data-start=\"1425\" data-end=\"1453\">Funkcje i zalety:<\/strong><\/p>\n<ul data-start=\"1456\" data-end=\"1905\">\n<li data-start=\"1456\" data-end=\"1513\">\n<p data-start=\"1458\" data-end=\"1513\">12-metrowy szeroki k\u0105t widzenia zapewnia skuteczn\u0105 i dok\u0142adn\u0105 detekcj\u0119<\/p>\n<\/li>\n<li data-start=\"1514\" data-end=\"1587\">\n<p data-start=\"1516\" data-end=\"1587\">Funkcja antymaskingu w czasie rzeczywistym zapobiegaj\u0105ca manipulacjom i maskowaniu<\/p>\n<\/li>\n<li data-start=\"1588\" data-end=\"1661\">\n<p data-start=\"1590\" data-end=\"1661\">Lustrzana optyka MAGIC i algorytm Visatec zapewniaj\u0105 wysokie bezpiecze\u0144stwo i precyzj\u0119<\/p>\n<\/li>\n<li data-start=\"1662\" data-end=\"1710\">\n<p data-start=\"1664\" data-end=\"1710\">Niski pob\u00f3r mocy (maks. 6,6 mA przy w\u0142\u0105czonej diodzie LED)<\/p>\n<\/li>\n<li data-start=\"1711\" data-end=\"1776\">\n<p data-start=\"1713\" data-end=\"1776\">Nowa procedura testu przej\u015bcia i system EOL dla szybkiej instalacji<\/p>\n<\/li>\n<li data-start=\"1777\" data-end=\"1845\">\n<p data-start=\"1779\" data-end=\"1845\">Certyfikowany zgodnie z certyfikatem SBSC 13-332, klasa 3-4 dla wysokiego poziomu bezpiecze\u0144stwa<\/p>\n<\/li>\n<li data-start=\"1846\" data-end=\"1905\">\n<p data-start=\"1848\" data-end=\"1905\">Kompaktowa i elegancka konstrukcja pasuj\u0105ca do ka\u017cdej instalacji<\/p>\n<\/li>\n<\/ul>\n<p data-start=\"1907\" data-end=\"1938\"><strong data-start=\"1907\" data-end=\"1936\">Dane techniczne:<\/strong><\/p>\n<ul data-start=\"1939\" data-end=\"2210\">\n<li data-start=\"1939\" data-end=\"1971\">\n<p data-start=\"1941\" data-end=\"1971\">Zasi\u0119g: 12 metr\u00f3w szeroko\u015bci<\/p>\n<\/li>\n<li data-start=\"1972\" data-end=\"2004\">\n<p data-start=\"1974\" data-end=\"2004\">Zasilanie: 9 \u2013 16 VDC<\/p>\n<\/li>\n<li data-start=\"2005\" data-end=\"2046\">\n<p data-start=\"2007\" data-end=\"2046\">Pob\u00f3r pr\u0105du: maks. 6,6 mA (dioda LED w\u0142\u0105czona)<\/p>\n<\/li>\n<li data-start=\"2047\" data-end=\"2063\">\n<p data-start=\"2049\" data-end=\"2063\">Antymasking: Tak<\/p>\n<\/li>\n<li data-start=\"2064\" data-end=\"2109\">\n<p data-start=\"2066\" data-end=\"2109\">Zatwierdzenie: Certyfikat SBSC 13-332, klasa 3-4<\/p>\n<\/li>\n<li data-start=\"2110\" data-end=\"2159\">\n<p data-start=\"2112\" data-end=\"2159\">Wymiary: Standardowe wymiary dla czujnik\u00f3w PIR\/mikrofalowych<\/p>\n<\/li>\n<li data-start=\"2160\" data-end=\"2210\">\n<p data-start=\"2162\" data-end=\"2210\">Zakres temperatur: Standard dla czujnik\u00f3w PIR<\/p>\n<\/li>\n<\/ul>","protected":false},"excerpt":{"rendered":"<p>Czujnik ruchu MAGIC o k\u0105cie widzenia 12 metr\u00f3w i funkcj\u0105 antymaskingu w czasie rzeczywistym.<\/p>\n<p>Algorytm Visatec i wysokie bezpiecze\u0144stwo zapewniaj\u0105 dok\u0142adne wykrywanie i niezawodn\u0105 prac\u0119.<\/p>","protected":false},"featured_media":142553,"template":"","meta":{"_acf_changed":false},"product_brand":[],"product_cat":[1325],"product_tag":[2145,2466],"class_list":{"0":"post-94473","1":"product","2":"type-product","3":"status-publish","4":"has-post-thumbnail","6":"product_cat-larmgivare-skalskydd","7":"product_tag-rorelsedetektor-ir-detektorer","8":"product_tag-sbsc-larmklass3","9":"product_shipping_class-postnord-varubrev","10":"pa_brands-6vanderbilt","11":"tm-no-options","13":"first","14":"instock","15":"sale","16":"featured","17":"taxable","18":"shipping-taxable","19":"purchasable","20":"product-type-simple"},"acf":[],"_links":{"self":[{"href":"https:\/\/secureus.se\/pl\/wp-json\/wp\/v2\/product\/94473","targetHints":{"allow":["GET"]}}],"collection":[{"href":"https:\/\/secureus.se\/pl\/wp-json\/wp\/v2\/product"}],"about":[{"href":"https:\/\/secureus.se\/pl\/wp-json\/wp\/v2\/types\/product"}],"wp:featuredmedia":[{"embeddable":true,"href":"https:\/\/secureus.se\/pl\/wp-json\/wp\/v2\/media\/142553"}],"wp:attachment":[{"href":"https:\/\/secureus.se\/pl\/wp-json\/wp\/v2\/media?parent=94473"}],"wp:term":[{"taxonomy":"product_brand","embeddable":true,"href":"https:\/\/secureus.se\/pl\/wp-json\/wp\/v2\/product_brand?post=94473"},{"taxonomy":"product_cat","embeddable":true,"href":"https:\/\/secureus.se\/pl\/wp-json\/wp\/v2\/product_cat?post=94473"},{"taxonomy":"product_tag","embeddable":true,"href":"https:\/\/secureus.se\/pl\/wp-json\/wp\/v2\/product_tag?post=94473"}],"curies":[{"name":"wp","href":"https:\/\/api.w.org\/{rel}","templated":true}]}}