{"id":94474,"date":"2022-06-29T12:45:15","date_gmt":"2022-06-29T10:45:15","guid":{"rendered":"https:\/\/secureus.se\/ir-detektor-pdm-i12\/"},"modified":"2026-04-23T11:08:36","modified_gmt":"2026-04-23T09:08:36","slug":"ir-detektor-pdm-i12","status":"publish","type":"product","link":"https:\/\/secureus.se\/pl\/ir-detektor-pdm-i12\/","title":{"rendered":"Detektor podczerwieni PDM-I12 \u2013 12 metr\u00f3w szeroki k\u0105t"},"content":{"rendered":"<h1>Detektor podczerwieni PDM-I12 \u2013 12 metr\u00f3w szeroki k\u0105t<\/h1>\n<p data-start=\"327\" data-end=\"1252\">Detektor podczerwieni PDM-I12 to nowoczesny i elegancko zaprojektowany czujnik ruchu o k\u0105cie widzenia 12 metr\u00f3w, dzi\u0119ki czemu doskonale nadaje si\u0119 do wszystkich typ\u00f3w instalacji.<\/p>\n<p data-start=\"327\" data-end=\"1252\">Dzi\u0119ki opatentowanemu lustru MAGIC i udoskonalonemu algorytmowi Visatec, PDM-I12 oferuje niezawodn\u0105 detekcj\u0119 intruz\u00f3w i najwy\u017csze bezpiecze\u0144stwo przed nieuzasadnionymi alarmami.<br data-start=\"677\" data-end=\"680\" \/>Unikaln\u0105 cech\u0105 detektora PDM-I12 jest odporno\u015b\u0107 na zwierz\u0119ta domowe, kt\u00f3r\u0105 mo\u017cna aktywowa\u0107 za pomoc\u0105 klipsa PO-CL Pet. Dzi\u0119ki temu mo\u017cliwe jest korzystanie z detektora w miejscach, w kt\u00f3rych obecne s\u0105 zwierz\u0119ta domowe, bez ryzyka fa\u0142szywych alarm\u00f3w.<br data-start=\"872\" data-end=\"875\" \/>Aby u\u0142atwi\u0107 instalacj\u0119, PDM-I12 wyposa\u017cono w now\u0105 procedur\u0119 testu przej\u015bcia i system EOL, dzi\u0119ki kt\u00f3rym instalacja jest szybka i \u0142atwa.<\/p>\n<p data-start=\"327\" data-end=\"1252\">Maksymalny pob\u00f3r pr\u0105du wynosi 4,7 mA (dioda LED w\u0142\u0105czona), a napi\u0119cie zasilania wynosi 9\u201316 VDC, co sprawia, \u017ce jest to urz\u0105dzenie energooszcz\u0119dne i niezawodne.<\/p>\n<p data-start=\"327\" data-end=\"1252\">Certyfikacja zgodna z certyfikatem SBSC 13-331, klasa 1-2, gwarantuje, \u017ce PDM-I12 spe\u0142nia najwy\u017csze wymagania bezpiecze\u0144stwa.<\/p>\n<p data-start=\"1254\" data-end=\"1284\"><strong data-start=\"1254\" data-end=\"1282\">Funkcje i zalety:<\/strong><\/p>\n<ul data-start=\"1285\" data-end=\"1770\">\n<li data-start=\"1285\" data-end=\"1342\">\n<p data-start=\"1287\" data-end=\"1342\">12-metrowy szeroki k\u0105t widzenia zapewnia skuteczn\u0105 i dok\u0142adn\u0105 detekcj\u0119<\/p>\n<\/li>\n<li data-start=\"1343\" data-end=\"1429\">\n<p data-start=\"1345\" data-end=\"1429\">Odporno\u015b\u0107 na zwierz\u0119ta (mo\u017cna j\u0105 aktywowa\u0107 za pomoc\u0105 klipsa PO-CL Pet) zapobiegaj\u0105ca fa\u0142szywym alarmom<\/p>\n<\/li>\n<li data-start=\"1430\" data-end=\"1503\">\n<p data-start=\"1432\" data-end=\"1503\">Lustrzana optyka MAGIC i algorytm Visatec zapewniaj\u0105 wysokie bezpiecze\u0144stwo i precyzj\u0119<\/p>\n<\/li>\n<li data-start=\"1504\" data-end=\"1575\">\n<p data-start=\"1506\" data-end=\"1575\">Niski pob\u00f3r mocy (maks. 4,7 mA przy w\u0142\u0105czonej diodzie LED) zapewnia energooszcz\u0119dno\u015b\u0107<\/p>\n<\/li>\n<li data-start=\"1576\" data-end=\"1641\">\n<p data-start=\"1578\" data-end=\"1641\">Nowa procedura testu przej\u015bcia i system EOL dla szybkiej instalacji<\/p>\n<\/li>\n<li data-start=\"1642\" data-end=\"1710\">\n<p data-start=\"1644\" data-end=\"1710\">Certyfikowany zgodnie z certyfikatem SBSC 13-331, klasa 1-2 dla wysokiego poziomu bezpiecze\u0144stwa<\/p>\n<\/li>\n<li data-start=\"1711\" data-end=\"1770\">\n<p data-start=\"1713\" data-end=\"1770\">Kompaktowa i elegancka konstrukcja pasuj\u0105ca do ka\u017cdej instalacji<\/p>\n<\/li>\n<\/ul>\n<p data-start=\"1772\" data-end=\"1803\"><strong data-start=\"1772\" data-end=\"1801\">Dane techniczne:<\/strong><\/p>\n<ul data-start=\"1804\" data-end=\"2101\">\n<li data-start=\"1804\" data-end=\"1836\">\n<p data-start=\"1806\" data-end=\"1836\">Zasi\u0119g: 12 metr\u00f3w szeroko\u015bci<\/p>\n<\/li>\n<li data-start=\"1837\" data-end=\"1869\">\n<p data-start=\"1839\" data-end=\"1869\">Zasilanie: 9 \u2013 16 VDC<\/p>\n<\/li>\n<li data-start=\"1870\" data-end=\"1911\">\n<p data-start=\"1872\" data-end=\"1911\">Pob\u00f3r pr\u0105du: maks. 4,7 mA (dioda LED w\u0142\u0105czona)<\/p>\n<\/li>\n<li data-start=\"1912\" data-end=\"1960\">\n<p data-start=\"1914\" data-end=\"1960\">Odporno\u015b\u0107 na zwierz\u0119ta: Tak (za po\u015brednictwem klipsa PO-CL Pet)<\/p>\n<\/li>\n<li data-start=\"1961\" data-end=\"2006\">\n<p data-start=\"1963\" data-end=\"2006\">Zatwierdzenie: Certyfikat SBSC 13-331, klasa 1-2<\/p>\n<\/li>\n<li data-start=\"2007\" data-end=\"2048\">\n<p data-start=\"2009\" data-end=\"2048\">Wymiary: Wymiary standardowe dla czujnik\u00f3w PIR<\/p>\n<\/li>\n<li data-start=\"2049\" data-end=\"2101\">\n<p data-start=\"2051\" data-end=\"2101\">Zakres temperatur: Standard dla czujnik\u00f3w PIR<\/p>\n<\/li>\n<\/ul>","protected":false},"excerpt":{"rendered":"<p>Czujnik ruchu MAGIC z k\u0105tem widzenia 12 metr\u00f3w, algorytmem Visatec i odporno\u015bci\u0105 na zwierz\u0119ta (za po\u015brednictwem klipsa PO-CL Pet).<\/p>\n<p>Niezawodne wykrywanie i wysokie bezpiecze\u0144stwo przy niskim zu\u017cyciu energii.<\/p>","protected":false},"featured_media":142492,"template":"","meta":{"_acf_changed":false},"product_brand":[],"product_cat":[1325],"product_tag":[2145,2465],"class_list":{"0":"post-94474","1":"product","2":"type-product","3":"status-publish","4":"has-post-thumbnail","6":"product_cat-larmgivare-skalskydd","7":"product_tag-rorelsedetektor-ir-detektorer","8":"product_tag-sbsc-larmklass2","9":"product_shipping_class-postnord-varubrev","10":"pa_brands-6vanderbilt","11":"tm-no-options","13":"first","14":"instock","15":"sale","16":"featured","17":"taxable","18":"shipping-taxable","19":"purchasable","20":"product-type-simple"},"acf":[],"_links":{"self":[{"href":"https:\/\/secureus.se\/pl\/wp-json\/wp\/v2\/product\/94474","targetHints":{"allow":["GET"]}}],"collection":[{"href":"https:\/\/secureus.se\/pl\/wp-json\/wp\/v2\/product"}],"about":[{"href":"https:\/\/secureus.se\/pl\/wp-json\/wp\/v2\/types\/product"}],"wp:featuredmedia":[{"embeddable":true,"href":"https:\/\/secureus.se\/pl\/wp-json\/wp\/v2\/media\/142492"}],"wp:attachment":[{"href":"https:\/\/secureus.se\/pl\/wp-json\/wp\/v2\/media?parent=94474"}],"wp:term":[{"taxonomy":"product_brand","embeddable":true,"href":"https:\/\/secureus.se\/pl\/wp-json\/wp\/v2\/product_brand?post=94474"},{"taxonomy":"product_cat","embeddable":true,"href":"https:\/\/secureus.se\/pl\/wp-json\/wp\/v2\/product_cat?post=94474"},{"taxonomy":"product_tag","embeddable":true,"href":"https:\/\/secureus.se\/pl\/wp-json\/wp\/v2\/product_tag?post=94474"}],"curies":[{"name":"wp","href":"https:\/\/api.w.org\/{rel}","templated":true}]}}