{"id":94476,"date":"2022-03-10T15:47:00","date_gmt":"2022-03-10T14:47:00","guid":{"rendered":"https:\/\/secureus.se\/optex-ir-detektor-cx-702-21x21m-45x42m-vandbar-lins-sbsc-klass-2\/"},"modified":"2025-12-31T19:55:59","modified_gmt":"2025-12-31T18:55:59","slug":"optex-ir-detektor-cx-702-21x21m-45x42m-vandbar-lins-sbsc-klass-2","status":"publish","type":"product","link":"https:\/\/secureus.se\/pl\/optex-ir-detektor-cx-702-21x21m-45x42m-vandbar-lins-sbsc-klass-2\/","title":{"rendered":"Optex CX-702 (21x21m) \/ (45\u00d74, 2m) Soczewka odwracalna"},"content":{"rendered":"<h1>Optex CX-702 to wysokowydajny detektor podczerwieni zaprojektowany z my\u015bl\u0105 o zapewnieniu najwy\u017cszego bezpiecze\u0144stwa i niezawodno\u015bci.<\/h1>\n<p>Dzi\u0119ki zatwierdzeniu przez SBSC klasy alarmowej 2 czujka ta jest pierwszym wyborem zar\u00f3wno do zastosowa\u0144 komercyjnych, jak i mieszkaniowych, gdzie bezpiecze\u0144stwo jest spraw\u0105 najwy\u017cszej wagi.<\/p>\n<p>Elastyczna konstrukcja z odwracalnym obiektywem i zaawansowane technologie sprawiaj\u0105, \u017ce jest to wszechstronne i innowacyjne rozwi\u0105zanie spe\u0142niaj\u0105ce r\u00f3\u017cnorodne potrzeby.<\/p>\n<h4>Elastyczny nadz\u00f3r z odwracalnym obiektywem<\/h4>\n<p>Kamera CX-702 jest wyposa\u017cona w odwracaln\u0105 soczewk\u0119, kt\u00f3ra oferuje dwa r\u00f3\u017cne sposoby wykrywania:<\/p>\n<ul>\n<li><strong>Szeroka wi\u0105zka:<\/strong> Zasi\u0119g do 21\u00d721 metr\u00f3w w przypadku du\u017cych pomieszcze\u0144 lub otwartych przestrzeni.<\/li>\n<li><strong>D\u0142uga belka:<\/strong> Zasi\u0119g do 45\u00d74,2 m w przypadku korytarzy lub pod\u0142u\u017cnych przestrzeni.<\/li>\n<\/ul>\n<p>Dzi\u0119ki temu mo\u017cliwe jest dostosowanie czujki do wymaga\u0144 konkretnej lokalizacji i zapewnienie optymalnego zasi\u0119gu.<\/p>\n<h4>Opatentowana technologia zapewniaj\u0105ca maksymaln\u0105 wydajno\u015b\u0107<\/h4>\n<p>CX-702 wykorzystuje dwie z najbardziej zaawansowanych technologii OPTEX:<\/p>\n<ol>\n<li><strong>Optyka MULTI-FOCUS:<\/strong> Tworzy g\u0119ste pionowe strefy wykrywania, zapewniaj\u0105c wi\u0119ksz\u0105 precyzj\u0119 i minimalne martwe punkty.<\/li>\n<li><strong>Podw\u00f3jne ekranowanie przewodz\u0105ce (DCS):<\/strong> Chroni czujnik przed zak\u0142\u00f3ceniami ze strony \u015bwiat\u0142a bia\u0142ego (do 50 000 luks\u00f3w) i p\u00f3l elektromagnetycznych, zapewniaj\u0105c stabiln\u0105 prac\u0119 nawet w trudnych warunkach.<\/li>\n<\/ol>\n<h4>Technologia ECO zapewniaj\u0105ca bezpiecze\u0144stwo przyjazne dla \u015brodowiska<\/h4>\n<p>Wbudowany <strong>Technologia EKO<\/strong> (Kompensacja \u015arodowiska) sprawia, \u017ce CX-702 jest wysoce odporny na zmiany temperatury i zak\u0142\u00f3cenia RFI.<\/p>\n<p>Dostosowuj\u0105c dzia\u0142anie czujnika w czasie rzeczywistym, mo\u017cna wykluczy\u0107 zak\u0142\u00f3cenia otoczenia, kt\u00f3re w przeciwnym razie mog\u0142yby prowadzi\u0107 do fa\u0142szywych alarm\u00f3w.<\/p>\n<h4>Solidny i energooszcz\u0119dny<\/h4>\n<p>CX-702 zosta\u0142 zaprojektowany z my\u015bl\u0105 o d\u0142ugotrwa\u0142ej wydajno\u015bci dzi\u0119ki zamkni\u0119tej elektronice i silnej ochronie przed stanami nieustalonymi i elektryczno\u015bci\u0105 statyczn\u0105.<\/p>\n<p>Charakteryzuje si\u0119 r\u00f3wnie\u017c niskim poborem pr\u0105du wynosz\u0105cym zaledwie 8 mA, co czyni go ekonomicznym w eksploatacji.<\/p>\n<h4>Dane techniczne<\/h4>\n<ul>\n<li><strong>Obszar pokrycia:<\/strong>\n<ul>\n<li>Szeroka belka: 21\u00d721 metr\u00f3w<\/li>\n<li>\u015awiat\u0142o drogowe: 45\u00d74,2 metra<\/li>\n<\/ul>\n<\/li>\n<li><strong>Klasa alarmu:<\/strong> SBSC Klasa alarmowa 2<\/li>\n<li><strong>Technologia:<\/strong> Optyka MULTI-FOCUS i DCS<\/li>\n<li><strong>Odporno\u015b\u0107 na \u015bwiat\u0142o bia\u0142e:<\/strong> Do 50 000 luks\u00f3w<\/li>\n<li><strong>Pob\u00f3r mocy:<\/strong> 8mA<\/li>\n<li><strong>Ochrona:<\/strong> Kompensacja temperatury i silna ochrona przed zak\u0142\u00f3ceniami<\/li>\n<li><strong>Obszary zastosowania:<\/strong> Wewn\u0105trz i na zewn\u0105trz w zale\u017cno\u015bci od potrzeb<\/li>\n<\/ul>\n<h4>Zalety Optex CX-702<\/h4>\n<ul>\n<li>Mo\u017cliwo\u015b\u0107 dostosowania zasi\u0119gu dzi\u0119ki odwracalnej soczewce.<\/li>\n<li>Zaawansowana ochrona przed wp\u0142ywem i zak\u0142\u00f3ceniami \u015brodowiska.<\/li>\n<li>Certyfikowane bezpiecze\u0144stwo z klas\u0105 alarmow\u0105 SBSC 2.<\/li>\n<li>Wysoka precyzja i niezawodno\u015b\u0107 w wymagaj\u0105cych \u015brodowiskach.<\/li>\n<li>Niski pob\u00f3r mocy zapewniaj\u0105cy ekonomiczn\u0105 prac\u0119.<\/li>\n<\/ul>\n<h4>Obszary zastosowa\u0144<\/h4>\n<p>CX-702 nadaje si\u0119 do:<\/p>\n<ul>\n<li>Nieruchomo\u015bci komercyjne, takie jak magazyny i biura.<\/li>\n<li>Bezpiecze\u0144stwo na terenach mieszkalnych i willach.<\/li>\n<li>Du\u017ce przestrzenie wewn\u0119trzne lub korytarze wymagaj\u0105ce detekcji dalekiego zasi\u0119gu.<\/li>\n<\/ul>\n<p>Dzi\u0119ki solidnej konstrukcji i zaawansowanym funkcjom Optex CX-702 to najnowocze\u015bniejsze rozwi\u0105zanie bezpiecze\u0144stwa, kt\u00f3re \u0142\u0105czy w sobie innowacj\u0119, jako\u015b\u0107 i wydajno\u015b\u0107.<\/p>","protected":false},"excerpt":{"rendered":"<p>Optex CX-702 to zaawansowany detektor podczerwieni z odwracaln\u0105 soczewk\u0105, kt\u00f3ry zapewnia pokrycie szerok\u0105 wi\u0105zk\u0105 (21x21m) lub d\u0142ug\u0105 wi\u0105zk\u0105 (45x4,2m).<\/p>\n<p>Dzi\u0119ki klasie alarmowej SBSC 2 i opatentowanej technologii idealnie nadaje si\u0119 do \u015brodowisk o wysokim poziomie bezpiecze\u0144stwa.<\/p>","protected":false},"featured_media":145364,"template":"","meta":{"_acf_changed":false},"product_brand":[],"product_cat":[1325],"product_tag":[2145,2418,2465],"class_list":{"0":"post-94476","1":"product","2":"type-product","3":"status-publish","4":"has-post-thumbnail","6":"product_cat-larmgivare-skalskydd","7":"product_tag-rorelsedetektor-ir-detektorer","8":"product_tag-rel-larmgivare","9":"product_tag-sbsc-larmklass2","10":"product_shipping_class-postnord-varubrev","11":"pa_brands-optex","12":"tm-no-options","14":"first","15":"onbackorder","16":"sale","17":"featured","18":"taxable","19":"shipping-taxable","20":"purchasable","21":"product-type-simple"},"acf":[],"_links":{"self":[{"href":"https:\/\/secureus.se\/pl\/wp-json\/wp\/v2\/product\/94476","targetHints":{"allow":["GET"]}}],"collection":[{"href":"https:\/\/secureus.se\/pl\/wp-json\/wp\/v2\/product"}],"about":[{"href":"https:\/\/secureus.se\/pl\/wp-json\/wp\/v2\/types\/product"}],"wp:featuredmedia":[{"embeddable":true,"href":"https:\/\/secureus.se\/pl\/wp-json\/wp\/v2\/media\/145364"}],"wp:attachment":[{"href":"https:\/\/secureus.se\/pl\/wp-json\/wp\/v2\/media?parent=94476"}],"wp:term":[{"taxonomy":"product_brand","embeddable":true,"href":"https:\/\/secureus.se\/pl\/wp-json\/wp\/v2\/product_brand?post=94476"},{"taxonomy":"product_cat","embeddable":true,"href":"https:\/\/secureus.se\/pl\/wp-json\/wp\/v2\/product_cat?post=94476"},{"taxonomy":"product_tag","embeddable":true,"href":"https:\/\/secureus.se\/pl\/wp-json\/wp\/v2\/product_tag?post=94476"}],"curies":[{"name":"wp","href":"https:\/\/api.w.org\/{rel}","templated":true}]}}