{"id":94480,"date":"2022-03-10T15:47:00","date_gmt":"2022-03-10T14:47:00","guid":{"rendered":"https:\/\/secureus.se\/optex-ir-detektor-mw-fmx-dst-kombi-15x15-meter-husdjur-sbsc-klass-2\/"},"modified":"2026-02-20T11:29:44","modified_gmt":"2026-02-20T10:29:44","slug":"optex-ir-detektor-mw-fmx-dst-kombi-15x15-meter-husdjur-sbsc-klass-2","status":"publish","type":"product","link":"https:\/\/secureus.se\/pl\/optex-ir-detektor-mw-fmx-dst-kombi-15x15-meter-husdjur-sbsc-klass-2\/","title":{"rendered":"Optex FMX-DST \u2013 Detektor podczerwieni \u2013 15\u00d715 metr\u00f3w Zwierz\u0119ta domowe"},"content":{"rendered":"<h1 data-start=\"511\" data-end=\"598\">Optex FMX-DST \u2013 Wewn\u0119trzny czujnik ruchu o wysokiej precyzji i niskim wska\u017aniku fa\u0142szywych alarm\u00f3w<\/h1>\n<p class=\"\" data-start=\"600\" data-end=\"888\"><strong data-start=\"600\" data-end=\"617\">Optex FMX-DST<\/strong> to wysoce wydajny pasywny czujnik ruchu na podczerwie\u0144 (PIR) przeznaczony do stosowania wewn\u0105trz pomieszcze\u0144, na przyk\u0142ad w willach, biurach i obiektach komercyjnych. Detektor oferuje <strong data-start=\"783\" data-end=\"813\">Pokrycie o szeroko\u015bci 15\u00d715 metr\u00f3w<\/strong> o k\u0105cie 85\u00b0, zoptymalizowany do monta\u017cu na wysoko\u015bci od 2,2 do 3,0 metr\u00f3w.<\/p>\n<p class=\"\" data-start=\"890\" data-end=\"1175\">Dzi\u0119ki inteligentnemu <strong data-start=\"917\" data-end=\"945\">Cyfrowa logika strefowa Quad Zone\u2122<\/strong> ruchy s\u0105 analizowane z niezwyk\u0142\u0105 dok\u0142adno\u015bci\u0105. W ka\u017cdym punkcie stosowane s\u0105 co najmniej cztery nak\u0142adaj\u0105ce si\u0119 strefy, aby ustali\u0107, czy alarm powinien zosta\u0107 uruchomiony, co skutecznie zmniejsza ryzyko fa\u0142szywych alarm\u00f3w \u2013 nawet w obecno\u015bci mniejszych zwierz\u0105t, takich jak koty domowe.<\/p>\n<p class=\"\" data-start=\"1177\" data-end=\"1341\">FMX-DST jest r\u00f3wnie\u017c wyposa\u017cony w <strong data-start=\"1210\" data-end=\"1241\">Podw\u00f3jne ekranowanie przewodz\u0105ce<\/strong>, dzi\u0119ki czemu urz\u0105dzenie pracuje stabilnie nawet w \u015brodowiskach o silnym nas\u0142onecznieniu lub zak\u0142\u00f3ceniach elektrycznych.<\/p>\n<hr class=\"\" data-start=\"1343\" data-end=\"1346\" \/>\n<h3 class=\"\" data-start=\"1348\" data-end=\"1363\">Zalety:<\/h3>\n<ul data-start=\"1364\" data-end=\"1749\">\n<li class=\"\" data-start=\"1364\" data-end=\"1431\">\n<p class=\"\" data-start=\"1366\" data-end=\"1431\"><strong data-start=\"1366\" data-end=\"1379\">Odporny na zwierz\u0119ta<\/strong> \u2013 rozpoznaje r\u00f3\u017cnice mi\u0119dzy lud\u017ami a ma\u0142ymi zwierz\u0119tami<\/p>\n<\/li>\n<li class=\"\" data-start=\"1432\" data-end=\"1493\">\n<p class=\"\" data-start=\"1434\" data-end=\"1493\"><strong data-start=\"1434\" data-end=\"1452\">Wysoka czu\u0142o\u015b\u0107<\/strong> \u2013 regulowany w trzech poziomach (niski\/\u015bredni\/wysoki)<\/p>\n<\/li>\n<li class=\"\" data-start=\"1494\" data-end=\"1552\">\n<p class=\"\" data-start=\"1496\" data-end=\"1552\"><strong data-start=\"1496\" data-end=\"1515\">Mocna ochrona przeciws\u0142oneczna<\/strong> \u2013 poprzez wbudowany filtr bi-przewodz\u0105cy<\/p>\n<\/li>\n<li class=\"\" data-start=\"1553\" data-end=\"1625\">\n<p class=\"\" data-start=\"1555\" data-end=\"1625\"><strong data-start=\"1555\" data-end=\"1575\">Zaawansowana analiza<\/strong> \u2013 redukuje fa\u0142szywe alarmy dzi\u0119ki cyfrowej logice strefowej Quad Zone<\/p>\n<\/li>\n<li class=\"\" data-start=\"1626\" data-end=\"1681\">\n<p class=\"\" data-start=\"1628\" data-end=\"1681\"><strong data-start=\"1628\" data-end=\"1653\">Niskie zu\u017cycie energii<\/strong> \u2013 tylko 8-11 mA przy 12 VDC<\/p>\n<\/li>\n<li class=\"\" data-start=\"1682\" data-end=\"1749\">\n<p class=\"\" data-start=\"1684\" data-end=\"1749\"><strong data-start=\"1684\" data-end=\"1706\">Szybka instalacja<\/strong> \u2013 Obs\u0142uga modu\u0142u ko\u0144cowego linii (PEU)<\/p>\n<\/li>\n<\/ul>\n<hr class=\"\" data-start=\"1751\" data-end=\"1754\" \/>\n<h3 class=\"\" data-start=\"1756\" data-end=\"1785\">Specyfikacja techniczna:<\/h3>\n<ul data-start=\"1786\" data-end=\"2109\">\n<li class=\"\" data-start=\"1786\" data-end=\"1821\">\n<p class=\"\" data-start=\"1788\" data-end=\"1821\"><strong data-start=\"1788\" data-end=\"1798\">Technika<\/strong>: Pasywna podczerwie\u0144 (PIR)<\/p>\n<\/li>\n<li class=\"\" data-start=\"1822\" data-end=\"1855\">\n<p class=\"\" data-start=\"1824\" data-end=\"1855\"><strong data-start=\"1824\" data-end=\"1836\">Zasi\u0119g<\/strong>: 15m x 15m (85\u00b0)<\/p>\n<\/li>\n<li class=\"\" data-start=\"1856\" data-end=\"1871\">\n<p class=\"\" data-start=\"1858\" data-end=\"1871\"><strong data-start=\"1858\" data-end=\"1867\">Strefy<\/strong>: 78<\/p>\n<\/li>\n<li class=\"\" data-start=\"1872\" data-end=\"1905\">\n<p class=\"\" data-start=\"1874\" data-end=\"1905\"><strong data-start=\"1874\" data-end=\"1892\">Wysoko\u015b\u0107 monta\u017cu<\/strong>: 2,2 \u2013 3,0m<\/p>\n<\/li>\n<li class=\"\" data-start=\"1906\" data-end=\"1956\">\n<p class=\"\" data-start=\"1908\" data-end=\"1956\"><strong data-start=\"1908\" data-end=\"1928\">Zu\u017cycie energii<\/strong>: 8mA (normalnie), 11mA (maksymalnie)<\/p>\n<\/li>\n<li class=\"\" data-start=\"1957\" data-end=\"1996\">\n<p class=\"\" data-start=\"1959\" data-end=\"1996\"><strong data-start=\"1959\" data-end=\"1978\">Zakres temperatur<\/strong>: -20\u00b0C do +50\u00b0C<\/p>\n<\/li>\n<li class=\"\" data-start=\"1997\" data-end=\"2031\">\n<p class=\"\" data-start=\"1999\" data-end=\"2031\"><strong data-start=\"1999\" data-end=\"2007\">Mierzy\u0107<\/strong>: 111,7 x 61,4 x 50,0 mm<\/p>\n<\/li>\n<li class=\"\" data-start=\"2032\" data-end=\"2052\">\n<p class=\"\" data-start=\"2034\" data-end=\"2052\"><strong data-start=\"2034\" data-end=\"2042\">Waga<\/strong>: oko\u0142o 100g<\/p>\n<\/li>\n<li class=\"\" data-start=\"2053\" data-end=\"2109\">\n<p class=\"\" data-start=\"2055\" data-end=\"2109\"><strong data-start=\"2055\" data-end=\"2073\">Wilgotno\u015b\u0107 otoczenia<\/strong>: do 95 % (bez kondensacji)<\/p>\n<\/li>\n<\/ul>\n<hr class=\"\" data-start=\"2111\" data-end=\"2114\" \/>\n<h3 class=\"\" data-start=\"2116\" data-end=\"2140\">Idealnie pasuje do:<\/h3>\n<ul data-start=\"2141\" data-end=\"2215\">\n<li class=\"\" data-start=\"2141\" data-end=\"2169\">\n<p class=\"\" data-start=\"2143\" data-end=\"2169\">Salon, sypialnia, biuro<\/p>\n<\/li>\n<li class=\"\" data-start=\"2170\" data-end=\"2189\">\n<p class=\"\" data-start=\"2172\" data-end=\"2189\">Wille i domy szeregowe<\/p>\n<\/li>\n<li class=\"\" data-start=\"2190\" data-end=\"2215\">\n<p class=\"\" data-start=\"2192\" data-end=\"2215\">L\u017cejsze \u015brodowiska biznesowe<\/p>\n<\/li>\n<\/ul>\n<hr class=\"\" data-start=\"2217\" data-end=\"2220\" \/>\n<p class=\"\" data-start=\"2222\" data-end=\"2382\">Zapewnij swojemu systemowi bezpiecze\u0144stwa bezpieczne i stabilne podstawy dzi\u0119ki <strong data-start=\"2276\" data-end=\"2293\">Optex FMX-DST<\/strong> \u2013 profesjonalny czujnik ruchu \u0142\u0105cz\u0105cy w sobie zaawansowan\u0105 technologi\u0119 z niezawodn\u0105 funkcjonalno\u015bci\u0105.<\/p>","protected":false},"excerpt":{"rendered":"<p><strong data-start=\"207\" data-end=\"224\">Optex FMX-DST<\/strong> to zaawansowany wewn\u0119trzny czujnik ruchu z technologi\u0105 PIR, idealny do willi i mniejszych pomieszcze\u0144. Dzi\u0119ki zasi\u0119gowi 15\u00d715 metr\u00f3w, cyfrowej logice strefowej i konstrukcji odpornej na zwierz\u0119ta, liczba fa\u0142szywych alarm\u00f3w jest skutecznie ograniczona \u2013 nawet w miejscach nas\u0142onecznionych.<\/p>","protected":false},"featured_media":145333,"template":"","meta":{"_acf_changed":false},"product_brand":[],"product_cat":[1325],"product_tag":[2146,2418,2465],"class_list":{"0":"post-94480","1":"product","2":"type-product","3":"status-publish","4":"has-post-thumbnail","6":"product_cat-larmgivare-skalskydd","7":"product_tag-rorelsedetektor-kombidetektorer","8":"product_tag-rel-larmgivare","9":"product_tag-sbsc-larmklass2","10":"product_shipping_class-postnord-varubrev","11":"pa_brands-optex","12":"tm-no-options","14":"first","15":"onbackorder","16":"sale","17":"featured","18":"taxable","19":"shipping-taxable","20":"purchasable","21":"product-type-simple"},"acf":[],"_links":{"self":[{"href":"https:\/\/secureus.se\/pl\/wp-json\/wp\/v2\/product\/94480","targetHints":{"allow":["GET"]}}],"collection":[{"href":"https:\/\/secureus.se\/pl\/wp-json\/wp\/v2\/product"}],"about":[{"href":"https:\/\/secureus.se\/pl\/wp-json\/wp\/v2\/types\/product"}],"wp:featuredmedia":[{"embeddable":true,"href":"https:\/\/secureus.se\/pl\/wp-json\/wp\/v2\/media\/145333"}],"wp:attachment":[{"href":"https:\/\/secureus.se\/pl\/wp-json\/wp\/v2\/media?parent=94480"}],"wp:term":[{"taxonomy":"product_brand","embeddable":true,"href":"https:\/\/secureus.se\/pl\/wp-json\/wp\/v2\/product_brand?post=94480"},{"taxonomy":"product_cat","embeddable":true,"href":"https:\/\/secureus.se\/pl\/wp-json\/wp\/v2\/product_cat?post=94480"},{"taxonomy":"product_tag","embeddable":true,"href":"https:\/\/secureus.se\/pl\/wp-json\/wp\/v2\/product_tag?post=94480"}],"curies":[{"name":"wp","href":"https:\/\/api.w.org\/{rel}","templated":true}]}}