{"id":94862,"date":"2024-07-04T10:34:25","date_gmt":"2024-07-04T08:34:25","guid":{"rendered":"https:\/\/secureus.se\/ajax-turretcam-5mp-28mm-vit\/"},"modified":"2026-03-30T12:32:14","modified_gmt":"2026-03-30T10:32:14","slug":"ajax-turretcam-5mp-2-8mm-lins-vit","status":"publish","type":"product","link":"https:\/\/secureus.se\/pl\/ajax-turretcam-5mp-2-8mm-lins-vit\/","title":{"rendered":"Ajax TurretCam 5 MP \u2013 obiektyw 2,8 mm, bia\u0142y"},"content":{"rendered":"<h3>Ajax TurretCam 5MP to wydajna i niezawodna kamera bezpiecze\u0144stwa, kt\u00f3ra zapewnia krystalicznie czysty obraz i elastyczn\u0105 pami\u0119\u0107 masow\u0105 zar\u00f3wno dla ma\u0142ych, jak i du\u017cych system\u00f3w bezpiecze\u0144stwa.<\/h3>\n<p>Dzi\u0119ki imponuj\u0105cej rozdzielczo\u015bci 5 MP (2880 x 1620) kamera ta rejestruje ka\u017cdy szczeg\u00f3\u0142 monitorowanych obszar\u00f3w.<\/p>\n<p>Niezale\u017cnie od tego, czy chodzi o nadz\u00f3r wewn\u0119trzny, czy zewn\u0119trzny, Ajax TurretCam 5MP oferuje niezawodn\u0105 wydajno\u015b\u0107 i zaawansowan\u0105 technologi\u0119, kt\u00f3ra gwarantuje, \u017ce \u017caden szczeg\u00f3\u0142 nie zostanie przeoczony.<\/p>\n<p>Kamera jest wyposa\u017cona w obiektyw 2,8 mm i oferuje k\u0105t widzenia 100\u00b0-110\u00b0, dzi\u0119ki czemu idealnie nadaje si\u0119 do o\u015bwietlania du\u017cych obszar\u00f3w, takich jak wej\u015bcia, parkingi i ogrody.<\/p>\n<p>Zaawansowane rozpoznawanie obiekt\u00f3w w oparciu o sztuczn\u0105 inteligencj\u0119 umo\u017cliwia kamerze identyfikacj\u0119 i rozr\u00f3\u017cnianie ludzi, pojazd\u00f3w i zwierz\u0105t domowych, znacznie zmniejszaj\u0105c liczb\u0119 fa\u0142szywych alarm\u00f3w. Pomaga to r\u00f3wnie\u017c zaoszcz\u0119dzi\u0107 miejsce w pami\u0119ci i oznacza, \u017ce kamera zapisuje tylko istotne zdarzenia.<\/p>\n<p>Kolejn\u0105 imponuj\u0105c\u0105 cech\u0105 Ajax TurretCam 5MP jest technologia True WDR, kt\u00f3ra umo\u017cliwia kamerze radzenie sobie z ekstremalnymi warunkami o\u015bwietleniowymi, takimi jak o\u015bwietlenie od ty\u0142u i cienie.<\/p>\n<p>Zapewnia wyra\u017any i szczeg\u00f3\u0142owy obraz nawet przy du\u017cych zmianach o\u015bwietlenia, co mo\u017ce stanowi\u0107 wyzwanie dla wielu kamer bezpiecze\u0144stwa.<\/p>\n<p>Aby u\u0142atwi\u0107 instalacj\u0119 i zasilanie, Ajax TurretCam 5MP obs\u0142uguje PoE (Power over Ethernet), co oznacza, \u017ce zar\u00f3wno po\u0142\u0105czenie sieciowe, jak i zasilanie odbywaj\u0105 si\u0119 za pomoc\u0105 jednego kabla Ethernet.<\/p>\n<p>To znacznie upraszcza instalacj\u0119 i zmniejsza potrzeb\u0119 stosowania dodatkowych kabli. Dla tych, kt\u00f3rzy preferuj\u0105 oddzielne \u017ar\u00f3d\u0142o zasilania, kamer\u0119 mo\u017cna r\u00f3wnie\u017c pod\u0142\u0105czy\u0107 za pomoc\u0105 standardowego zasilacza 12 V DC.<\/p>\n<p>Ajax TurretCam 5MP oferuje r\u00f3wnie\u017c elastyczne opcje przechowywania. Materia\u0142 wideo mo\u017cna przechowywa\u0107 lokalnie na karcie microSD (do 256 GB) lub pod\u0142\u0105czy\u0107 kamer\u0119 do systemu Ajax NVR w celu centralnego przechowywania i zarz\u0105dzania wieloma kamerami. Dla wi\u0119kszego bezpiecze\u0144stwa strumienie wideo s\u0105 szyfrowane za pomoc\u0105 mTLS (mumual Transport Layer Security), kt\u00f3ry chroni nagrania przed nieautoryzowanym dost\u0119pem.<\/p>\n<p>Kamera posiada tak\u017ce wbudowane o\u015bwietlenie IR o zasi\u0119gu do 35 metr\u00f3w, co gwarantuje wyra\u017any obraz nawet w ca\u0142kowitej ciemno\u015bci.<\/p>\n<p>Ma r\u00f3wnie\u017c szeroki zakres temperatur od -25\u00b0C do +40\u00b0C i stopie\u0144 ochrony IP65, dzi\u0119ki czemu mo\u017cna go stosowa\u0107 zar\u00f3wno w zimnym, jak i gor\u0105cym klimacie, a tak\u017ce wytrzymuje trudne warunki pogodowe.<\/p>\n<p>Do instalacji i konfiguracji mo\u017cna u\u017cy\u0107 aplikacji Ajax, kt\u00f3ra umo\u017cliwia szybkie dodanie kamery do systemu poprzez zeskanowanie kodu QR.<\/p>\n<p>Aplikacja u\u0142atwia zarz\u0105dzanie nagraniami i dostosowywanie stref detekcji ruchu, aby unikn\u0105\u0107 fa\u0142szywych alarm\u00f3w.<\/p>\n<p><strong>Dane techniczne<\/strong>:<\/p>\n<ul>\n<li><strong>Rezolucja<\/strong>: 5 MP (2880 x 1620 przy 25 kl.\/s)<\/li>\n<li><strong>Obiektyw<\/strong>: 2,8 mm z k\u0105tem widzenia 100\u2013110\u00b0<\/li>\n<li><strong>Sk\u0142adowanie<\/strong>: Karta microSD (do 256 GB) lub po\u0142\u0105czenie z NVR<\/li>\n<li><strong>Po\u0142\u0105czenie sieciowe<\/strong>: Ethernet z obs\u0142ug\u0105 PoE (802.3at)<\/li>\n<li><strong>Farba<\/strong>: Bia\u0142y<\/li>\n<li><strong>Wymiary<\/strong>: 103 \u00d7 98 \u00d7 98 mm<\/li>\n<li><strong>Waga<\/strong>: 475 gr<\/li>\n<li><strong>Zasilanie<\/strong>: 12 V lub PoE<\/li>\n<li><strong>Odporno\u015b\u0107 na warunki atmosferyczne<\/strong>: IP65, wytrzymuje temperatury od -25\u00b0C do +40\u00b0C<\/li>\n<\/ul>\n<p><strong>Pakiet zawiera<\/strong>:<\/p>\n<ul>\n<li>Kamera Ajax TurretCam 5 MP<\/li>\n<li>Szablon instalacji<\/li>\n<li>Zestaw monta\u017cowy<\/li>\n<li>Skr\u00f3cona instrukcja obs\u0142ugi<\/li>\n<\/ul>\n<p><strong>Wniosek<\/strong>: Ajax TurretCam 5MP oferuje najnowsz\u0105 technologi\u0119 niezawodnego i elastycznego nadzoru. Dzi\u0119ki jako\u015bci obrazu w wysokiej rozdzielczo\u015bci, zaawansowanej sztucznej inteligencji i solidnej konstrukcji ten aparat jest idealnym rozwi\u0105zaniem zar\u00f3wno dla os\u00f3b prywatnych, jak i firm.<\/p>\n<p>\u0141atwa instalacja i bezpieczne przechowywanie sprawiaj\u0105, \u017ce jest to doskona\u0142y wyb\u00f3r do ochrony domu lub firmy przez ca\u0142\u0105 dob\u0119.<\/p>","protected":false},"excerpt":{"rendered":"<p>Ajax TurretCam 5MP to przewodowa kamera bezpiecze\u0144stwa oferuj\u0105ca rozdzielczo\u015b\u0107 5 MP, rozpoznawanie obiekt\u00f3w w oparciu o sztuczn\u0105 inteligencj\u0119 i obs\u0142ug\u0119 PoE.<\/p>\n<p>Kamera zapewnia ostry i szczeg\u00f3\u0142owy obraz przy k\u0105cie widzenia 100\u00b0\u2013110\u00b0.<\/p>\n<p>Jest odporny na warunki atmosferyczne i idealnie nadaje si\u0119 do u\u017cytku wewn\u0105trz i na zewn\u0105trz.<\/p>","protected":false},"featured_media":151975,"template":"","meta":{"_acf_changed":false},"product_brand":[],"product_cat":[4011],"product_tag":[4863],"class_list":{"0":"post-94862","1":"product","2":"type-product","3":"status-publish","4":"has-post-thumbnail","6":"product_cat-ajax-kameror","7":"product_tag-pf","8":"product_shipping_class-tunga-paket","9":"pa_brands-ajax-systems","10":"pa_farg-vit","11":"tm-no-options","13":"first","14":"instock","15":"sale","16":"taxable","17":"shipping-taxable","18":"purchasable","19":"product-type-simple"},"acf":[],"_links":{"self":[{"href":"https:\/\/secureus.se\/pl\/wp-json\/wp\/v2\/product\/94862","targetHints":{"allow":["GET"]}}],"collection":[{"href":"https:\/\/secureus.se\/pl\/wp-json\/wp\/v2\/product"}],"about":[{"href":"https:\/\/secureus.se\/pl\/wp-json\/wp\/v2\/types\/product"}],"wp:featuredmedia":[{"embeddable":true,"href":"https:\/\/secureus.se\/pl\/wp-json\/wp\/v2\/media\/151975"}],"wp:attachment":[{"href":"https:\/\/secureus.se\/pl\/wp-json\/wp\/v2\/media?parent=94862"}],"wp:term":[{"taxonomy":"product_brand","embeddable":true,"href":"https:\/\/secureus.se\/pl\/wp-json\/wp\/v2\/product_brand?post=94862"},{"taxonomy":"product_cat","embeddable":true,"href":"https:\/\/secureus.se\/pl\/wp-json\/wp\/v2\/product_cat?post=94862"},{"taxonomy":"product_tag","embeddable":true,"href":"https:\/\/secureus.se\/pl\/wp-json\/wp\/v2\/product_tag?post=94862"}],"curies":[{"name":"wp","href":"https:\/\/api.w.org\/{rel}","templated":true}]}}