{"id":94919,"date":"2024-07-04T13:57:56","date_gmt":"2024-07-04T11:57:56","guid":{"rendered":"https:\/\/secureus.se\/?post_type=product&#038;p=94919"},"modified":"2026-04-21T12:14:03","modified_gmt":"2026-04-21T10:14:03","slug":"winland-ea200-enviroalert-2-zons-miljosensor-for-kritiskt-tillstand-24v-dc-1-sensoringang","status":"publish","type":"product","link":"https:\/\/secureus.se\/pl\/winland-ea200-enviroalert-2-zons-miljosensor-for-kritiskt-tillstand-24v-dc-1-sensoringang\/","title":{"rendered":"Winland EA200 EnviroAlert 2-strefowy czujnik warunk\u00f3w krytycznych, 24 V DC, 1 wej\u015bcie czujnika"},"content":{"rendered":"<h3 id=\"pdp_productoverview\" class=\"item-headertop rd-prod-overview-hygiene\">Przegl\u0105d produktu<\/h3>\n<div class=\"pd-overview-details pd-show-full-overview\">\n<div class=\"headernamehrnone\">Urz\u0105dzenie do monitorowania \u015brodowiska krytycznego EnviroAlert\u00ae EA-200 zapewnia wgl\u0105d w 2 czynniki \u015brodowiskowe: temperatur\u0119 otoczenia i dodatkowy czynnik w postaci temperatury, wilgotno\u015bci lub obecno\u015bci wody. Opr\u00f3cz lokalnych (na urz\u0105dzeniu) alert\u00f3w wizualnych i d\u017awi\u0119kowych, system po zintegrowaniu z panelem bezpiecze\u0144stwa mo\u017ce w czasie rzeczywistym powiadamia\u0107 o zdarzeniu i natychmiastowo podejmowa\u0107 dzia\u0142ania naprawcze.<\/div>\n<div class=\"row headername\">\n<div class=\"item-header rd-hyg-item-header\"><strong>G\u0142\u00f3wne cechy<\/strong><\/div>\n<div class=\"row\">\n<ul>\n<li>Jednoczesna praca dw\u00f3ch czujnik\u00f3w<\/li>\n<li>Czytelny wy\u015bwietlacz LCD<\/li>\n<li>8 pami\u0119ci zdarze\u0144, w tym godziny i daty<\/li>\n<li>Pomocniczy przeka\u017anik wyj\u015bciowy dla lokalnego alarmu akustycznego<\/li>\n<li>Funkcja t\u0142umienia d\u017awi\u0119ku dla alarmu dodatkowego z 10-minutowym timerem<\/li>\n<li>Regulacja kalibracji czujnika przesuni\u0119cia<\/li>\n<li>Ustawienie blokady zabezpieczaj\u0105cej przed manipulacj\u0105<\/li>\n<li>Komunikat alarmowy poprzez przeka\u017anik ze stykiem bezpotencja\u0142owym do dowolnego panelu alarmowego<\/li>\n<\/ul>\n<\/div>\n<\/div>\n<\/div>","protected":false},"excerpt":{"rendered":"<p>Winland EA200 EnviroAlert 2-strefowy czujnik warunk\u00f3w krytycznych, 24 V DC, 1 wej\u015bcie czujnika<\/p>","protected":false},"featured_media":137629,"template":"","meta":{"_acf_changed":false},"product_brand":[],"product_cat":[1309],"product_tag":[],"class_list":{"0":"post-94919","1":"product","2":"type-product","3":"status-publish","4":"has-post-thumbnail","6":"product_cat-temperaturdetektor-vattendetektor","7":"product_shipping_class-tunga-paket","8":"pa_brands-winland-electronics","9":"tm-no-options","11":"first","12":"instock","13":"sale","14":"taxable","15":"shipping-taxable","16":"purchasable","17":"product-type-simple"},"acf":[],"_links":{"self":[{"href":"https:\/\/secureus.se\/pl\/wp-json\/wp\/v2\/product\/94919","targetHints":{"allow":["GET"]}}],"collection":[{"href":"https:\/\/secureus.se\/pl\/wp-json\/wp\/v2\/product"}],"about":[{"href":"https:\/\/secureus.se\/pl\/wp-json\/wp\/v2\/types\/product"}],"wp:featuredmedia":[{"embeddable":true,"href":"https:\/\/secureus.se\/pl\/wp-json\/wp\/v2\/media\/137629"}],"wp:attachment":[{"href":"https:\/\/secureus.se\/pl\/wp-json\/wp\/v2\/media?parent=94919"}],"wp:term":[{"taxonomy":"product_brand","embeddable":true,"href":"https:\/\/secureus.se\/pl\/wp-json\/wp\/v2\/product_brand?post=94919"},{"taxonomy":"product_cat","embeddable":true,"href":"https:\/\/secureus.se\/pl\/wp-json\/wp\/v2\/product_cat?post=94919"},{"taxonomy":"product_tag","embeddable":true,"href":"https:\/\/secureus.se\/pl\/wp-json\/wp\/v2\/product_tag?post=94919"}],"curies":[{"name":"wp","href":"https:\/\/api.w.org\/{rel}","templated":true}]}}