{"id":95817,"date":"2024-07-04T10:49:43","date_gmt":"2024-07-04T08:49:43","guid":{"rendered":"https:\/\/secureus.se\/?post_type=product&#038;p=95817"},"modified":"2025-12-31T21:14:17","modified_gmt":"2025-12-31T20:14:17","slug":"sma-adapter-kabel-for-4g-antenner","status":"publish","type":"product","link":"https:\/\/secureus.se\/pl\/sma-adapter-kabel-for-4g-antenner\/","title":{"rendered":"Kabel przej\u015bciowy SMA do anten 4G i urz\u0105dze\u0144 mobilnych"},"content":{"rendered":"<div class=\"flex flex-grow flex-col max-w-full AIPRM__conversation__response\">\n<div class=\"min-h-[20px] text-message flex w-full flex-col items-end gap-2 whitespace-pre-wrap break-words [.text-message+&amp;]:mt-5 overflow-x-auto\" dir=\"auto\" data-message-author-role=\"assistant\" data-message-id=\"608c044e-73a5-4aa8-af0b-738d6abca3b5\">\n<div class=\"flex w-full flex-col gap-1 empty:hidden first:pt-[3px]\">\n<div class=\"markdown prose w-full break-words dark:prose-invert light\">\n<h1><strong>SMA adapter kabel f\u00f6r 4G-antenner och mobila enheter<\/strong><\/h1>\n<p><strong>Universell IPX &#8211; SMA adapter kabel f\u00f6r 4G-antenner och mobila enheter<\/strong><\/p>\n<p>Optimera din anslutning med v\u00e5r universella IPX-SMA-adapterkabel, det perfekta tillbeh\u00f6ret f\u00f6r Satel ANT-LTE-O och andra 4G-antenner. Denna adapterkabel kopplar din externa antenn med din mobilkommunikationsmodul och s\u00e4kerst\u00e4ller s\u00f6ml\u00f6s prestanda f\u00f6r larm och mobila enheter.<\/p>\n<p><strong>Produktfunktioner:<\/strong><\/p>\n<ul>\n<li><strong>M\u00e5ngsidig kompatibilitet:<\/strong> Utformad f\u00f6r att ansluta antenner med en SMA-kontakt, s\u00e5som ANT-LTE-O och ANT-900\/1800, till olika mobilmoduler och larmpaneler.<\/li>\n<li><strong>Brett anv\u00e4ndningsomr\u00e5de:<\/strong> Kompatibel med moduler som GSM-X, GSM-X LTE, INT-GSM, INT-GSM LTE och MICRA. Passar \u00e4ven larmpaneler, inklusive INTEGRA 128-WRL, PERFECTA, PERFECTA LTE, VERSA Plus och VERSA Plus LTE.<\/li>\n<li><strong>Flexibla installationsalternativ:<\/strong> Med en total l\u00e4ngd p\u00e5 25 cm m\u00f6jligg\u00f6r kabeln flexibel placering av antennen. Du kan placera antennkontakten antingen utanf\u00f6r eller inuti h\u00f6ljet f\u00f6r att passa dina behov.<\/li>\n<li><strong>H\u00f6gkvalitativa kontakter:<\/strong> Utrustad med IPX- och SMA-honkontakter f\u00f6r p\u00e5litlig prestanda och s\u00e4kra anslutningar.<\/li>\n<\/ul>\n<p>Uppgradera din installation med denna universella adapterkabel, utformad f\u00f6r att f\u00f6rb\u00e4ttra funktionaliteten hos dina 4G-antenner och s\u00e4kerst\u00e4lla tillf\u00f6rlitlig anslutning f\u00f6r alla dina s\u00e4kerhets- och mobila applikation<\/p>\n<\/div>\n<\/div>\n<\/div>\n<\/div>\n","protected":false},"excerpt":{"rendered":"<p><strong>Kabel adaptera SMA o wszechstronnej kompatybilno\u015bci:<\/strong> Przeznaczony do pod\u0142\u0105czenia anten ze z\u0142\u0105czem SMA, takich jak ANT-LTE-O i ANT-900\/1800, do r\u00f3\u017cnych modu\u0142\u00f3w mobilnych i central alarmowych.<\/p>","protected":false},"featured_media":137204,"template":"","meta":{"_acf_changed":false},"product_brand":[],"product_cat":[1551,3375],"product_tag":[],"class_list":{"0":"post-95817","1":"product","2":"type-product","3":"status-publish","4":"has-post-thumbnail","6":"product_cat-larmoverforing","7":"product_cat-visonic-larmsandare-ip-4g","8":"pa_brands-satel","9":"tm-no-options","11":"first","12":"instock","13":"taxable","14":"shipping-taxable","15":"purchasable","16":"product-type-simple"},"acf":[],"_links":{"self":[{"href":"https:\/\/secureus.se\/pl\/wp-json\/wp\/v2\/product\/95817","targetHints":{"allow":["GET"]}}],"collection":[{"href":"https:\/\/secureus.se\/pl\/wp-json\/wp\/v2\/product"}],"about":[{"href":"https:\/\/secureus.se\/pl\/wp-json\/wp\/v2\/types\/product"}],"wp:featuredmedia":[{"embeddable":true,"href":"https:\/\/secureus.se\/pl\/wp-json\/wp\/v2\/media\/137204"}],"wp:attachment":[{"href":"https:\/\/secureus.se\/pl\/wp-json\/wp\/v2\/media?parent=95817"}],"wp:term":[{"taxonomy":"product_brand","embeddable":true,"href":"https:\/\/secureus.se\/pl\/wp-json\/wp\/v2\/product_brand?post=95817"},{"taxonomy":"product_cat","embeddable":true,"href":"https:\/\/secureus.se\/pl\/wp-json\/wp\/v2\/product_cat?post=95817"},{"taxonomy":"product_tag","embeddable":true,"href":"https:\/\/secureus.se\/pl\/wp-json\/wp\/v2\/product_tag?post=95817"}],"curies":[{"name":"wp","href":"https:\/\/api.w.org\/{rel}","templated":true}]}}