{"id":96405,"date":"2024-07-22T12:21:55","date_gmt":"2024-07-22T10:21:55","guid":{"rendered":"https:\/\/secureus.se\/4tb-hdd-seagate-skyhawk\/"},"modified":"2026-04-20T17:18:09","modified_gmt":"2026-04-20T15:18:09","slug":"4tb-hdd-seagate-skyhawk","status":"publish","type":"product","link":"https:\/\/secureus.se\/pl\/4tb-hdd-seagate-skyhawk\/","title":{"rendered":"Seagate SkyHawk ST4000VX016 \u2013 dysk twardy 4 TB 3,5\u2033 SATA 6 Gb\/s z 3-letnim okresem odzyskiwania danych Seagate Rescue"},"content":{"rendered":"<p>SkyHawk to pierwsze na \u015bwiecie urz\u0105dzenie wideo zaprojektowane specjalnie dla system\u00f3w wideo. Idealny do system\u00f3w DVR i NVR, ten dysk twardy firmy Seagate o pojemno\u015bci 4 TB mo\u017ce jednocze\u015bnie obs\u0142ugiwa\u0107 do 64 kamer HD, dzi\u0119ki czemu idealnie nadaje si\u0119 do kompleksowych rozwi\u0105za\u0144 nadzoru. Ulepszona technologia ImagePerfect minimalizuje ryzyko utraty obrazu i gwarantuje, \u017ce nagrania b\u0119d\u0105 ostre i wyra\u017ane bez zak\u0142\u00f3ce\u0144.<\/p>\n<p>SkyHawk zawiera us\u0142ug\u0119 SkyHawk Health Management, kt\u00f3ra jest kompatybilna z systemami firm HikVision i Dahua. System ten stale monitoruje stan dysku twardego i przedstawia zalecenia dotycz\u0105ce \u015brodk\u00f3w zapobiegawczych, jeszcze bardziej poprawiaj\u0105c niezawodno\u015b\u0107 i trwa\u0142o\u015b\u0107 dysku. Przy \u015brednim czasie mi\u0119dzy awariami (MTBF) wynosz\u0105cym 1 milion godzin i cyklu start-stop wynosz\u0105cym 600 000, mo\u017cesz mie\u0107 pewno\u015b\u0107, \u017ce ten dysk twardy b\u0119dzie dzia\u0142a\u0142 niezawodnie przez ca\u0142\u0105 dob\u0119.<\/p>\n<p>Ten dysk twardy oferuje szybko\u015b\u0107 transferu 6 Gbit\/s i sta\u0142\u0105 szybko\u015b\u0107 transferu 180 MiB\/s, zapewniaj\u0105c szybki i wydajny transfer danych. Dzi\u0119ki buforowi o wielko\u015bci 256 MB, czujnikom RV i zu\u017cyciu energii podczas odczytu i zapisu wynosz\u0105cemu zaledwie 3,7 W, SkyHawk jest zar\u00f3wno wydajny, jak i energooszcz\u0119dny.<\/p>\n<p>Aby zapewni\u0107 Ci wi\u0119kszy spok\u00f3j ducha, do\u0142\u0105czona jest trzyletnia ograniczona gwarancja, a tak\u017ce ekskluzywne us\u0142ugi odzyskiwania danych Rescue Data Recovery firmy Seagate, kt\u00f3re zapewniaj\u0105 d\u0142ugoterminowy spok\u00f3j ducha, chroni\u0105c Twoje dane przed nieoczekiwanymi zdarzeniami.<\/p>\n<p><strong>W\u0142a\u015bciwo\u015bci:<\/strong><\/p>\n<ul>\n<li><strong>Pojemno\u015b\u0107:<\/strong> 4 TB<\/li>\n<li><strong>Wsp\u00f3\u0142czynnik kszta\u0142tu:<\/strong> 3,5 cala<\/li>\n<li><strong>Interfejs:<\/strong> SATA 6,0 Gbit\/s<\/li>\n<li><strong>Rozmiar bufora:<\/strong> 256 MB<\/li>\n<li><strong>Utrzymana szybko\u015b\u0107 transferu:<\/strong> 180 MB\/s<\/li>\n<li><strong>Praca 24 godziny na dob\u0119, 7 dni w tygodniu:<\/strong> Tak<\/li>\n<li><strong>Czujniki pojazdu kempingowego:<\/strong> Tak<\/li>\n<li><strong>Maksymalna liczba obs\u0142ugiwanych kamer:<\/strong> 64<\/li>\n<li><strong>\u015aredni czas mi\u0119dzy awariami (MTBF):<\/strong> 1 000 000 godzin<\/li>\n<li><strong>Rozpocznij i zatrzymaj cykl:<\/strong> 600,000<\/li>\n<li><strong>Pob\u00f3r mocy (odczyt\/zapis):<\/strong> 3,7 W<\/li>\n<li><strong>Pob\u00f3r mocy (tryb u\u015bpienia):<\/strong> 2,5 W<\/li>\n<li><strong>Napi\u0119cie robocze:<\/strong> 5\/12 V<\/li>\n<li><strong>Temperatura podczas pracy:<\/strong> 0 \u2013 65\u00b0C<\/li>\n<li><strong>Waga:<\/strong> 490 gr<\/li>\n<li><strong>Wymiary (szer. x wys. x g\u0142.):<\/strong> 101,85 mm x 20,2 mm x 146,99 mm<\/li>\n<li><strong>Kod HS:<\/strong> 84717050<\/li>\n<\/ul>","protected":false},"excerpt":{"rendered":"<p><strong>Seagate SkyHawk ST4000VX016 \u2013 dysk twardy SATA 3,5\u2033 4 TB<\/strong><\/p>\n<p>SkyHawk przeznaczony jest do system\u00f3w wideo, idealnie nadaje si\u0119 do system\u00f3w DVR i NVR obs\u0142uguj\u0105cych do 64 kamer HD. Dzi\u0119ki technologii ImagePerfect i SkyHawk Health Management zapewnia niezawodne i ci\u0105g\u0142e nagrywanie wideo. Oferuje szybki transfer danych 6 Gbit\/s, sta\u0142\u0105 szybko\u015b\u0107 transferu 180 MiB\/s i ma rozmiar bufora 256 MB. Obejmuje trzy lata us\u0142ugi Seagate Rescue Data Recovery zapewniaj\u0105cej dodatkow\u0105 ochron\u0119 danych.<\/p>","protected":false},"featured_media":137186,"template":"","meta":{"_acf_changed":false},"product_brand":[],"product_cat":[3261],"product_tag":[],"class_list":{"0":"post-96405","1":"product","2":"type-product","3":"status-publish","4":"has-post-thumbnail","6":"product_cat-hdd-harddisk-3-5","7":"product_shipping_class-tunga-paket","8":"pa_brands-seagate","9":"tm-no-options","11":"first","12":"outofstock","13":"taxable","14":"shipping-taxable","15":"purchasable","16":"product-type-simple"},"acf":[],"_links":{"self":[{"href":"https:\/\/secureus.se\/pl\/wp-json\/wp\/v2\/product\/96405","targetHints":{"allow":["GET"]}}],"collection":[{"href":"https:\/\/secureus.se\/pl\/wp-json\/wp\/v2\/product"}],"about":[{"href":"https:\/\/secureus.se\/pl\/wp-json\/wp\/v2\/types\/product"}],"wp:featuredmedia":[{"embeddable":true,"href":"https:\/\/secureus.se\/pl\/wp-json\/wp\/v2\/media\/137186"}],"wp:attachment":[{"href":"https:\/\/secureus.se\/pl\/wp-json\/wp\/v2\/media?parent=96405"}],"wp:term":[{"taxonomy":"product_brand","embeddable":true,"href":"https:\/\/secureus.se\/pl\/wp-json\/wp\/v2\/product_brand?post=96405"},{"taxonomy":"product_cat","embeddable":true,"href":"https:\/\/secureus.se\/pl\/wp-json\/wp\/v2\/product_cat?post=96405"},{"taxonomy":"product_tag","embeddable":true,"href":"https:\/\/secureus.se\/pl\/wp-json\/wp\/v2\/product_tag?post=96405"}],"curies":[{"name":"wp","href":"https:\/\/api.w.org\/{rel}","templated":true}]}}