{"id":96470,"date":"2024-08-02T09:46:23","date_gmt":"2024-08-02T07:46:23","guid":{"rendered":"https:\/\/secureus.se\/?post_type=product&#038;p=96470"},"modified":"2026-04-08T16:48:33","modified_gmt":"2026-04-08T14:48:33","slug":"batteri-12v-08ah-5ar","status":"publish","type":"product","link":"https:\/\/secureus.se\/pl\/batteri-12v-08ah-5ar\/","title":{"rendered":"Akumulator 0,8AH 12V Wersja Pro"},"content":{"rendered":"<p>NM1208-F9 12V\/0,8Ah to akumulator AGM z regulacj\u0105 zaworow\u0105 o 5-letniej \u017cywotno\u015bci, odpowiedni zar\u00f3wno do pracy w trybie czuwania, jak i pracy cyklicznej. Konstrukcja z regulacj\u0105 zawor\u00f3w z rekombinacj\u0105 tlenu prawie 100% w zastosowaniach rezerwowych. Mo\u017ce by\u0107 stosowany w szerokim zakresie temperatur przy \u0142adowaniu z kompensacj\u0105 temperatury. Czas przechowywania w temperaturze +20\u00b0C do 25\u00b0C, miesi\u0119czne samoroz\u0142adowanie wynosi ok. 3% o pojemno\u015bci nominalnej. Waga: 0,33 kg. Wymiary (DxSxW) 96x25x62 mm. Typ bieguna: Kontakt VHR<\/p>","protected":false},"excerpt":{"rendered":"<p>NM1208-F9 12V\/0,8Ah to akumulator AGM z regulacj\u0105 zaworow\u0105 o 5-letniej \u017cywotno\u015bci, odpowiedni zar\u00f3wno do pracy w trybie czuwania, jak i pracy cyklicznej. Konstrukcja z regulacj\u0105 zaworow\u0105 z rekombinacj\u0105 tlenu prawie 100% w zastosowaniach rezerwowych. Mo\u017cna u\u017cywa\u0107 w ci\u0105gu<\/p>","protected":false},"featured_media":138030,"template":"","meta":{"_acf_changed":false},"product_brand":[],"product_cat":[1596],"product_tag":[4513],"class_list":{"0":"post-96470","1":"product","2":"type-product","3":"status-publish","4":"has-post-thumbnail","6":"product_cat-ackumulatorer-12v-agm-batterier","7":"product_tag-batteri-1-6-ah","8":"tm-no-options","10":"first","11":"instock","12":"sale","13":"taxable","14":"shipping-taxable","15":"purchasable","16":"product-type-simple"},"acf":[],"_links":{"self":[{"href":"https:\/\/secureus.se\/pl\/wp-json\/wp\/v2\/product\/96470","targetHints":{"allow":["GET"]}}],"collection":[{"href":"https:\/\/secureus.se\/pl\/wp-json\/wp\/v2\/product"}],"about":[{"href":"https:\/\/secureus.se\/pl\/wp-json\/wp\/v2\/types\/product"}],"wp:featuredmedia":[{"embeddable":true,"href":"https:\/\/secureus.se\/pl\/wp-json\/wp\/v2\/media\/138030"}],"wp:attachment":[{"href":"https:\/\/secureus.se\/pl\/wp-json\/wp\/v2\/media?parent=96470"}],"wp:term":[{"taxonomy":"product_brand","embeddable":true,"href":"https:\/\/secureus.se\/pl\/wp-json\/wp\/v2\/product_brand?post=96470"},{"taxonomy":"product_cat","embeddable":true,"href":"https:\/\/secureus.se\/pl\/wp-json\/wp\/v2\/product_cat?post=96470"},{"taxonomy":"product_tag","embeddable":true,"href":"https:\/\/secureus.se\/pl\/wp-json\/wp\/v2\/product_tag?post=96470"}],"curies":[{"name":"wp","href":"https:\/\/api.w.org\/{rel}","templated":true}]}}