{"id":96699,"date":"2024-08-08T19:53:27","date_gmt":"2024-08-08T17:53:27","guid":{"rendered":"https:\/\/secureus.se\/?post_type=product&#038;p=96699"},"modified":"2026-04-07T11:04:04","modified_gmt":"2026-04-07T09:04:04","slug":"fonsterlas-280-lag-hake-formassingad-med-skruv","status":"publish","type":"product","link":"https:\/\/secureus.se\/pl\/fonsterlas-280-lag-hake-formassingad-med-skruv\/","title":{"rendered":"Blokada okna 280 mosi\u0105dzowana ze \u015brub\u0105"},"content":{"rendered":"<p>Zamek okienny 280 firmy ROCA z niskim zatrzaskiem 15 mm do okien wychodz\u0105cych na zewn\u0105trz. Stosowane do okien, kt\u00f3re nie posiadaj\u0105 skrzyd\u0142a ani klamek. Dostarczane z powi\u0105zan\u0105 \u015brub\u0105 firmy ROCA.<\/p>\n<p><b>W\u0142a\u015bciwo\u015bci:<\/b><\/p>\n<ul>\n<li>Materia\u0142 Znal ze stalowym pier\u015bcieniem gwintowanym<\/li>\n<li>Obr\u00f3bka powierzchniowa: Wst\u0119pnie platerowana mosi\u0105dzem<\/li>\n<\/ul>","protected":false},"excerpt":{"rendered":"<p>Zamek okienny 280 firmy ROCA z niskim zatrzaskiem 15 mm do okien wychodz\u0105cych na zewn\u0105trz. Stosowane do okien, kt\u00f3re nie posiadaj\u0105 skrzyd\u0142a ani klamek. Dostarczane z powi\u0105zan\u0105 \u015brub\u0105 firmy ROCA. W\u0142a\u015bciwo\u015bci: Materia\u0142 Zamak<\/p>","protected":false},"featured_media":136945,"template":"","meta":{"_acf_changed":false},"product_brand":[],"product_cat":[4111],"product_tag":[],"class_list":{"0":"post-96699","1":"product","2":"type-product","3":"status-publish","4":"has-post-thumbnail","6":"product_cat-fonsterlas","7":"product_shipping_class-postnord-varubrev","8":"pa_brands-roca","9":"tm-no-options","11":"first","12":"instock","13":"sale","14":"taxable","15":"shipping-taxable","16":"purchasable","17":"product-type-simple"},"acf":[],"_links":{"self":[{"href":"https:\/\/secureus.se\/pl\/wp-json\/wp\/v2\/product\/96699","targetHints":{"allow":["GET"]}}],"collection":[{"href":"https:\/\/secureus.se\/pl\/wp-json\/wp\/v2\/product"}],"about":[{"href":"https:\/\/secureus.se\/pl\/wp-json\/wp\/v2\/types\/product"}],"wp:featuredmedia":[{"embeddable":true,"href":"https:\/\/secureus.se\/pl\/wp-json\/wp\/v2\/media\/136945"}],"wp:attachment":[{"href":"https:\/\/secureus.se\/pl\/wp-json\/wp\/v2\/media?parent=96699"}],"wp:term":[{"taxonomy":"product_brand","embeddable":true,"href":"https:\/\/secureus.se\/pl\/wp-json\/wp\/v2\/product_brand?post=96699"},{"taxonomy":"product_cat","embeddable":true,"href":"https:\/\/secureus.se\/pl\/wp-json\/wp\/v2\/product_cat?post=96699"},{"taxonomy":"product_tag","embeddable":true,"href":"https:\/\/secureus.se\/pl\/wp-json\/wp\/v2\/product_tag?post=96699"}],"curies":[{"name":"wp","href":"https:\/\/api.w.org\/{rel}","templated":true}]}}