{"id":96708,"date":"2024-08-08T19:53:24","date_gmt":"2024-08-08T17:53:24","guid":{"rendered":"https:\/\/secureus.se\/?post_type=product&#038;p=96708"},"modified":"2026-04-08T15:50:18","modified_gmt":"2026-04-08T13:50:18","slug":"fonsterlas-380-polerad-massing","status":"publish","type":"product","link":"https:\/\/secureus.se\/pl\/fonsterlas-380-polerad-massing\/","title":{"rendered":"Blokada okienna 380 polerowany mosi\u0105dz \u2013 2 sztuki"},"content":{"rendered":"","protected":false},"excerpt":{"rendered":"<p>Blokada okienna 380 w opakowaniu 2 szt. firmy Habo do okien otwieranych na zewn\u0105trz. Wykonane z mosi\u0105dzu. Stosowane w przypadku okien, kt\u00f3re nie posiadaj\u0105 zasuwnic ani klamek. Dostarczane bez \u015brub.<\/p>","protected":false},"featured_media":137200,"template":"","meta":{"_acf_changed":false},"product_brand":[],"product_cat":[4111],"product_tag":[],"class_list":{"0":"post-96708","1":"product","2":"type-product","3":"status-publish","4":"has-post-thumbnail","6":"product_cat-fonsterlas","7":"product_shipping_class-postnord-varubrev","8":"pa_brands-habo","9":"tm-no-options","11":"first","12":"instock","13":"sale","14":"taxable","15":"shipping-taxable","16":"purchasable","17":"product-type-simple"},"acf":[],"_links":{"self":[{"href":"https:\/\/secureus.se\/pl\/wp-json\/wp\/v2\/product\/96708","targetHints":{"allow":["GET"]}}],"collection":[{"href":"https:\/\/secureus.se\/pl\/wp-json\/wp\/v2\/product"}],"about":[{"href":"https:\/\/secureus.se\/pl\/wp-json\/wp\/v2\/types\/product"}],"wp:featuredmedia":[{"embeddable":true,"href":"https:\/\/secureus.se\/pl\/wp-json\/wp\/v2\/media\/137200"}],"wp:attachment":[{"href":"https:\/\/secureus.se\/pl\/wp-json\/wp\/v2\/media?parent=96708"}],"wp:term":[{"taxonomy":"product_brand","embeddable":true,"href":"https:\/\/secureus.se\/pl\/wp-json\/wp\/v2\/product_brand?post=96708"},{"taxonomy":"product_cat","embeddable":true,"href":"https:\/\/secureus.se\/pl\/wp-json\/wp\/v2\/product_cat?post=96708"},{"taxonomy":"product_tag","embeddable":true,"href":"https:\/\/secureus.se\/pl\/wp-json\/wp\/v2\/product_tag?post=96708"}],"curies":[{"name":"wp","href":"https:\/\/api.w.org\/{rel}","templated":true}]}}