{"id":96733,"date":"2024-08-08T21:47:47","date_gmt":"2024-08-08T19:47:47","guid":{"rendered":"https:\/\/secureus.se\/?post_type=product&#038;p=96733"},"modified":"2026-04-08T15:57:40","modified_gmt":"2026-04-08T13:57:40","slug":"handtag-835s-rakt-7-8-sprint-krom","status":"publish","type":"product","link":"https:\/\/secureus.se\/pl\/handtag-835s-rakt-7-8-sprint-krom\/","title":{"rendered":"Klamka Spagnolette Klamka 835S Prosta 7\/8 Sprint Chrom \u2013 Assa Abloy"},"content":{"rendered":"<p>\nASSA ABLOY 835S to klamka zamykana na klucz, stosowana od wewn\u0105trz drzwi okiennych, okien i drzwi szafek, kt\u00f3re posiadaj\u0105 zawiasy i musz\u0105 by\u0107 zabezpieczone przed w\u0142amaniem i nieuprawnionym otwarciem.<br \/>\n<b>UWAGA! Podaj d\u0142ugo\u015b\u0107 szpilki i czy szpilka ma mie\u0107 7 czy 8 mm.<\/b><\/p>\n<div><\/div>\n<div><b>W\u0142a\u015bciwo\u015bci:\u00a0\u00a0<\/b><\/div>\n<div>\n<ul>\n<li>Zamykany na owalny cylinder (brak w zestawie)<\/li>\n<li>Obudowa cylindra zakrywa ca\u0142y siedmio-pinowy cylinder<\/li>\n<li>Zatwierdzone zgodnie z norm\u0105 SS 3620 klasa B<\/li>\n<li>Ryglowanie poprzez przekr\u0119cenie klucza<\/li>\n<li>Kluczyk mo\u017cna wyj\u0105\u0107 w pozycji odblokowanej.\u00a0<\/li>\n<li>Klamka posiada sprz\u0119g\u0142o po\u015blizgowe, kt\u00f3re dzia\u0142a w przypadku przeci\u0105\u017cenia i zapobiega zerwaniu mechanizmu blokuj\u0105cego w przypadku pr\u00f3b w\u0142amania i nieuprawnionego otwarcia od wewn\u0105trz.\u00a0<\/li>\n<li>Dost\u0119pny jest r\u00f3wnie\u017c model z mikroprze\u0142\u0105cznikiem\u00a0<\/li>\n<\/ul>\n<p><b>Warianty:<\/b><\/p>\n<ul>\n<li>835S: Zamki po przekr\u0119ceniu klucza.\u00a0<\/li>\n<li>837S: Blokuje si\u0119 automatycznie po obr\u00f3ceniu klamki do pozycji zamkni\u0119tej.\u00a0<\/li>\n<li>8350S: Z odbiornikiem no\u015bnika z zewn\u0119trznego cylindra. Umo\u017cliwia blokowanie z obu stron<\/li>\n<\/ul>\n<\/div>\n<div><\/div>\n<div><b>Akcesoria:<\/b>\u00a0<\/div>\n<div>\n<ul>\n<li>Standardowy cylinder owalny<\/li>\n<li>Podk\u0142adka 841S<\/li>\n<li>P\u0142yta mocuj\u0105ca 5325<\/li>\n<li>\u0141\u0105czniki klamek 833, 833\/16 lub 961, stosowane gdy klamki musz\u0105 by\u0107 montowane z obu stron<\/li>\n<\/ul>\n<\/div>","protected":false},"excerpt":{"rendered":"<p>ASSA ABLOY 835S \u00e4r ett l\u00e5sbart handtag som anv\u00e4nds p\u00e5 insidan av f\u00f6nsterd\u00f6rr, f\u00f6nster och sk\u00e5pd\u00f6rr som har spanjolett och som skall s\u00e4kras mot inbrott och obeh\u00f6rigt \u00f6ppnande. OBS! Uppge<\/p>","protected":false},"featured_media":136751,"template":"","meta":{"_acf_changed":false},"product_brand":[],"product_cat":[4113,4126,4127],"product_tag":[],"class_list":{"0":"post-96733","1":"product","2":"type-product","3":"status-publish","4":"has-post-thumbnail","6":"product_cat-spanjoletthandtag","7":"product_cat-fonsterhandtag","8":"product_cat-handtag-altandorr","9":"product_shipping_class-postnord-varubrev","10":"pa_brands-abloy","11":"tm-no-options","13":"first","14":"onbackorder","15":"sale","16":"taxable","17":"shipping-taxable","18":"purchasable","19":"product-type-simple"},"acf":[],"_links":{"self":[{"href":"https:\/\/secureus.se\/pl\/wp-json\/wp\/v2\/product\/96733","targetHints":{"allow":["GET"]}}],"collection":[{"href":"https:\/\/secureus.se\/pl\/wp-json\/wp\/v2\/product"}],"about":[{"href":"https:\/\/secureus.se\/pl\/wp-json\/wp\/v2\/types\/product"}],"wp:featuredmedia":[{"embeddable":true,"href":"https:\/\/secureus.se\/pl\/wp-json\/wp\/v2\/media\/136751"}],"wp:attachment":[{"href":"https:\/\/secureus.se\/pl\/wp-json\/wp\/v2\/media?parent=96733"}],"wp:term":[{"taxonomy":"product_brand","embeddable":true,"href":"https:\/\/secureus.se\/pl\/wp-json\/wp\/v2\/product_brand?post=96733"},{"taxonomy":"product_cat","embeddable":true,"href":"https:\/\/secureus.se\/pl\/wp-json\/wp\/v2\/product_cat?post=96733"},{"taxonomy":"product_tag","embeddable":true,"href":"https:\/\/secureus.se\/pl\/wp-json\/wp\/v2\/product_tag?post=96733"}],"curies":[{"name":"wp","href":"https:\/\/api.w.org\/{rel}","templated":true}]}}