{"id":96740,"date":"2024-08-08T21:47:49","date_gmt":"2024-08-08T19:47:49","guid":{"rendered":"https:\/\/secureus.se\/?post_type=product&#038;p=96740"},"modified":"2026-03-25T15:36:29","modified_gmt":"2026-03-25T14:36:29","slug":"handtag-844s-hoger-8x53","status":"publish","type":"product","link":"https:\/\/secureus.se\/pl\/handtag-844s-hoger-8x53\/","title":{"rendered":"Klamka Spagnolette Klamka 844S Prawa 8X53 \u2013 Assa Abloy"},"content":{"rendered":"<div>ASSA ABLOY 844S to klamka zabezpieczaj\u0105ca, kt\u00f3ra znajduje zastosowanie od wewn\u0105trz, gdy chcemy zabezpieczy\u0107 si\u0119 przed w\u0142amaniem i nieuprawnionym otwarciem. U\u017cywany do drzwi okiennych, okien i drzwi szafek, kt\u00f3re maj\u0105 spaniela. Zatwierdzone zgodnie z norm\u0105 SS 3620 klasa B.<\/div>\n<div><\/div>\n<div><b>W\u0142a\u015bciwo\u015bci:\u00a0<\/b><\/div>\n<div>\n<ul>\n<li>Zamykane na cylinder ci\u015bnieniowy 4484<\/li>\n<li>Ryglowanie nast\u0119puje w momencie wci\u015bni\u0119cia wk\u0142adki i klamki w pozycji zamkni\u0119tej<\/li>\n<li>Po przekr\u0119ceniu kluczyka wk\u0142adka odskakuje i funkcja zamykania przestaje dzia\u0142a\u0107<\/li>\n<li>Kluczyk mo\u017cna wyj\u0105\u0107 w pozycji odblokowanej<\/li>\n<li>Zatwierdzone zgodnie z norm\u0105 SS 3620 klasa B<\/li>\n<li>Klamki mo\u017cna otrzyma\u0107 z tym samym lub innym ryglowaniem oraz z takim samym ryglowaniem jak zamki okienne Fix 2820S i 2830S.<\/li>\n<li>Sprint z kwadratowej stali ocynkowanej o grubo\u015bci 8 mm.<\/li>\n<li>D\u0142ugo\u015b\u0107 sprintu 53 mm.<\/li>\n<li>Na zam\u00f3wienie istnieje mo\u017cliwo\u015b\u0107 zam\u00f3wienia szpilek kwadratowych 7 mm oraz innych d\u0142ugo\u015bci szpilek<\/li>\n<li>W zestawie wymagana \u015bruba jednokierunkowa<\/li>\n<\/ul>\n<\/div>\n<div><\/div>\n<div><b>Akcesoria:<\/b><\/div>\n<div>\n<ul>\n<li>Cylinder ci\u015bnieniowy 4484. Cylinder ci\u015bnieniowy Abloy (do blokowania systemu)<\/li>\n<li>Podk\u0142adka 4926<\/li>\n<li>\u0141\u0105cznik klamkowy 833, gdy klamki musz\u0105 by\u0107 montowane po obu stronach dla pojedynczego \u0142uku<\/li>\n<li>\u0141\u0105cznik klamkowy 961, gdy klamki musz\u0105 by\u0107 montowane po obu stronach w celu uzyskania podw\u00f3jnego \u0142uku<\/li>\n<li>Klamka okienna 42<\/li>\n<\/ul>\n<\/div>","protected":false},"excerpt":{"rendered":"<p>ASSA ABLOY 844S \u2013 Uchwyt bezpiecze\u0144stwa<\/p>\n<p>Zatwierdzone zgodnie z norm\u0105 SS 3620 klasa B.<\/p>","protected":false},"featured_media":137460,"template":"","meta":{"_acf_changed":false},"product_brand":[],"product_cat":[4113,4126,4127],"product_tag":[],"class_list":{"0":"post-96740","1":"product","2":"type-product","3":"status-publish","4":"has-post-thumbnail","6":"product_cat-spanjoletthandtag","7":"product_cat-fonsterhandtag","8":"product_cat-handtag-altandorr","9":"product_shipping_class-postnord-varubrev","10":"pa_brands-abloy","11":"tm-no-options","13":"first","14":"instock","15":"sale","16":"taxable","17":"shipping-taxable","18":"purchasable","19":"product-type-simple"},"acf":[],"_links":{"self":[{"href":"https:\/\/secureus.se\/pl\/wp-json\/wp\/v2\/product\/96740","targetHints":{"allow":["GET"]}}],"collection":[{"href":"https:\/\/secureus.se\/pl\/wp-json\/wp\/v2\/product"}],"about":[{"href":"https:\/\/secureus.se\/pl\/wp-json\/wp\/v2\/types\/product"}],"wp:featuredmedia":[{"embeddable":true,"href":"https:\/\/secureus.se\/pl\/wp-json\/wp\/v2\/media\/137460"}],"wp:attachment":[{"href":"https:\/\/secureus.se\/pl\/wp-json\/wp\/v2\/media?parent=96740"}],"wp:term":[{"taxonomy":"product_brand","embeddable":true,"href":"https:\/\/secureus.se\/pl\/wp-json\/wp\/v2\/product_brand?post=96740"},{"taxonomy":"product_cat","embeddable":true,"href":"https:\/\/secureus.se\/pl\/wp-json\/wp\/v2\/product_cat?post=96740"},{"taxonomy":"product_tag","embeddable":true,"href":"https:\/\/secureus.se\/pl\/wp-json\/wp\/v2\/product_tag?post=96740"}],"curies":[{"name":"wp","href":"https:\/\/api.w.org\/{rel}","templated":true}]}}