{"id":96752,"date":"2024-08-08T21:47:49","date_gmt":"2024-08-08T19:47:49","guid":{"rendered":"https:\/\/secureus.se\/?post_type=product&#038;p=96752"},"modified":"2025-09-15T12:04:58","modified_gmt":"2025-09-15T10:04:58","slug":"handtag-ingaro-30r-hoger-8x43-formassingad","status":"publish","type":"product","link":"https:\/\/secureus.se\/pl\/handtag-ingaro-30r-hoger-8x43-formassingad\/","title":{"rendered":"Klamka okienna Ingar\u00f6 30R prawa 8X43 mosi\u0105dzowana \u2013 Roca"},"content":{"rendered":"<div>ROCA Ingar\u00f6 WH-I 30R to prawa klamka okienna z p\u0142ytk\u0105 podstawy 30 i ko\u0142kami prowadz\u0105cymi do prostego i estetycznego monta\u017cu. Ze sta\u0142ymi pozycjami ko\u0144cowymi dla okien \u201eTipp-Dreh\u201d. Klamka dost\u0119pna w wersji lewej, prawej i prostej. Seria Ingar\u00f6 ma klasyczny design i zosta\u0142a specjalnie opracowana, aby pasowa\u0142a do tradycyjnych okien, ale mo\u017ce r\u00f3wnie\u017c nada\u0107 zwyczajny charakter bardziej nowoczesnym oknom i drzwiom okiennym.<\/div>\n<div><b>W\u0142a\u015bciwo\u015bci:<\/b><\/div>\n<div>\n<ul>\n<li>Mocowanie C\/C: 43 mm<\/li>\n<li>Wymiary ko\u0142ka: 8X43 mm \u2013 Ko\u0142ek nale\u017cy zakupi\u0107 osobno<\/li>\n<li>Materia\u0142 uchwytu: stop cynkowo-aluminiowy<\/li>\n<li>Obr\u00f3bka powierzchniowa: mosi\u0105dzowana (nie starzeje si\u0119)<\/li>\n<\/ul>\n<\/div>","protected":false},"excerpt":{"rendered":"<p>ROCA Ingar\u00f6 WH-I 30R to prawa klamka okienna z p\u0142ytk\u0105 bazow\u0105 30 i trzpieniami prowadz\u0105cymi, zapewniaj\u0105ca prosty i schludny monta\u017c. Z ustalonymi po\u0142o\u017ceniami kra\u0144cowymi dla okien uchylno-rozwiernych. Uchwyt dost\u0119pny jest w wersji lewej, prawej i<\/p>","protected":false},"featured_media":136910,"template":"","meta":{"_acf_changed":false},"product_brand":[],"product_cat":[4126,4127],"product_tag":[],"class_list":{"0":"post-96752","1":"product","2":"type-product","3":"status-publish","4":"has-post-thumbnail","6":"product_cat-fonsterhandtag","7":"product_cat-handtag-altandorr","8":"product_shipping_class-postnord-varubrev","9":"pa_brands-roca","10":"tm-no-options","12":"first","13":"instock","14":"sale","15":"taxable","16":"shipping-taxable","17":"purchasable","18":"product-type-simple"},"acf":[],"_links":{"self":[{"href":"https:\/\/secureus.se\/pl\/wp-json\/wp\/v2\/product\/96752","targetHints":{"allow":["GET"]}}],"collection":[{"href":"https:\/\/secureus.se\/pl\/wp-json\/wp\/v2\/product"}],"about":[{"href":"https:\/\/secureus.se\/pl\/wp-json\/wp\/v2\/types\/product"}],"wp:featuredmedia":[{"embeddable":true,"href":"https:\/\/secureus.se\/pl\/wp-json\/wp\/v2\/media\/136910"}],"wp:attachment":[{"href":"https:\/\/secureus.se\/pl\/wp-json\/wp\/v2\/media?parent=96752"}],"wp:term":[{"taxonomy":"product_brand","embeddable":true,"href":"https:\/\/secureus.se\/pl\/wp-json\/wp\/v2\/product_brand?post=96752"},{"taxonomy":"product_cat","embeddable":true,"href":"https:\/\/secureus.se\/pl\/wp-json\/wp\/v2\/product_cat?post=96752"},{"taxonomy":"product_tag","embeddable":true,"href":"https:\/\/secureus.se\/pl\/wp-json\/wp\/v2\/product_tag?post=96752"}],"curies":[{"name":"wp","href":"https:\/\/api.w.org\/{rel}","templated":true}]}}