{"id":96755,"date":"2024-08-08T21:47:54","date_gmt":"2024-08-08T19:47:54","guid":{"rendered":"https:\/\/secureus.se\/?post_type=product&#038;p=96755"},"modified":"2026-03-25T15:41:31","modified_gmt":"2026-03-25T14:41:31","slug":"handtag-17-8x43-krom","status":"publish","type":"product","link":"https:\/\/secureus.se\/pl\/handtag-17-8x43-krom\/","title":{"rendered":"Klamka Spagnolette Klamka 17 8X43 Chrom \u2013 Assa Abloy"},"content":{"rendered":"<div>ASSA ABLOY Hantdag 17 jest stosowana do drzwi z pagonami antypanicznymi. W pozycji zamkni\u0119tej klamka musi znajdowa\u0107 si\u0119 w pozycji poziomej, gdzie jest zabezpieczona blokad\u0105 kulkow\u0105.<\/div>\n<div>\n<b>W\u0142a\u015bciwo\u015bci: <\/b><\/div>\n<div>\n<ul>\n<li>Sprint z kwadratowej stali ocynkowanej o grubo\u015bci 8 mm.<\/li>\n<li>D\u0142ugo\u015b\u0107 sprintu 43 mm.<\/li>\n<li>W pozycji zamkni\u0119tej uchwyt musi by\u0107 ustawiony poziomo i utrzymywany na miejscu za pomoc\u0105 blokady kulkowej.<\/li>\n<li>Materia\u0142: metal ze znalu<\/li>\n<li>Zalecany wkr\u0119t: TKFX 4,0 mm.<\/li>\n<\/ul>\n<\/div>\n<div><\/div>\n<div><\/div>","protected":false},"excerpt":{"rendered":"<p>ASSA ABLOY Hantdag 17 jest stosowana do drzwi z pagonami antypanicznymi. W pozycji zamkni\u0119tej klamka musi znajdowa\u0107 si\u0119 w pozycji poziomej, gdzie jest zabezpieczona blokad\u0105 kulkow\u0105. Cechy: Sprint 8 mm<\/p>","protected":false},"featured_media":137862,"template":"","meta":{"_acf_changed":false},"product_brand":[],"product_cat":[4113],"product_tag":[],"class_list":{"0":"post-96755","1":"product","2":"type-product","3":"status-publish","4":"has-post-thumbnail","6":"product_cat-spanjoletthandtag","7":"product_shipping_class-postnord-varubrev","8":"pa_brands-abloy","9":"tm-no-options","11":"first","12":"instock","13":"sale","14":"taxable","15":"shipping-taxable","16":"purchasable","17":"product-type-simple"},"acf":[],"_links":{"self":[{"href":"https:\/\/secureus.se\/pl\/wp-json\/wp\/v2\/product\/96755","targetHints":{"allow":["GET"]}}],"collection":[{"href":"https:\/\/secureus.se\/pl\/wp-json\/wp\/v2\/product"}],"about":[{"href":"https:\/\/secureus.se\/pl\/wp-json\/wp\/v2\/types\/product"}],"wp:featuredmedia":[{"embeddable":true,"href":"https:\/\/secureus.se\/pl\/wp-json\/wp\/v2\/media\/137862"}],"wp:attachment":[{"href":"https:\/\/secureus.se\/pl\/wp-json\/wp\/v2\/media?parent=96755"}],"wp:term":[{"taxonomy":"product_brand","embeddable":true,"href":"https:\/\/secureus.se\/pl\/wp-json\/wp\/v2\/product_brand?post=96755"},{"taxonomy":"product_cat","embeddable":true,"href":"https:\/\/secureus.se\/pl\/wp-json\/wp\/v2\/product_cat?post=96755"},{"taxonomy":"product_tag","embeddable":true,"href":"https:\/\/secureus.se\/pl\/wp-json\/wp\/v2\/product_tag?post=96755"}],"curies":[{"name":"wp","href":"https:\/\/api.w.org\/{rel}","templated":true}]}}