{"id":96762,"date":"2024-08-08T21:47:49","date_gmt":"2024-08-08T19:47:49","guid":{"rendered":"https:\/\/secureus.se\/?post_type=product&#038;p=96762"},"modified":"2025-08-15T19:41:08","modified_gmt":"2025-08-15T17:41:08","slug":"handtag-bjorko-30s-rak-8x43-krom","status":"publish","type":"product","link":"https:\/\/secureus.se\/pl\/handtag-bjorko-30s-rak-8x43-krom\/","title":{"rendered":"Klamka okienna Bj\u00f6rk\u00f6 30S Prosta 8X43 Chrom \u2013 Roca"},"content":{"rendered":"<div>ROCA Bj\u00f6rk\u00f6 WH-B 30S to prosta klamka okienna z p\u0142ytk\u0105 podstawy 30 i ko\u0142kami prowadz\u0105cymi do prostego i schludnego monta\u017cu. Ze sta\u0142ymi pozycjami ko\u0144cowymi dla okien \u201eTipp-Dreh\u201d. Klamka dost\u0119pna w wersji lewej, prawej i prostej. Seria Bj\u00f6rk\u00f6 to klamki okienne w nowoczesnym, ponadczasowym stylu retro, kt\u00f3re wtapiaj\u0105 si\u0119 w wi\u0119kszo\u015b\u0107 styl\u00f3w architektonicznych \u2013 secesj\u0119, funkcjonalizm i architektur\u0119 nowoczesn\u0105 \u2013 i je uwydatniaj\u0105.<\/div>\n<div><b>W\u0142a\u015bciwo\u015bci:<\/b><\/div>\n<div>\n<ul>\n<li>Mocowanie C\/C: 43 mm<\/li>\n<li>Wymiar sprintu: 8X43 mm<\/li>\n<li>Materia\u0142 uchwytu: stop cynkowo-aluminiowy<\/li>\n<li>Materia\u0142 \u015bruby: Stal ocynkowana<\/li>\n<li>Obr\u00f3bka powierzchniowa: chromowana<\/li>\n<\/ul>\n<\/div>","protected":false},"excerpt":{"rendered":"<p>ROCA Bj\u00f6rk\u00f6 WH-B 30S to prosta klamka okienna z p\u0142ytk\u0105 bazow\u0105 30 i trzpieniami prowadz\u0105cymi, zapewniaj\u0105ca prosty i schludny monta\u017c. Z ustalonymi po\u0142o\u017ceniami kra\u0144cowymi dla okien uchylno-rozwiernych. Uchwyt dost\u0119pny jest w wersji lewej, prawej i<\/p>","protected":false},"featured_media":136717,"template":"","meta":{"_acf_changed":false},"product_brand":[],"product_cat":[4126],"product_tag":[],"class_list":{"0":"post-96762","1":"product","2":"type-product","3":"status-publish","4":"has-post-thumbnail","6":"product_cat-fonsterhandtag","7":"product_shipping_class-postnord-varubrev","8":"pa_brands-roca","9":"tm-no-options","11":"first","12":"outofstock","13":"sale","14":"taxable","15":"shipping-taxable","16":"purchasable","17":"product-type-simple"},"acf":[],"_links":{"self":[{"href":"https:\/\/secureus.se\/pl\/wp-json\/wp\/v2\/product\/96762","targetHints":{"allow":["GET"]}}],"collection":[{"href":"https:\/\/secureus.se\/pl\/wp-json\/wp\/v2\/product"}],"about":[{"href":"https:\/\/secureus.se\/pl\/wp-json\/wp\/v2\/types\/product"}],"wp:featuredmedia":[{"embeddable":true,"href":"https:\/\/secureus.se\/pl\/wp-json\/wp\/v2\/media\/136717"}],"wp:attachment":[{"href":"https:\/\/secureus.se\/pl\/wp-json\/wp\/v2\/media?parent=96762"}],"wp:term":[{"taxonomy":"product_brand","embeddable":true,"href":"https:\/\/secureus.se\/pl\/wp-json\/wp\/v2\/product_brand?post=96762"},{"taxonomy":"product_cat","embeddable":true,"href":"https:\/\/secureus.se\/pl\/wp-json\/wp\/v2\/product_cat?post=96762"},{"taxonomy":"product_tag","embeddable":true,"href":"https:\/\/secureus.se\/pl\/wp-json\/wp\/v2\/product_tag?post=96762"}],"curies":[{"name":"wp","href":"https:\/\/api.w.org\/{rel}","templated":true}]}}