{"id":96772,"date":"2024-08-08T21:47:50","date_gmt":"2024-08-08T19:47:50","guid":{"rendered":"https:\/\/secureus.se\/?post_type=product&#038;p=96772"},"modified":"2026-04-08T15:49:33","modified_gmt":"2026-04-08T13:49:33","slug":"handtag-london-013vk-350kl-vanster-oval-8x00-f1-silver","status":"publish","type":"product","link":"https:\/\/secureus.se\/pl\/handtag-london-013vk-350kl-vanster-oval-8x00-f1-silver\/","title":{"rendered":"Klamka Espagnolette Klamka London 013VK\/350KL Lewa Owalna 8X00 F1 Srebrna \u2013 HOPPE"},"content":{"rendered":"<div>HOPPE London 13VK\/350KL to seria klamek z d\u0142ugim szyldem do drzwi okiennych z zamykanymi spanielami. Z wyci\u0119ciem w d\u0142ugim szyldzie pod wk\u0142adk\u0119 owaln\u0105 typu 1207 lub 1307. Wykonane z aluminium. Spe\u0142nia wymagania dotycz\u0105ce osadzania niklu \u2013 zatwierdzony dla alergik\u00f3w.<\/div>\n<div><b><br \/>W\u0142a\u015bciwo\u015bci:<\/b><\/div>\n<div>\n<ul>\n<li>Skr\u0119t w lewo<\/li>\n<li>P\u0142ytka d\u0142uga do wk\u0142adki owalnej owalnej<\/li>\n<li>\u015arednica sprintu: 8 mm<\/li>\n<li>D\u0142ugo\u015b\u0107 sprintu: 0 mm<\/li>\n<li>R\u00f3\u017cne pozycje: 90\u00b0<\/li>\n<li>Materia\u0142: aluminium<\/li>\n<li>Kolor: F1 Aluminium w kolorze srebrnym<\/li>\n<li>Spe\u0142nia wymagania dotycz\u0105ce osadzania niklu \u2013 zatwierdzony dla alergik\u00f3w.<\/li>\n<\/ul>\n<\/div>","protected":false},"excerpt":{"rendered":"<p>HOPPE London 13VK\/350KL to seria klamek z d\u0142ugim szyldem do drzwi okiennych z zamykanymi spanielami. Z wyci\u0119ciem w d\u0142ugim szyldzie pod wk\u0142adk\u0119 owaln\u0105 typu 1207 lub 1307. Wykonane z aluminium. Spe\u0142nia wymagania<\/p>","protected":false},"featured_media":137130,"template":"","meta":{"_acf_changed":false},"product_brand":[],"product_cat":[4113,4126,4127],"product_tag":[],"class_list":{"0":"post-96772","1":"product","2":"type-product","3":"status-publish","4":"has-post-thumbnail","6":"product_cat-spanjoletthandtag","7":"product_cat-fonsterhandtag","8":"product_cat-handtag-altandorr","9":"product_shipping_class-postnord-varubrev","10":"pa_brands-hoppe","11":"tm-no-options","13":"first","14":"instock","15":"sale","16":"taxable","17":"shipping-taxable","18":"purchasable","19":"product-type-simple"},"acf":[],"_links":{"self":[{"href":"https:\/\/secureus.se\/pl\/wp-json\/wp\/v2\/product\/96772","targetHints":{"allow":["GET"]}}],"collection":[{"href":"https:\/\/secureus.se\/pl\/wp-json\/wp\/v2\/product"}],"about":[{"href":"https:\/\/secureus.se\/pl\/wp-json\/wp\/v2\/types\/product"}],"wp:featuredmedia":[{"embeddable":true,"href":"https:\/\/secureus.se\/pl\/wp-json\/wp\/v2\/media\/137130"}],"wp:attachment":[{"href":"https:\/\/secureus.se\/pl\/wp-json\/wp\/v2\/media?parent=96772"}],"wp:term":[{"taxonomy":"product_brand","embeddable":true,"href":"https:\/\/secureus.se\/pl\/wp-json\/wp\/v2\/product_brand?post=96772"},{"taxonomy":"product_cat","embeddable":true,"href":"https:\/\/secureus.se\/pl\/wp-json\/wp\/v2\/product_cat?post=96772"},{"taxonomy":"product_tag","embeddable":true,"href":"https:\/\/secureus.se\/pl\/wp-json\/wp\/v2\/product_tag?post=96772"}],"curies":[{"name":"wp","href":"https:\/\/api.w.org\/{rel}","templated":true}]}}