{"id":96775,"date":"2024-08-08T21:47:50","date_gmt":"2024-08-08T19:47:50","guid":{"rendered":"https:\/\/secureus.se\/?post_type=product&#038;p=96775"},"modified":"2026-04-23T12:12:55","modified_gmt":"2026-04-23T10:12:55","slug":"handtag-tokyo-1710-93s-rakt-7x43-f1-silver","status":"publish","type":"product","link":"https:\/\/secureus.se\/pl\/handtag-tokyo-1710-93s-rakt-7x43-f1-silver\/","title":{"rendered":"Klamka okienna Klamka Tokyo 1710\/93S Prosta 7X43 F1 Srebrna \u2013 HOPPE"},"content":{"rendered":"<div>HOPPE Tokyo 0710\/93S to zamykana na klucz klamka zabezpieczaj\u0105ca do okien i drzwi okiennych. W po\u0142\u0105czeniu ze standardowym wk\u0142adk\u0105 zamka owalnego typu 1201 lub 1301, posiada atest Svenska Brand och S\u00e4kerhetscertificering AB, standard SS3620 klasa B. Wykonany z aluminium. Spe\u0142nia wymagania dla os\u00f3b uczulonych na nikiel - dopuszczony dla alergik\u00f3w.<\/div>\n<div><b>W\u0142a\u015bciwo\u015bci:<\/b><\/div>\n<div>\n<ul>\n<li>Zamykany na owaln\u0105 wk\u0142adk\u0119 patentow\u0105 (7-pin)<\/li>\n<li>Zatwierdzone zgodnie z norm\u0105 SS 3620:2010 \u2013 klasa B<\/li>\n<li>\u015arednica sprintu: 7 mm<\/li>\n<li>D\u0142ugo\u015b\u0107 sprintu: 43 mm<\/li>\n<li>Spe\u0142nia wymagania dla os\u00f3b uczulonych na nikiel - dopuszczony dla alergik\u00f3w.<\/li>\n<li>Obr\u00f3bka powierzchniowa: Aluminium w kolorze srebrnym F1<\/li>\n<li>Monta\u017c: widoczny, na \u015brub\u0119 jednokierunkow\u0105<\/li>\n<\/ul>\n<\/div>","protected":false},"excerpt":{"rendered":"<p>HOPPE Tokyo 0710\/93S to zamykana na klucz klamka zabezpieczaj\u0105ca do okien i drzwi okiennych. W po\u0142\u0105czeniu ze standardowym wk\u0142adk\u0105 zamka owalnego typu 1201 lub 1301 posiada aprobat\u0119 Svenska Brand och S\u00e4kerhetscertificering AB,<\/p>","protected":false},"featured_media":137924,"template":"","meta":{"_acf_changed":false},"product_brand":[],"product_cat":[4126,4127],"product_tag":[],"class_list":{"0":"post-96775","1":"product","2":"type-product","3":"status-publish","4":"has-post-thumbnail","6":"product_cat-fonsterhandtag","7":"product_cat-handtag-altandorr","8":"product_shipping_class-postnord-varubrev","9":"pa_brands-hoppe","10":"tm-no-options","12":"first","13":"instock","14":"sale","15":"taxable","16":"shipping-taxable","17":"purchasable","18":"product-type-simple"},"acf":[],"_links":{"self":[{"href":"https:\/\/secureus.se\/pl\/wp-json\/wp\/v2\/product\/96775","targetHints":{"allow":["GET"]}}],"collection":[{"href":"https:\/\/secureus.se\/pl\/wp-json\/wp\/v2\/product"}],"about":[{"href":"https:\/\/secureus.se\/pl\/wp-json\/wp\/v2\/types\/product"}],"wp:featuredmedia":[{"embeddable":true,"href":"https:\/\/secureus.se\/pl\/wp-json\/wp\/v2\/media\/137924"}],"wp:attachment":[{"href":"https:\/\/secureus.se\/pl\/wp-json\/wp\/v2\/media?parent=96775"}],"wp:term":[{"taxonomy":"product_brand","embeddable":true,"href":"https:\/\/secureus.se\/pl\/wp-json\/wp\/v2\/product_brand?post=96775"},{"taxonomy":"product_cat","embeddable":true,"href":"https:\/\/secureus.se\/pl\/wp-json\/wp\/v2\/product_cat?post=96775"},{"taxonomy":"product_tag","embeddable":true,"href":"https:\/\/secureus.se\/pl\/wp-json\/wp\/v2\/product_tag?post=96775"}],"curies":[{"name":"wp","href":"https:\/\/api.w.org\/{rel}","templated":true}]}}