{"id":96786,"date":"2024-08-08T21:47:50","date_gmt":"2024-08-08T19:47:50","guid":{"rendered":"https:\/\/secureus.se\/?post_type=product&#038;p=96786"},"modified":"2025-10-21T12:42:07","modified_gmt":"2025-10-21T10:42:07","slug":"handtag-tyreso-301tr-hoger-langskylt-8x70-matt-nickel","status":"publish","type":"product","link":"https:\/\/secureus.se\/pl\/handtag-tyreso-301tr-hoger-langskylt-8x70-matt-nickel\/","title":{"rendered":"Klamka Espagnolette Klamka Tyres\u00f6 301TR Prawa Szyld d\u0142ugi 8X70 Nikiel matowy \u2013 Roca"},"content":{"rendered":"<div>ROCA Tyres\u00f6 301TR (z ko\u0142kami prowadz\u0105cymi) Klamka okienna prawostronna do zamykanych drzwi hiszpa\u0144skich. D\u0142ugi szyld posiada owalne wg\u0142\u0119bienie na owalny cylinder zamka. Owalny otw\u00f3r mo\u017cna uzupe\u0142ni\u0107 Vred TT01, Cover Trace Rokoko RC01 lub Cover Trace BP01. Klamka okienna nadaje si\u0119 zatem do pojedynczego lub podw\u00f3jnego monta\u017cu z wk\u0142adk\u0105\/ga\u0142k\u0105, wk\u0142adk\u0105\/cylindrem lub wk\u0142adk\u0105\/pokryw\u0105 i jest dost\u0119pna w wersji lewej, prawej i prostej. Seria Tyres\u00f6 to klamki okienne o smuk\u0142ym i ponadczasowym designie, pasuj\u0105cym do nieco bardziej nowoczesnej architektury.<\/div>\n<div><b>W\u0142a\u015bciwo\u015bci:<\/b><\/div>\n<div>\n<ul>\n<li>Z ko\u0142kami prowadz\u0105cymi (301 bez ko\u0142k\u00f3w prowadz\u0105cych)<\/li>\n<li>Mocowanie C\/C: 43 mm mi\u0119dzy uchwytami, g\u00f3ra 71 mm w g\u00f3r\u0119<\/li>\n<li>Wymiary znaku d\u0142ugiego: 28X134 mm<\/li>\n<li>Wymiar sprintu: 8X70 mm<\/li>\n<li>Materia\u0142 uchwytu: stop cynkowo-aluminiowy<\/li>\n<li>Materia\u0142 \u015bruby: Stal ocynkowana<\/li>\n<li>Obr\u00f3bka powierzchniowa: niklowana, szczotkowana na mat<\/li>\n<\/ul>\n<\/div>","protected":false},"excerpt":{"rendered":"<p>ROCA Tyres\u00f6 301TR (z ko\u0142kami prowadz\u0105cymi) Klamka okienna prawostronna do zamykanych drzwi hiszpa\u0144skich. D\u0142ugi szyld posiada owalne wg\u0142\u0119bienie na owalny cylinder zamka. Otw\u00f3r owalny mo\u017cna uzupe\u0142ni\u0107 podk\u0142adk\u0105 Vred TT01, podk\u0142adk\u0105 Rokoko RC01 lub podk\u0142adk\u0105 maskuj\u0105c\u0105<\/p>","protected":false},"featured_media":145964,"template":"","meta":{"_acf_changed":false},"product_brand":[],"product_cat":[4113,4126,4127],"product_tag":[4863],"class_list":{"0":"post-96786","1":"product","2":"type-product","3":"status-publish","4":"has-post-thumbnail","6":"product_cat-spanjoletthandtag","7":"product_cat-fonsterhandtag","8":"product_cat-handtag-altandorr","9":"product_tag-pf","10":"product_shipping_class-postnord-varubrev","11":"pa_brands-roca","12":"tm-no-options","14":"first","15":"outofstock","16":"sale","17":"taxable","18":"shipping-taxable","19":"purchasable","20":"product-type-simple"},"acf":[],"_links":{"self":[{"href":"https:\/\/secureus.se\/pl\/wp-json\/wp\/v2\/product\/96786","targetHints":{"allow":["GET"]}}],"collection":[{"href":"https:\/\/secureus.se\/pl\/wp-json\/wp\/v2\/product"}],"about":[{"href":"https:\/\/secureus.se\/pl\/wp-json\/wp\/v2\/types\/product"}],"wp:featuredmedia":[{"embeddable":true,"href":"https:\/\/secureus.se\/pl\/wp-json\/wp\/v2\/media\/145964"}],"wp:attachment":[{"href":"https:\/\/secureus.se\/pl\/wp-json\/wp\/v2\/media?parent=96786"}],"wp:term":[{"taxonomy":"product_brand","embeddable":true,"href":"https:\/\/secureus.se\/pl\/wp-json\/wp\/v2\/product_brand?post=96786"},{"taxonomy":"product_cat","embeddable":true,"href":"https:\/\/secureus.se\/pl\/wp-json\/wp\/v2\/product_cat?post=96786"},{"taxonomy":"product_tag","embeddable":true,"href":"https:\/\/secureus.se\/pl\/wp-json\/wp\/v2\/product_tag?post=96786"}],"curies":[{"name":"wp","href":"https:\/\/api.w.org\/{rel}","templated":true}]}}