{"id":96806,"date":"2024-08-08T21:47:51","date_gmt":"2024-08-08T19:47:51","guid":{"rendered":"https:\/\/secureus.se\/?post_type=product&#038;p=96806"},"modified":"2025-09-15T12:06:03","modified_gmt":"2025-09-15T10:06:03","slug":"handtag-prasto-30s-rak-8x53-krom","status":"publish","type":"product","link":"https:\/\/secureus.se\/pl\/handtag-prasto-30s-rak-8x53-krom\/","title":{"rendered":"Klamka okienna Pr\u00e4st\u00f6 30S Prosta 8X53 Chrom \u2013 Roca"},"content":{"rendered":"<div>\n<div>ROCA Pr\u00e4st\u00f6 WH-P 30S to prosta klamka okienna z p\u0142ytk\u0105 podstawy 30 i ko\u0142kami prowadz\u0105cymi do prostego i estetycznego monta\u017cu. Ze sta\u0142ymi pozycjami ko\u0144cowymi dla okien \u201eTipp-Dreh\u201d. Klamka dost\u0119pna w wersji lewej, prawej i prostej. Seria Pr\u00e4st\u00f6 to idealna klamka okienna do architektury funkcjonalnej, ale unowocze\u015bniona klasyka retro sprawdza si\u0119 r\u00f3wnie\u017c w wi\u0119kszo\u015bci typ\u00f3w nowoczesnych budynk\u00f3w. Pr\u00e4st\u00f6 ma d\u0142u\u017cszy i bardziej ergonomiczny uchwyt ni\u017c starsze modele.<\/div>\n<p><\/div>\n<div><b>W\u0142a\u015bciwo\u015bci:<\/b><\/div>\n<div>\n<ul>\n<li>Mocowanie C\/C: 43 mm<\/li>\n<li>Wymiar sprintu: 8X53 mm<\/li>\n<li>Materia\u0142 uchwytu: stop cynkowo-aluminiowy<\/li>\n<li>Materia\u0142 \u015bruby: Stal ocynkowana<\/li>\n<li>Obr\u00f3bka powierzchniowa: chromowana<\/li>\n<\/ul>\n<\/div>","protected":false},"excerpt":{"rendered":"<p>ROCA Pr\u00e4st\u00f6 WH-P 30S to prosta klamka okienna z p\u0142ytk\u0105 podstawy 30 i ko\u0142kami prowadz\u0105cymi do prostego i estetycznego monta\u017cu. Ze sta\u0142ymi pozycjami ko\u0144cowymi dla okien \u201eTipp-Dreh\u201d. Uchwyt jest dost\u0119pny w wersji lewej, prawej i<\/p>","protected":false},"featured_media":136847,"template":"","meta":{"_acf_changed":false},"product_brand":[],"product_cat":[4126],"product_tag":[],"class_list":{"0":"post-96806","1":"product","2":"type-product","3":"status-publish","4":"has-post-thumbnail","6":"product_cat-fonsterhandtag","7":"product_shipping_class-postnord-varubrev","8":"pa_brands-roca","9":"tm-no-options","11":"first","12":"onbackorder","13":"sale","14":"taxable","15":"shipping-taxable","16":"purchasable","17":"product-type-simple"},"acf":[],"_links":{"self":[{"href":"https:\/\/secureus.se\/pl\/wp-json\/wp\/v2\/product\/96806","targetHints":{"allow":["GET"]}}],"collection":[{"href":"https:\/\/secureus.se\/pl\/wp-json\/wp\/v2\/product"}],"about":[{"href":"https:\/\/secureus.se\/pl\/wp-json\/wp\/v2\/types\/product"}],"wp:featuredmedia":[{"embeddable":true,"href":"https:\/\/secureus.se\/pl\/wp-json\/wp\/v2\/media\/136847"}],"wp:attachment":[{"href":"https:\/\/secureus.se\/pl\/wp-json\/wp\/v2\/media?parent=96806"}],"wp:term":[{"taxonomy":"product_brand","embeddable":true,"href":"https:\/\/secureus.se\/pl\/wp-json\/wp\/v2\/product_brand?post=96806"},{"taxonomy":"product_cat","embeddable":true,"href":"https:\/\/secureus.se\/pl\/wp-json\/wp\/v2\/product_cat?post=96806"},{"taxonomy":"product_tag","embeddable":true,"href":"https:\/\/secureus.se\/pl\/wp-json\/wp\/v2\/product_tag?post=96806"}],"curies":[{"name":"wp","href":"https:\/\/api.w.org\/{rel}","templated":true}]}}