{"id":96812,"date":"2024-08-08T21:47:51","date_gmt":"2024-08-08T19:47:51","guid":{"rendered":"https:\/\/secureus.se\/?post_type=product&#038;p=96812"},"modified":"2026-04-09T10:19:02","modified_gmt":"2026-04-09T08:19:02","slug":"handtag-london-013vk-350kl-hoger-8x67-f1-silver","status":"publish","type":"product","link":"https:\/\/secureus.se\/pl\/handtag-london-013vk-350kl-hoger-8x67-f1-silver\/","title":{"rendered":"Klamka Espagnolette Klamka London 013VK\/350KL Prawa 8X67 F1 Srebrna \u2013 HOPPE"},"content":{"rendered":"<div>HOPPE London 13VK\/350KL to seria klamek z d\u0142ugim szyldem do drzwi okiennych z zamykanymi spanielami. Wykonane z aluminium. Spe\u0142nia wymagania dotycz\u0105ce osadzania niklu \u2013 zatwierdzony dla alergik\u00f3w.<\/div>\n<div><b><br \/>\nW\u0142a\u015bciwo\u015bci:<\/b><\/div>\n<div>\n<ul>\n<li>Skr\u0119t w prawo<\/li>\n<li>\u017baluzja p\u0142ytowa d\u0142uga (bez otworu na cylinder)<\/li>\n<li>\u015arednica sprintu: 8 mm<\/li>\n<li>D\u0142ugo\u015b\u0107 sprintu: 67 mm<\/li>\n<li>R\u00f3\u017cne pozycje: 90\u00b0<\/li>\n<li>Materia\u0142: aluminium<\/li>\n<li>Kolor: F1 Aluminium w kolorze srebrnym<\/li>\n<li>Spe\u0142nia wymagania dotycz\u0105ce osadzania niklu \u2013 zatwierdzony dla alergik\u00f3w.<\/li>\n<\/ul>\n<\/div>\n<div><\/div>\n<div><\/div>","protected":false},"excerpt":{"rendered":"<p>HOPPE London 13VK\/350KL to seria klamek z d\u0142ugim szyldem do drzwi okiennych z zamykanymi spanielami. Wykonane z aluminium. Spe\u0142nia wymagania dotycz\u0105ce osadzania niklu \u2013 zatwierdzony dla alergik\u00f3w. Cechy: Prawostronna roleta d\u0142uga (bez otworu na cylinder)<\/p>","protected":false},"featured_media":137400,"template":"","meta":{"_acf_changed":false},"product_brand":[],"product_cat":[4113,4126,4127],"product_tag":[],"class_list":{"0":"post-96812","1":"product","2":"type-product","3":"status-publish","4":"has-post-thumbnail","6":"product_cat-spanjoletthandtag","7":"product_cat-fonsterhandtag","8":"product_cat-handtag-altandorr","9":"product_shipping_class-postnord-varubrev","10":"pa_brands-hoppe","11":"tm-no-options","13":"first","14":"instock","15":"sale","16":"taxable","17":"shipping-taxable","18":"purchasable","19":"product-type-simple"},"acf":[],"_links":{"self":[{"href":"https:\/\/secureus.se\/pl\/wp-json\/wp\/v2\/product\/96812","targetHints":{"allow":["GET"]}}],"collection":[{"href":"https:\/\/secureus.se\/pl\/wp-json\/wp\/v2\/product"}],"about":[{"href":"https:\/\/secureus.se\/pl\/wp-json\/wp\/v2\/types\/product"}],"wp:featuredmedia":[{"embeddable":true,"href":"https:\/\/secureus.se\/pl\/wp-json\/wp\/v2\/media\/137400"}],"wp:attachment":[{"href":"https:\/\/secureus.se\/pl\/wp-json\/wp\/v2\/media?parent=96812"}],"wp:term":[{"taxonomy":"product_brand","embeddable":true,"href":"https:\/\/secureus.se\/pl\/wp-json\/wp\/v2\/product_brand?post=96812"},{"taxonomy":"product_cat","embeddable":true,"href":"https:\/\/secureus.se\/pl\/wp-json\/wp\/v2\/product_cat?post=96812"},{"taxonomy":"product_tag","embeddable":true,"href":"https:\/\/secureus.se\/pl\/wp-json\/wp\/v2\/product_tag?post=96812"}],"curies":[{"name":"wp","href":"https:\/\/api.w.org\/{rel}","templated":true}]}}