{"id":96828,"date":"2024-08-08T21:47:52","date_gmt":"2024-08-08T19:47:52","guid":{"rendered":"https:\/\/secureus.se\/?post_type=product&#038;p=96828"},"modified":"2026-03-25T15:33:35","modified_gmt":"2026-03-25T14:33:35","slug":"handtag-42-rakt-8x43-krom","status":"publish","type":"product","link":"https:\/\/secureus.se\/pl\/handtag-42-rakt-8x43-krom\/","title":{"rendered":"Klamka okienna Klamka 42 Prosta 8X43 Chrom \u2013 Assa Abloy"},"content":{"rendered":"<div>ASSA ABLOY 42 to klamka okienna do okien i drzwi okiennych. Dost\u0119pne w wersji prostej, prawor\u0119cznej lub lewor\u0119cznej. Pasuj\u0105ce zamki klamkowe 840 i 850 mo\u017cna naby\u0107 osobno.<\/div>\n<div><b><br \/>W\u0142a\u015bciwo\u015bci:<\/b><\/div>\n<div>\n<ul>\n<li>Prosty<\/li>\n<li>Sprint z kwadratowej stali ocynkowanej o grubo\u015bci 8 mm<\/li>\n<li>D\u0142ugo\u015b\u0107 sprintu 43 mm<\/li>\n<li>Mocowanie C\/C: 43 mm<\/li>\n<li>Materia\u0142: metal ze znalu<\/li>\n<li>Obr\u00f3bka powierzchniowa: chrom<\/li>\n<li>\u0141\u0105cznik klamki 833, 833\/16 stosuje si\u0119, gdy klamki musz\u0105 by\u0107 montowane z obu stron<\/li>\n<\/ul>\n<\/div>","protected":false},"excerpt":{"rendered":"<p>ASSA ABLOY 42 to klamka okienna do okien i drzwi okiennych. Dost\u0119pne w wersji prostej, prawor\u0119cznej lub lewor\u0119cznej. Pasuj\u0105ce zamki klamkowe 840 i 850 mo\u017cna naby\u0107 osobno. W\u0142a\u015bciwo\u015bci: Prosty Sprint o grubo\u015bci 8 mm ocynkowany<\/p>","protected":false},"featured_media":137035,"template":"","meta":{"_acf_changed":false},"product_brand":[],"product_cat":[4126,4127],"product_tag":[],"class_list":{"0":"post-96828","1":"product","2":"type-product","3":"status-publish","4":"has-post-thumbnail","6":"product_cat-fonsterhandtag","7":"product_cat-handtag-altandorr","8":"product_shipping_class-postnord-varubrev","9":"pa_brands-abloy","10":"tm-no-options","12":"first","13":"instock","14":"sale","15":"taxable","16":"shipping-taxable","17":"purchasable","18":"product-type-simple"},"acf":[],"_links":{"self":[{"href":"https:\/\/secureus.se\/pl\/wp-json\/wp\/v2\/product\/96828","targetHints":{"allow":["GET"]}}],"collection":[{"href":"https:\/\/secureus.se\/pl\/wp-json\/wp\/v2\/product"}],"about":[{"href":"https:\/\/secureus.se\/pl\/wp-json\/wp\/v2\/types\/product"}],"wp:featuredmedia":[{"embeddable":true,"href":"https:\/\/secureus.se\/pl\/wp-json\/wp\/v2\/media\/137035"}],"wp:attachment":[{"href":"https:\/\/secureus.se\/pl\/wp-json\/wp\/v2\/media?parent=96828"}],"wp:term":[{"taxonomy":"product_brand","embeddable":true,"href":"https:\/\/secureus.se\/pl\/wp-json\/wp\/v2\/product_brand?post=96828"},{"taxonomy":"product_cat","embeddable":true,"href":"https:\/\/secureus.se\/pl\/wp-json\/wp\/v2\/product_cat?post=96828"},{"taxonomy":"product_tag","embeddable":true,"href":"https:\/\/secureus.se\/pl\/wp-json\/wp\/v2\/product_tag?post=96828"}],"curies":[{"name":"wp","href":"https:\/\/api.w.org\/{rel}","templated":true}]}}