{"id":96840,"date":"2024-08-08T21:47:52","date_gmt":"2024-08-08T19:47:52","guid":{"rendered":"https:\/\/secureus.se\/?post_type=product&#038;p=96840"},"modified":"2026-04-08T15:46:13","modified_gmt":"2026-04-08T13:46:13","slug":"handtag-7312-hoger-8x53-mattkrom","status":"publish","type":"product","link":"https:\/\/secureus.se\/pl\/handtag-7312-hoger-8x53-mattkrom\/","title":{"rendered":"Klamka okienna Klamka 7312 Prawa 8X53 Chrom mat \u2013 Assa Abloy"},"content":{"rendered":"<div>ASSA ABLOY 7312 to zamykana na klucz klamka okienna z serii Vinga do okien i drzwi okiennych. Dost\u0119pne w wersji prawej, lewej lub prostej. Pasuje zar\u00f3wno do starszej, jak i nowszej architektury.<\/div>\n<div><b><br \/>W\u0142a\u015bciwo\u015bci:<\/b><\/div>\n<div>\n<ul>\n<li>Zamykane na cylinder ci\u015bnieniowy<\/li>\n<li>Odpowiedni cylinder ci\u015bnieniowy 7310 lub 716, 1216 i 1316 do zatwierdzonego zamykania<\/li>\n<li>Wcisn\u0105\u0107 cylinder, aby zablokowa\u0107, odblokowa\u0107 kluczem<\/li>\n<li>Vinga 7312 posiada pokryw\u0119 zapewniaj\u0105c\u0105 ukryte mocowanie \u015brubowe.<\/li>\n<li>Uchwyt jest wciskany w tac\u0119 za pomoc\u0105 unikalnego mocowania zatrzaskowego.<\/li>\n<li>Chwyt mo\u017cna \u0142atwo zdemontowa\u0107 i wymieni\u0107 na inny, np. chwyt. zamykane lub uchwyt z inn\u0105 obr\u00f3bk\u0105 powierzchni.<\/li>\n<li>Spe\u0142nia wymagania szwedzkiej normy SS 3620 klasa B w zakresie ochrony przed w\u0142amaniem.<\/li>\n<li>Sprint, kwadrat 8mm<\/li>\n<li>D\u0142ugo\u015b\u0107 sprintu: 48 mm. \u2013 w razie potrzeby mo\u017cna przyci\u0105\u0107<\/li>\n<li>Materia\u0142: metal ze znalu<\/li>\n<li>Obr\u00f3bka powierzchniowa: Chrom lub matowy chrom<\/li>\n<\/ul>\n<\/div>","protected":false},"excerpt":{"rendered":"<p>ASSA ABLOY 7312 to zamykana na klucz klamka okienna z serii Vinga do okien i drzwi okiennych. Dost\u0119pne w wersji prawej, lewej lub prostej. Pasuje zar\u00f3wno do starszej, jak i nowszej architektury. Cechy: Zamykane na<\/p>","protected":false},"featured_media":137018,"template":"","meta":{"_acf_changed":false},"product_brand":[],"product_cat":[4126,4127],"product_tag":[],"class_list":{"0":"post-96840","1":"product","2":"type-product","3":"status-publish","4":"has-post-thumbnail","6":"product_cat-fonsterhandtag","7":"product_cat-handtag-altandorr","8":"product_shipping_class-postnord-varubrev","9":"pa_brands-abloy","10":"tm-no-options","12":"first","13":"onbackorder","14":"sale","15":"taxable","16":"shipping-taxable","17":"purchasable","18":"product-type-simple"},"acf":[],"_links":{"self":[{"href":"https:\/\/secureus.se\/pl\/wp-json\/wp\/v2\/product\/96840","targetHints":{"allow":["GET"]}}],"collection":[{"href":"https:\/\/secureus.se\/pl\/wp-json\/wp\/v2\/product"}],"about":[{"href":"https:\/\/secureus.se\/pl\/wp-json\/wp\/v2\/types\/product"}],"wp:featuredmedia":[{"embeddable":true,"href":"https:\/\/secureus.se\/pl\/wp-json\/wp\/v2\/media\/137018"}],"wp:attachment":[{"href":"https:\/\/secureus.se\/pl\/wp-json\/wp\/v2\/media?parent=96840"}],"wp:term":[{"taxonomy":"product_brand","embeddable":true,"href":"https:\/\/secureus.se\/pl\/wp-json\/wp\/v2\/product_brand?post=96840"},{"taxonomy":"product_cat","embeddable":true,"href":"https:\/\/secureus.se\/pl\/wp-json\/wp\/v2\/product_cat?post=96840"},{"taxonomy":"product_tag","embeddable":true,"href":"https:\/\/secureus.se\/pl\/wp-json\/wp\/v2\/product_tag?post=96840"}],"curies":[{"name":"wp","href":"https:\/\/api.w.org\/{rel}","templated":true}]}}