{"id":96848,"date":"2024-08-08T21:47:52","date_gmt":"2024-08-08T19:47:52","guid":{"rendered":"https:\/\/secureus.se\/?post_type=product&#038;p=96848"},"modified":"2026-03-25T15:39:09","modified_gmt":"2026-03-25T14:39:09","slug":"handtag-tokyo-0710-u76-hoger-lasvred-8x56-f1-silver","status":"publish","type":"product","link":"https:\/\/secureus.se\/pl\/handtag-tokyo-0710-u76-hoger-lasvred-8x56-f1-silver\/","title":{"rendered":"Klamka okienna Klamka Tokyo 0710\/U76 Prawa Ga\u0142ka blokuj\u0105ca 8X56 F1 Srebrna \u2013 HOPPE"},"content":{"rendered":"<div>HOPPE Tokyo 0710\/U76 to aluminiowa klamka okienna z r\u0119czn\u0105 ga\u0142k\u0105 blokuj\u0105c\u0105. Ga\u0142ka zamka nie posiada homologacji jako zabezpieczenie przed dzie\u0107mi. Spe\u0142nia wymagania dla os\u00f3b uczulonych na nikiel \u2013 posiada atest dla alergik\u00f3w.<\/div>\n<div><b><br \/>\nW\u0142a\u015bciwo\u015bci:<\/b><\/div>\n<div>\n<ul>\n<li>Mo\u017cliwo\u015b\u0107 zamkni\u0119cia za pomoc\u0105 pokr\u0119t\u0142a (niezatwierdzone jako zabezpieczenie przed dzie\u0107mi)<\/li>\n<li>Z charakterystycznymi pozycjami zatrzasku pod k\u0105tem 90\u00b0 (Dreh\/Tipp)<\/li>\n<li>Ko\u0142ki prowadz\u0105ce 10 mm.<\/li>\n<li>\u015arednica sprintu: 8 mm<\/li>\n<li>D\u0142ugo\u015b\u0107 sprintu: 56 mm<\/li>\n<li>Spe\u0142nia wymagania dla os\u00f3b uczulonych na nikiel - dopuszczony dla alergik\u00f3w.<\/li>\n<li>Obr\u00f3bka powierzchniowa: Aluminium w kolorze srebrnym F1<\/li>\n<li>Monta\u017c: ukryty<\/li>\n<\/ul>\n<\/div>","protected":false},"excerpt":{"rendered":"<p>HOPPE Tokyo 0710\/U76 to aluminiowa klamka okienna z r\u0119czn\u0105 ga\u0142k\u0105 blokuj\u0105c\u0105. Pokr\u0119t\u0142o blokuj\u0105ce nie posiada homologacji jako zabezpieczenie przed dzie\u0107mi. Spe\u0142nia wymagania dla os\u00f3b uczulonych na nikiel \u2013 posiada atest dla alergik\u00f3w. Cechy: Zamykane na ga\u0142k\u0119 (nr<\/p>","protected":false},"featured_media":136798,"template":"","meta":{"_acf_changed":false},"product_brand":[],"product_cat":[4126],"product_tag":[],"class_list":{"0":"post-96848","1":"product","2":"type-product","3":"status-publish","4":"has-post-thumbnail","6":"product_cat-fonsterhandtag","7":"product_shipping_class-postnord-varubrev","8":"pa_brands-hoppe","9":"tm-no-options","11":"first","12":"instock","13":"sale","14":"taxable","15":"shipping-taxable","16":"purchasable","17":"product-type-simple"},"acf":[],"_links":{"self":[{"href":"https:\/\/secureus.se\/pl\/wp-json\/wp\/v2\/product\/96848","targetHints":{"allow":["GET"]}}],"collection":[{"href":"https:\/\/secureus.se\/pl\/wp-json\/wp\/v2\/product"}],"about":[{"href":"https:\/\/secureus.se\/pl\/wp-json\/wp\/v2\/types\/product"}],"wp:featuredmedia":[{"embeddable":true,"href":"https:\/\/secureus.se\/pl\/wp-json\/wp\/v2\/media\/136798"}],"wp:attachment":[{"href":"https:\/\/secureus.se\/pl\/wp-json\/wp\/v2\/media?parent=96848"}],"wp:term":[{"taxonomy":"product_brand","embeddable":true,"href":"https:\/\/secureus.se\/pl\/wp-json\/wp\/v2\/product_brand?post=96848"},{"taxonomy":"product_cat","embeddable":true,"href":"https:\/\/secureus.se\/pl\/wp-json\/wp\/v2\/product_cat?post=96848"},{"taxonomy":"product_tag","embeddable":true,"href":"https:\/\/secureus.se\/pl\/wp-json\/wp\/v2\/product_tag?post=96848"}],"curies":[{"name":"wp","href":"https:\/\/api.w.org\/{rel}","templated":true}]}}