{"id":96866,"date":"2024-08-08T21:47:53","date_gmt":"2024-08-08T19:47:53","guid":{"rendered":"https:\/\/secureus.se\/?post_type=product&#038;p=96866"},"modified":"2026-04-08T15:45:46","modified_gmt":"2026-04-08T13:45:46","slug":"handtag-2683-hoger-8x43-nickel","status":"publish","type":"product","link":"https:\/\/secureus.se\/pl\/handtag-2683-hoger-8x43-nickel\/","title":{"rendered":"Klamka Espagnolette Klamka 2683 Prawa 8X43 Nikiel \u2013 SIBES"},"content":{"rendered":"<div>SIBES 2683 to klasyczna klamka okienna. 683 oznacza model na klamce i jest dost\u0119pny r\u00f3wnie\u017c w wersji z klamk\u0105 zamykan\u0105 i z d\u0142ugim szyldem do zamykanych drzwi hiszpa\u0144skich do drzwi tarasowych. Podobnie jak wszystkie klamki do okien i drzwi okiennych SIBES, zosta\u0142y zaprojektowane tak, aby pasowa\u0142y do najwa\u017cniejszych epok budownictwa, od rokoka po Funkis. Wszystkie uchwyty s\u0105 odlane z mosi\u0105dzu, co zapewnia odpowiedni\u0105 wag\u0119, wyczucie i wyko\u0144czenie.<\/div>\n<div><b>W\u0142a\u015bciwo\u015bci:<\/b><\/div>\n<div>\n<ul>\n<li>Wymiar sprintu: 8X43 mm<\/li>\n<li>Mocowanie C\/C: 43 mm<\/li>\n<li>Wbudowane pozycje blokuj\u0105ce dla pozycji otwartej i zamkni\u0119tej, kt\u00f3re utrzymuj\u0105 klamk\u0119 we w\u0142a\u015bciwej pozycji.<\/li>\n<li>Pasuj\u0105cy zamek klamki 7450<\/li>\n<li>Materia\u0142: mosi\u0105dz<\/li>\n<li>Dost\u0119pne z obr\u00f3bk\u0105 powierzchniow\u0105: Nieobrobiony, polerowany mosi\u0105dz, niklowany<\/li>\n<li>Mo\u017cna go r\u00f3wnie\u017c naby\u0107 ze \u015brub\u0105 7 mm i innymi d\u0142ugo\u015bciami<\/li>\n<li>Zalecana \u015bruba TKFX 4.0<\/li>\n<\/ul>\n<\/div>","protected":false},"excerpt":{"rendered":"<p>SIBES 2683 to klasyczna klamka okienna. 683 oznacza model na klamce i jest dost\u0119pny r\u00f3wnie\u017c w wersji z klamk\u0105 zamykan\u0105 i z d\u0142ugim szyldem do zamykanych drzwi hiszpa\u0144skich do drzwi tarasowych. Jak wszystkie SIBES<\/p>","protected":false},"featured_media":137336,"template":"","meta":{"_acf_changed":false},"product_brand":[],"product_cat":[4113,4126,4127],"product_tag":[],"class_list":{"0":"post-96866","1":"product","2":"type-product","3":"status-publish","4":"has-post-thumbnail","6":"product_cat-spanjoletthandtag","7":"product_cat-fonsterhandtag","8":"product_cat-handtag-altandorr","9":"product_shipping_class-postnord-varubrev","10":"pa_brands-sibes","11":"tm-no-options","13":"first","14":"instock","15":"sale","16":"taxable","17":"shipping-taxable","18":"purchasable","19":"product-type-simple"},"acf":[],"_links":{"self":[{"href":"https:\/\/secureus.se\/pl\/wp-json\/wp\/v2\/product\/96866","targetHints":{"allow":["GET"]}}],"collection":[{"href":"https:\/\/secureus.se\/pl\/wp-json\/wp\/v2\/product"}],"about":[{"href":"https:\/\/secureus.se\/pl\/wp-json\/wp\/v2\/types\/product"}],"wp:featuredmedia":[{"embeddable":true,"href":"https:\/\/secureus.se\/pl\/wp-json\/wp\/v2\/media\/137336"}],"wp:attachment":[{"href":"https:\/\/secureus.se\/pl\/wp-json\/wp\/v2\/media?parent=96866"}],"wp:term":[{"taxonomy":"product_brand","embeddable":true,"href":"https:\/\/secureus.se\/pl\/wp-json\/wp\/v2\/product_brand?post=96866"},{"taxonomy":"product_cat","embeddable":true,"href":"https:\/\/secureus.se\/pl\/wp-json\/wp\/v2\/product_cat?post=96866"},{"taxonomy":"product_tag","embeddable":true,"href":"https:\/\/secureus.se\/pl\/wp-json\/wp\/v2\/product_tag?post=96866"}],"curies":[{"name":"wp","href":"https:\/\/api.w.org\/{rel}","templated":true}]}}