{"id":97372,"date":"2022-06-28T12:49:16","date_gmt":"2022-06-28T10:49:16","guid":{"rendered":"https:\/\/secureus.se\/magnetkontakt-mc-250-10\/"},"modified":"2025-09-22T15:35:52","modified_gmt":"2025-09-22T13:35:52","slug":"magnetkontakt-mc-250-10","status":"publish","type":"product","link":"https:\/\/secureus.se\/pl\/magnetkontakt-mc-250-10\/","title":{"rendered":"Kontakt magnetyczny Mc 250-10"},"content":{"rendered":"<p>Czujka magnetyczna w ma\u0142ym formacie z funkcj\u0105 NC do monta\u017cu wpuszczanego w drzwiach i oknach. Zar\u00f3wno cz\u0119\u015b\u0107 stykowa, jak i magnesowa s\u0105 wykonane z metalu i zaprojektowane w formie \u015bruby z gwintem, co umo\u017cliwia \u0142atwy monta\u017c w drewnie lub tworzywie sztucznym. Dost\u0119pna jest szeroka gama akcesori\u00f3w do monta\u017cu wpuszczanego i powierzchniowego, patrz m.in. 6332743 do 6332754. Rezystancje i okre\u015blon\u0105 d\u0142ugo\u015b\u0107 kabla mo\u017cna zam\u00f3wi\u0107 na specjalne zam\u00f3wienie.<\/p>","protected":false},"excerpt":{"rendered":"<p>Styk magnetyczny MC250-10<\/p>","protected":false},"featured_media":143441,"template":"","meta":{"_acf_changed":false},"product_brand":[],"product_cat":[3086],"product_tag":[2465],"class_list":{"0":"post-97372","1":"product","2":"type-product","3":"status-publish","4":"has-post-thumbnail","6":"product_cat-magnetkontakter","7":"product_tag-sbsc-larmklass2","8":"product_shipping_class-postnord-varubrev","9":"pa_farg-ovrigt","10":"tm-no-options","12":"first","13":"instock","14":"sale","15":"taxable","16":"shipping-taxable","17":"purchasable","18":"product-type-simple"},"acf":[],"_links":{"self":[{"href":"https:\/\/secureus.se\/pl\/wp-json\/wp\/v2\/product\/97372","targetHints":{"allow":["GET"]}}],"collection":[{"href":"https:\/\/secureus.se\/pl\/wp-json\/wp\/v2\/product"}],"about":[{"href":"https:\/\/secureus.se\/pl\/wp-json\/wp\/v2\/types\/product"}],"wp:featuredmedia":[{"embeddable":true,"href":"https:\/\/secureus.se\/pl\/wp-json\/wp\/v2\/media\/143441"}],"wp:attachment":[{"href":"https:\/\/secureus.se\/pl\/wp-json\/wp\/v2\/media?parent=97372"}],"wp:term":[{"taxonomy":"product_brand","embeddable":true,"href":"https:\/\/secureus.se\/pl\/wp-json\/wp\/v2\/product_brand?post=97372"},{"taxonomy":"product_cat","embeddable":true,"href":"https:\/\/secureus.se\/pl\/wp-json\/wp\/v2\/product_cat?post=97372"},{"taxonomy":"product_tag","embeddable":true,"href":"https:\/\/secureus.se\/pl\/wp-json\/wp\/v2\/product_tag?post=97372"}],"curies":[{"name":"wp","href":"https:\/\/api.w.org\/{rel}","templated":true}]}}