{"id":97441,"date":"2024-08-20T18:24:19","date_gmt":"2024-08-20T16:24:19","guid":{"rendered":"https:\/\/secureus.se\/?post_type=product&#038;p=97441"},"modified":"2026-03-25T15:41:17","modified_gmt":"2026-03-25T14:41:17","slug":"fonsterbroms-750-1","status":"publish","type":"product","link":"https:\/\/secureus.se\/pl\/fonsterbroms-750-1\/","title":{"rendered":"ASSA Fix 750\/1 Hamulec okienny \/ drzwiowy \u2013 207 mm \u2013 Euronot"},"content":{"rendered":"<p><strong>ASSA 750\/1<\/strong> jest jeden <strong>hamulec okienny \/ hamulec drzwiowy do okien i drzwi tarasowych<\/strong> kt\u00f3ry jest u\u017cywany razem z <strong>zasuwnica z przek\u0142adni\u0105 hamulcow\u0105<\/strong>Umo\u017cliwia pozostawienie okna lub drzwi w pozycji otwartej, w celu wentylacji, zamiast trzaskania lub ca\u0142kowitego otwarcia.<\/p>\n<p>Model jest <strong>dostosowany do Euronote<\/strong> i ma <strong>Skrzynka hamulcowa w\u0105ska 16 mm<\/strong> kt\u00f3ry montuje si\u0119 w wyfrezowanym rowku w oknie lub drzwiach tarasowych.<\/p>\n<p>W przeciwie\u0144stwie do modelu <strong>ASSA 760<\/strong> ma t\u0119 odmian\u0119 <strong>mocowanie ramy sta\u0142ej<\/strong>.<\/p>\n<p>Hamulec okienny obs\u0142ugiwany jest za pomoc\u0105 klamki zasuwnicy i wytwarza tarcie w pr\u0119cie hamulca, dzi\u0119ki czemu okno lub drzwi tarasowe mo\u017cna utrzyma\u0107 w po\u017c\u0105danej pozycji wentylacyjnej.<\/p>\n<h3>Charakterystyka<\/h3>\n<ul>\n<li>Mocowanie ramy sta\u0142ej<\/li>\n<li>Dostosowany do Euronot (monta\u017c w rowku)<\/li>\n<li>W\u0105ska obudowa hamulca \u2013 16 mm<\/li>\n<li>Pasuje do okien i drzwi tarasowych<\/li>\n<li>Obs\u0142ugiwane za pomoc\u0105 klamki zasuwnicy<\/li>\n<li>Utrzymuje drzwi w pozycji wentylacyjnej<\/li>\n<li>Po\u015blizg w przypadku przeci\u0105\u017cenia, chroni\u0105cy zawiasy i okucia<\/li>\n<li>Zwi\u0119kszone tarcie przy wi\u0119kszym k\u0105cie otwarcia<\/li>\n<\/ul>\n<h3>Wymiary \u2013 ASSA 750\/1<\/h3>\n<ul>\n<li>Do szeroko\u015bci \u0142uku: 301\u2013400 mm<\/li>\n<li>K\u0105t otwarcia: 85\u00b0<\/li>\n<li>D\u0142ugo\u015b\u0107 skrzyni hamulcowej: 207 mm<\/li>\n<li>D\u0142ugo\u015b\u0107 ramienia: 140 mm<\/li>\n<li>Szeroko\u015b\u0107 produktu: 16 mm<\/li>\n<\/ul>\n<h3>Zalecane \u015bruby<\/h3>\n<ul>\n<li>TFX 3,0 mm do hamulca szybowego<\/li>\n<li>TFX 3,5 mm do uchwytu ramy<\/li>\n<\/ul>\n<div style=\"background: #f6f8fa;padding: 14px;border-radius: 6px;margin: 18px 0\">\n<p><strong>Nie wiesz, jaki hamulec szyby jest Ci potrzebny?<\/strong><\/p>\n<p>Por\u00f3wnaj sw\u00f3j obecny hamulec z obrazami produktu lub zobacz ca\u0142\u0105 gam\u0119.<a style=\"font-weight: bold\" href=\"https:\/\/secureus.se\/pl\/fonsterbroms\/\"><br \/>\nZobacz wszystkie hamulce okienne tutaj \u2192<br \/>\n<\/a><\/p>\n<\/div>","protected":false},"excerpt":{"rendered":"<div style=\"background: #f6f8fa;padding: 14px;border-radius: 6px;margin: 15px 0\">\n<p><strong>\u2714 Ten model montowany jest w rowku (Euronot)<\/strong><\/p>\n<p>ASSA 750 ma <strong>Skrzynka hamulcowa w\u0105ska 16 mm<\/strong> kt\u00f3ry jest wykonany tak, aby pasowa\u0142 do wyfrezowanego rowka w oknie lub drzwiach tarasowych.<\/p>\n<p>Przed z\u0142o\u017ceniem zam\u00f3wienia sprawd\u017a, czy Tw\u00f3j obecny hamulec pasuje do rowka w drzwiach lub oknie.<\/p>\n<p><img decoding=\"async\" style=\"max-width: 150px;width: 100%;margin-top: 10px;border-radius: 6px\" src=\"https:\/\/secureus.se\/wp-content\/uploads\/2024\/12\/fonsterbroms-750-4-1-150x150.jpg\" alt=\"Szyna hamulca okiennego Euronot 16 mm\" \/><\/p>\n<\/div>","protected":false},"featured_media":137326,"template":"","meta":{"_acf_changed":false},"product_brand":[],"product_cat":[3126,4796],"product_tag":[4798,4863],"class_list":{"0":"post-97441","1":"product","2":"type-product","3":"status-publish","4":"has-post-thumbnail","6":"product_cat-fonsterbroms","7":"product_cat-assa-750","8":"product_tag-207mm","9":"product_tag-pf","10":"product_shipping_class-tunga-paket","11":"pa_brands-abloy","12":"tm-no-options","14":"first","15":"onbackorder","16":"taxable","17":"shipping-taxable","18":"purchasable","19":"product-type-simple"},"acf":[],"_links":{"self":[{"href":"https:\/\/secureus.se\/pl\/wp-json\/wp\/v2\/product\/97441","targetHints":{"allow":["GET"]}}],"collection":[{"href":"https:\/\/secureus.se\/pl\/wp-json\/wp\/v2\/product"}],"about":[{"href":"https:\/\/secureus.se\/pl\/wp-json\/wp\/v2\/types\/product"}],"wp:featuredmedia":[{"embeddable":true,"href":"https:\/\/secureus.se\/pl\/wp-json\/wp\/v2\/media\/137326"}],"wp:attachment":[{"href":"https:\/\/secureus.se\/pl\/wp-json\/wp\/v2\/media?parent=97441"}],"wp:term":[{"taxonomy":"product_brand","embeddable":true,"href":"https:\/\/secureus.se\/pl\/wp-json\/wp\/v2\/product_brand?post=97441"},{"taxonomy":"product_cat","embeddable":true,"href":"https:\/\/secureus.se\/pl\/wp-json\/wp\/v2\/product_cat?post=97441"},{"taxonomy":"product_tag","embeddable":true,"href":"https:\/\/secureus.se\/pl\/wp-json\/wp\/v2\/product_tag?post=97441"}],"curies":[{"name":"wp","href":"https:\/\/api.w.org\/{rel}","templated":true}]}}