{"id":97510,"date":"2024-08-21T19:29:07","date_gmt":"2024-08-21T17:29:07","guid":{"rendered":"https:\/\/secureus.se\/?post_type=product&#038;p=97510"},"modified":"2025-10-21T12:44:09","modified_gmt":"2025-10-21T10:44:09","slug":"trycke-8638-30-75mm-matt-rostfritt","status":"publish","type":"product","link":"https:\/\/secureus.se\/pl\/trycke-8638-30-75mm-matt-rostfritt\/","title":{"rendered":"Klamka Trycke 8638 30-75mm Nierdzewny Mat \u2013 Assa Abloy"},"content":{"rendered":"<p>\nKlamka do drzwi 8638 nale\u017cy do serii klamek, uchwyt\u00f3w i akcesori\u00f3w ASSA ABLOY ze stali nierdzewnej. Bardzo dobrze sprawdza si\u0119 w nowoczesnych obiektach u\u017cyteczno\u015bci publicznej, np. instytucjach, biurach w \u015brodowiskach o wysokich wymaganiach higienicznych. Materia\u0142 nierdzewny jest trwa\u0142y i chroni przed korozj\u0105 oraz zanieczyszczeniem powietrza. Nadaje si\u0119 do drzwi zewn\u0119trznych, wej\u015bciowych i wewn\u0119trznych z zamkami modu\u0142owymi.<br \/>\n<\/p>\n<div><\/div>\n<div><b>W\u0142a\u015bciwo\u015bci:<\/b>\u00a0<\/div>\n<div>\n<ul>\n<li>Spr\u0119\u017cyna powrotna odci\u0105\u017caj\u0105ca spr\u0119\u017cyn\u0119 wio\u015blarsk\u0105 obudowy zamka i pomagaj\u0105ca ci\u015bnieniu powr\u00f3ci\u0107 do pozycji poziomej.\u00a0\u00a0<\/li>\n<li>Wszystkie widoczne cz\u0119\u015bci z matowej, szczotkowanej, kwasoodpornej stali nierdzewnej AISI 316L\u00a0<\/li>\n<li>\u0141o\u017cysko igie\u0142kowe zapewniaj\u0105ce prac\u0119 bez tarcia.\u00a0\u00a0<\/li>\n<li>Dost\u0119pne dla grubo\u015bci drzwi 30-75 mm.\u00a0<\/li>\n<li>Rozeta standardowa \u00d8 53 mm<\/li>\n<li>Pasuje do obudowy zamka modu\u0142owego Connect \/ Classic<\/li>\n<li>Nie pasuje do obudowy zamka ABLOY 2014 lub r\u00f3wnowa\u017cnej skrzynki wewn\u0119trznej drzwi<\/li>\n<li>Wymienny sworze\u0144 i \u015bruba do drzwi o r\u00f3\u017cnej grubo\u015bci.<\/li>\n<li>Ci\u0105g\u0142e mocowanie \u015brubowe wzmacniaj\u0105ce drzwi.<\/li>\n<\/ul>\n<p><b>Pakiet zawiera:<br \/><\/b><\/p>\n<ul>\n<li>2 szt. Zaci\u015bni\u0119cie po\u0142\u00f3wek (uchwyt\u00f3w).<\/li>\n<li>2 szt. \u015aruby dociskowe M5. (obr\u00f3\u0107 \u015brub\u0119)<\/li>\n<li>2 O-ringi.<\/li>\n<li>2 szt. Nakr\u0119tka tulejowa M5.<\/li>\n<li>2 szt. Ko\u0142ki dociskowe 8x8x102 mm i 8x8x120 mm.<\/li>\n<\/ul>\n<\/div>","protected":false},"excerpt":{"rendered":"<p>D\u00f6rrtrycke 8638 ing\u00e5r i ASSA ABLOYs serie av rostfria rostfria trycken, draghandtag och beh\u00f6r. L\u00e4mpar sig mycket v\u00e4l i moderna offentliga objekttyper, t ex institutioner, kontor i milj\u00f6er med h\u00f6ga<\/p>","protected":false},"featured_media":136700,"template":"","meta":{"_acf_changed":false},"product_brand":[],"product_cat":[4124,4125],"product_tag":[4863],"class_list":{"0":"post-97510","1":"product","2":"type-product","3":"status-publish","4":"has-post-thumbnail","6":"product_cat-dorrhandtag-innerdorr","7":"product_cat-dorrhandtag-ytterdorr","8":"product_tag-pf","9":"product_shipping_class-postnord-varubrev","10":"pa_brands-abloy","11":"tm-no-options","13":"first","14":"onbackorder","15":"sale","16":"taxable","17":"shipping-taxable","18":"purchasable","19":"product-type-simple"},"acf":[],"_links":{"self":[{"href":"https:\/\/secureus.se\/pl\/wp-json\/wp\/v2\/product\/97510","targetHints":{"allow":["GET"]}}],"collection":[{"href":"https:\/\/secureus.se\/pl\/wp-json\/wp\/v2\/product"}],"about":[{"href":"https:\/\/secureus.se\/pl\/wp-json\/wp\/v2\/types\/product"}],"wp:featuredmedia":[{"embeddable":true,"href":"https:\/\/secureus.se\/pl\/wp-json\/wp\/v2\/media\/136700"}],"wp:attachment":[{"href":"https:\/\/secureus.se\/pl\/wp-json\/wp\/v2\/media?parent=97510"}],"wp:term":[{"taxonomy":"product_brand","embeddable":true,"href":"https:\/\/secureus.se\/pl\/wp-json\/wp\/v2\/product_brand?post=97510"},{"taxonomy":"product_cat","embeddable":true,"href":"https:\/\/secureus.se\/pl\/wp-json\/wp\/v2\/product_cat?post=97510"},{"taxonomy":"product_tag","embeddable":true,"href":"https:\/\/secureus.se\/pl\/wp-json\/wp\/v2\/product_tag?post=97510"}],"curies":[{"name":"wp","href":"https:\/\/api.w.org\/{rel}","templated":true}]}}