{"id":97512,"date":"2024-08-21T19:29:08","date_gmt":"2024-08-21T17:29:08","guid":{"rendered":"https:\/\/secureus.se\/?post_type=product&#038;p=97512"},"modified":"2026-04-08T15:36:23","modified_gmt":"2026-04-08T13:36:23","slug":"trycke-dallas-1643-id-35-55mm-f9714m-mattsvart","status":"publish","type":"product","link":"https:\/\/secureus.se\/pl\/trycke-dallas-1643-id-35-55mm-f9714m-mattsvart\/","title":{"rendered":"Klamka drzwiowa Dallas 1643 ID 35-55mm F9714M Matowa czer\u0144 \u2013 HOPPE"},"content":{"rendered":"<p>\nNadruk HOPPE z mini rozetami do drzwi wewn\u0119trznych z serii Dallas. Wszystkie widoczne detale wykonane s\u0105 z aluminium. Ze spr\u0119\u017cyn\u0105 powrotn\u0105 o podw\u00f3jnym dzia\u0142aniu i mocowaniem Kvick-i-Sprint, co oznacza, \u017ce monta\u017c odbywa si\u0119 ca\u0142kowicie bez \u015brub.<\/p>\n<p><b>W\u0142a\u015bciwo\u015bci:<\/b><\/p>\n<ul>\n<li>Spe\u0142nia wymagania dotycz\u0105ce osadzania niklu - hipoalergiczny<\/li>\n<li>Grubo\u015b\u0107 drzwi 35-55 mm.<\/li>\n<li>Ig\u0142a drukarska 8\u00d78 mm<\/li>\n<li>Mini rozety o \u015brednicy zewn\u0119trznej 28 mm<\/li>\n<li>Materia\u0142: aluminium<\/li>\n<li>Kolor: F9714M Czarny<\/li>\n<li>10-letnia gwarancja funkcjonalno\u015bci.<\/li>\n<\/ul>","protected":false},"excerpt":{"rendered":"<p>Nadruk HOPPE z mini rozetami do drzwi wewn\u0119trznych z serii Dallas. Wszystkie widoczne detale wykonane s\u0105 z aluminium. Ze spr\u0119\u017cyn\u0105 powrotn\u0105 o podw\u00f3jnym dzia\u0142aniu i mocowaniem Kvick-i-Sprint, co oznacza, \u017ce monta\u017c odbywa si\u0119 ca\u0142kowicie bez \u015brub.<\/p>","protected":false},"featured_media":136526,"template":"","meta":{"_acf_changed":false},"product_brand":[],"product_cat":[4124],"product_tag":[],"class_list":{"0":"post-97512","1":"product","2":"type-product","3":"status-publish","4":"has-post-thumbnail","6":"product_cat-dorrhandtag-innerdorr","7":"product_shipping_class-postnord-varubrev","8":"pa_brands-hoppe","9":"tm-no-options","11":"first","12":"instock","13":"sale","14":"taxable","15":"shipping-taxable","16":"purchasable","17":"product-type-simple"},"acf":[],"_links":{"self":[{"href":"https:\/\/secureus.se\/pl\/wp-json\/wp\/v2\/product\/97512","targetHints":{"allow":["GET"]}}],"collection":[{"href":"https:\/\/secureus.se\/pl\/wp-json\/wp\/v2\/product"}],"about":[{"href":"https:\/\/secureus.se\/pl\/wp-json\/wp\/v2\/types\/product"}],"wp:featuredmedia":[{"embeddable":true,"href":"https:\/\/secureus.se\/pl\/wp-json\/wp\/v2\/media\/136526"}],"wp:attachment":[{"href":"https:\/\/secureus.se\/pl\/wp-json\/wp\/v2\/media?parent=97512"}],"wp:term":[{"taxonomy":"product_brand","embeddable":true,"href":"https:\/\/secureus.se\/pl\/wp-json\/wp\/v2\/product_brand?post=97512"},{"taxonomy":"product_cat","embeddable":true,"href":"https:\/\/secureus.se\/pl\/wp-json\/wp\/v2\/product_cat?post=97512"},{"taxonomy":"product_tag","embeddable":true,"href":"https:\/\/secureus.se\/pl\/wp-json\/wp\/v2\/product_tag?post=97512"}],"curies":[{"name":"wp","href":"https:\/\/api.w.org\/{rel}","templated":true}]}}