{"id":97514,"date":"2024-08-21T19:29:09","date_gmt":"2024-08-21T17:29:09","guid":{"rendered":"https:\/\/secureus.se\/?post_type=product&#038;p=97514"},"modified":"2026-04-08T15:45:05","modified_gmt":"2026-04-08T13:45:05","slug":"trycke-vitoria-1515-id-37-42mm-f1-silver","status":"publish","type":"product","link":"https:\/\/secureus.se\/pl\/trycke-vitoria-1515-id-37-42mm-f1-silver\/","title":{"rendered":"Klamka drzwiowa Vitoria 1515 ID 37-42mm F1 Srebrna \u2013 HOPPE"},"content":{"rendered":"<p>\nKompletny nadruk HOPPE z p\u0142ytk\u0105 na klucz do drzwi wewn\u0119trznych z serii Vitoria. Wszystkie widoczne detale wykonane s\u0105 z aluminium z rozetami umo\u017cliwiaj\u0105cymi ukryte mocowanie. Ze spr\u0119\u017cyn\u0105 powrotn\u0105 o podw\u00f3jnym dzia\u0142aniu i mocowaniem Quick-in-Sprint.<\/p>\n<p><b>W\u0142a\u015bciwo\u015bci:<\/b><\/p>\n<ul>\n<li>Spe\u0142nia wymagania dotycz\u0105ce osadzania niklu - hipoalergiczny<\/li>\n<li>Grubo\u015b\u0107 drzwi 37-42 mm.<\/li>\n<li>Ig\u0142a drukarska 8\u00d78 mm<\/li>\n<li>Pasuje do zamk\u00f3w drzwi wewn\u0119trznych typu 2014<\/li>\n<li>Materia\u0142: aluminium<\/li>\n<li>Kolor: srebrny F1<\/li>\n<li>10-letnia gwarancja funkcjonalno\u015bci.<\/li>\n<\/ul>","protected":false},"excerpt":{"rendered":"<p>Kompletny nadruk HOPPE z p\u0142ytk\u0105 na klucz do drzwi wewn\u0119trznych z serii Vitoria. Wszystkie widoczne detale wykonane s\u0105 z aluminium z rozetami umo\u017cliwiaj\u0105cymi ukryte mocowanie. Ze spr\u0119\u017cyn\u0105 powrotn\u0105 o podw\u00f3jnym dzia\u0142aniu i mocowaniem Quick-in-Sprint. Cechy: Spe\u0142nia<\/p>","protected":false},"featured_media":136942,"template":"","meta":{"_acf_changed":false},"product_brand":[],"product_cat":[4124],"product_tag":[],"class_list":{"0":"post-97514","1":"product","2":"type-product","3":"status-publish","4":"has-post-thumbnail","6":"product_cat-dorrhandtag-innerdorr","7":"product_shipping_class-postnord-varubrev","8":"pa_brands-hoppe","9":"tm-no-options","11":"first","12":"instock","13":"sale","14":"taxable","15":"shipping-taxable","16":"purchasable","17":"product-type-simple"},"acf":[],"_links":{"self":[{"href":"https:\/\/secureus.se\/pl\/wp-json\/wp\/v2\/product\/97514","targetHints":{"allow":["GET"]}}],"collection":[{"href":"https:\/\/secureus.se\/pl\/wp-json\/wp\/v2\/product"}],"about":[{"href":"https:\/\/secureus.se\/pl\/wp-json\/wp\/v2\/types\/product"}],"wp:featuredmedia":[{"embeddable":true,"href":"https:\/\/secureus.se\/pl\/wp-json\/wp\/v2\/media\/136942"}],"wp:attachment":[{"href":"https:\/\/secureus.se\/pl\/wp-json\/wp\/v2\/media?parent=97514"}],"wp:term":[{"taxonomy":"product_brand","embeddable":true,"href":"https:\/\/secureus.se\/pl\/wp-json\/wp\/v2\/product_brand?post=97514"},{"taxonomy":"product_cat","embeddable":true,"href":"https:\/\/secureus.se\/pl\/wp-json\/wp\/v2\/product_cat?post=97514"},{"taxonomy":"product_tag","embeddable":true,"href":"https:\/\/secureus.se\/pl\/wp-json\/wp\/v2\/product_tag?post=97514"}],"curies":[{"name":"wp","href":"https:\/\/api.w.org\/{rel}","templated":true}]}}