{"id":97522,"date":"2024-08-21T19:29:09","date_gmt":"2024-08-21T17:29:09","guid":{"rendered":"https:\/\/secureus.se\/?post_type=product&#038;p=97522"},"modified":"2026-04-23T12:04:11","modified_gmt":"2026-04-23T10:04:11","slug":"trycke-1930-40-75mm-svart-nickel","status":"publish","type":"product","link":"https:\/\/secureus.se\/pl\/trycke-1930-40-75mm-svart-nickel\/","title":{"rendered":"Klamka Trycke 1930 40-75mm Czarny\/Nikiel \u2013 Assa Abloy"},"content":{"rendered":"<div>ASSA ABLOY 1930 to klamka do drzwi, kt\u00f3rej design stanowi skrzy\u017cowanie dw\u00f3ch wcze\u015bniej nieprzystaj\u0105cych do siebie epok. Cz\u0119\u015bciowo z \u201eguzowatymi\u201d nadrukami na r\u0119kawach z lat 80. i 90. XIX wieku, cz\u0119sto ze starszym dekoltem w kszta\u0142cie litery T, ukszta\u0142towanym w ten spos\u00f3b ze wzgl\u0119du na stare techniki kowalskie, cz\u0119\u015bciowo z prostych, efektownych nadruk\u00f3w z lat 30. XX wieku. 1930 jest cz\u0119\u015bci\u0105 serii ASSA ABLOY Epok. Nadaje si\u0119 do drzwi zewn\u0119trznych, wej\u015bciowych i wewn\u0119trznych z zamkami modu\u0142owymi.<\/div>\n<div><b><br \/>W\u0142a\u015bciwo\u015bci:<\/b><\/div>\n<div>\n<ul>\n<li>Materia\u0142: mosi\u0105dz<\/li>\n<li>Obr\u00f3bka powierzchniowa: Szyjka z niklu, chromu matowego, chromu polerowanego, mosi\u0105dzu polerowanego<\/li>\n<li>Klamka w kolorze bia\u0142ym (RAL 1013), czarnym (RAL 8022) lub zielonym (RAL 6028) malowana proszkowo lub niklowana, chrom mat, chrom jasny, mosi\u0105dz matowy szczotkowany, mosi\u0105dz polerowany\u00a0<\/li>\n<li>Spr\u0119\u017cyna powrotna, kt\u00f3ra odci\u0105\u017ca spr\u0119\u017cyn\u0119 wio\u015blarsk\u0105 obudowy zamka i pomaga utrzyma\u0107 ci\u015bnienie w pozycji poziomej<\/li>\n<li>Standardowa dostawa dla drzwi o grubo\u015bci 40-75 mm<\/li>\n<li>Rozeta: \u00d8 52 mm<\/li>\n<li>Pasuje do obudowy zamka modu\u0142owego Connect \/ Classic<\/li>\n<li>Nie pasuje do obudowy zamka ABLOY 2014 lub r\u00f3wnowa\u017cnej skrzynki wewn\u0119trznej drzwi<\/li>\n<li>Do drzwi zewn\u0119trznych\/wewn\u0119trznych<\/li>\n<\/ul>\n<\/div>\n<div><b><br \/>Pakiet zawiera:<\/b><\/div>\n<div>\n<ul>\n<li>2 szt. Zaci\u015bni\u0119cie po\u0142\u00f3wek (uchwyt\u00f3w).<\/li>\n<li>2 szt. \u015aruby dociskowe M5. (obr\u00f3\u0107 \u015brub\u0119)<\/li>\n<li>2 O-ringi.<\/li>\n<li>2 szt. Nakr\u0119tka tulejowa M5.<\/li>\n<li>2 szt. Ko\u0142ki dociskowe 8x8x102 mm i 8x8x120 mm.<\/li>\n<\/ul>\n<\/div>\n<div><\/div>","protected":false},"excerpt":{"rendered":"<p>ASSA ABLOY 1930 \u00e4r ett d\u00f6rrtrycke med design av en korsning mellan tv\u00e5 tidigare of\u00f6renliga epoker. Dels 1880- och 1890-talets &#8220;knoppiga&#8221; hylstrycken, ofta med den \u00e4ldre T-halsen formad s\u00e5 p\u00e5<\/p>","protected":false},"featured_media":137278,"template":"","meta":{"_acf_changed":false},"product_brand":[],"product_cat":[4124,4125],"product_tag":[],"class_list":{"0":"post-97522","1":"product","2":"type-product","3":"status-publish","4":"has-post-thumbnail","6":"product_cat-dorrhandtag-innerdorr","7":"product_cat-dorrhandtag-ytterdorr","8":"product_shipping_class-postnord-varubrev","9":"pa_brands-abloy","10":"tm-no-options","12":"first","13":"instock","14":"sale","15":"taxable","16":"shipping-taxable","17":"purchasable","18":"product-type-simple"},"acf":[],"_links":{"self":[{"href":"https:\/\/secureus.se\/pl\/wp-json\/wp\/v2\/product\/97522","targetHints":{"allow":["GET"]}}],"collection":[{"href":"https:\/\/secureus.se\/pl\/wp-json\/wp\/v2\/product"}],"about":[{"href":"https:\/\/secureus.se\/pl\/wp-json\/wp\/v2\/types\/product"}],"wp:featuredmedia":[{"embeddable":true,"href":"https:\/\/secureus.se\/pl\/wp-json\/wp\/v2\/media\/137278"}],"wp:attachment":[{"href":"https:\/\/secureus.se\/pl\/wp-json\/wp\/v2\/media?parent=97522"}],"wp:term":[{"taxonomy":"product_brand","embeddable":true,"href":"https:\/\/secureus.se\/pl\/wp-json\/wp\/v2\/product_brand?post=97522"},{"taxonomy":"product_cat","embeddable":true,"href":"https:\/\/secureus.se\/pl\/wp-json\/wp\/v2\/product_cat?post=97522"},{"taxonomy":"product_tag","embeddable":true,"href":"https:\/\/secureus.se\/pl\/wp-json\/wp\/v2\/product_tag?post=97522"}],"curies":[{"name":"wp","href":"https:\/\/api.w.org\/{rel}","templated":true}]}}