{"id":97524,"date":"2024-08-21T19:29:09","date_gmt":"2024-08-21T17:29:09","guid":{"rendered":"https:\/\/secureus.se\/?post_type=product&#038;p=97524"},"modified":"2026-03-25T15:37:46","modified_gmt":"2026-03-25T14:37:46","slug":"trycke-a1871-38-42mm-mattkrom","status":"publish","type":"product","link":"https:\/\/secureus.se\/pl\/trycke-a1871-38-42mm-mattkrom\/","title":{"rendered":"Klamka do drzwi Push A1871 38-42mm matowy chrom \u2013 Habo"},"content":{"rendered":"<p>A1871 to klamka wykonana z cynku\/znalu z metalow\u0105 rozet\u0105 firmy Habo. Przeznaczony do drzwi wewn\u0119trznych. Tradycyjny model pasuj\u0105cy zar\u00f3wno do drzwi lustrzanych, jak i g\u0142adkich.<\/p>\n<div><b>W\u0142a\u015bciwo\u015bci:\u00a0<\/b><\/div>\n<div>\n<ul>\n<li>Pasuje do drzwi o grubo\u015bci 38-42 mm.\u00a0<\/li>\n<li>Wyst\u0119p 48 mm.<\/li>\n<li>Bez spr\u0119\u017cyny powrotnej<\/li>\n<\/ul>\n<\/div>","protected":false},"excerpt":{"rendered":"<p>A1871 to klamka do drzwi wykonana ze stali cynkowej\/znalu z rozet\u0105 z blachy firmy Habo. Przeznaczony do drzwi wewn\u0119trznych. Tradycyjny model, kt\u00f3ry r\u00f3wnie dobrze pasuje do drzwi lustrzanych, jak i g\u0142adkich. Cechy: Nadaje si\u0119 do drzwi o grubo\u015bci 38-42<\/p>","protected":false},"featured_media":137834,"template":"","meta":{"_acf_changed":false},"product_brand":[],"product_cat":[4124],"product_tag":[],"class_list":{"0":"post-97524","1":"product","2":"type-product","3":"status-publish","4":"has-post-thumbnail","6":"product_cat-dorrhandtag-innerdorr","7":"product_shipping_class-postnord-varubrev","8":"pa_brands-habo","9":"tm-no-options","11":"first","12":"instock","13":"sale","14":"taxable","15":"shipping-taxable","16":"purchasable","17":"product-type-simple"},"acf":[],"_links":{"self":[{"href":"https:\/\/secureus.se\/pl\/wp-json\/wp\/v2\/product\/97524","targetHints":{"allow":["GET"]}}],"collection":[{"href":"https:\/\/secureus.se\/pl\/wp-json\/wp\/v2\/product"}],"about":[{"href":"https:\/\/secureus.se\/pl\/wp-json\/wp\/v2\/types\/product"}],"wp:featuredmedia":[{"embeddable":true,"href":"https:\/\/secureus.se\/pl\/wp-json\/wp\/v2\/media\/137834"}],"wp:attachment":[{"href":"https:\/\/secureus.se\/pl\/wp-json\/wp\/v2\/media?parent=97524"}],"wp:term":[{"taxonomy":"product_brand","embeddable":true,"href":"https:\/\/secureus.se\/pl\/wp-json\/wp\/v2\/product_brand?post=97524"},{"taxonomy":"product_cat","embeddable":true,"href":"https:\/\/secureus.se\/pl\/wp-json\/wp\/v2\/product_cat?post=97524"},{"taxonomy":"product_tag","embeddable":true,"href":"https:\/\/secureus.se\/pl\/wp-json\/wp\/v2\/product_tag?post=97524"}],"curies":[{"name":"wp","href":"https:\/\/api.w.org\/{rel}","templated":true}]}}