{"id":97542,"date":"2024-08-21T19:29:10","date_gmt":"2024-08-21T17:29:10","guid":{"rendered":"https:\/\/secureus.se\/?post_type=product&#038;p=97542"},"modified":"2025-08-15T19:34:49","modified_gmt":"2025-08-15T17:34:49","slug":"trycke-stockholm-1140-yd-65-75mm-f5-svart","status":"publish","type":"product","link":"https:\/\/secureus.se\/pl\/trycke-stockholm-1140-yd-65-75mm-f5-svart\/","title":{"rendered":"Klamka drzwiowa Push Stockholm 1140 OD 65-75mm F5 Czarna \u2013 HOPPE"},"content":{"rendered":"<p>\nKompletny nadruk HOPPE na drzwi wej\u015bciowe z serii Stockholm. Wszystkie widoczne detale wykonane s\u0105 z aluminium z rozetami umo\u017cliwiaj\u0105cymi ukryte mocowanie. Ze spr\u0119\u017cyn\u0105 powrotn\u0105 o podw\u00f3jnym dzia\u0142aniu i mocowaniem Quick-in-Sprint.<\/p>\n<p><b>W\u0142a\u015bciwo\u015bci:<\/b><br \/>\n<\/p>\n<ul>\n<li>Spe\u0142nia wymagania dotycz\u0105ce osadzania niklu - hipoalergiczny<\/li>\n<li>Grubo\u015b\u0107 drzwi 65-75 mm<\/li>\n<li>Ig\u0142a drukarska 8\u00d78 mm<\/li>\n<li>Pasuje do zamk\u00f3w skandynawskich 50- i 70-dorn<\/li>\n<li>Materia\u0142: aluminium<\/li>\n<li>Kolor: F5 Czarny Br\u0105z<\/li>\n<li>10-letnia gwarancja funkcjonalno\u015bci<\/li>\n<\/ul>","protected":false},"excerpt":{"rendered":"<p>Kompletny nadruk HOPPE na drzwi wej\u015bciowe z serii Stockholm. Wszystkie widoczne detale wykonane s\u0105 z aluminium z rozetami umo\u017cliwiaj\u0105cymi ukryte mocowanie. Ze spr\u0119\u017cyn\u0105 powrotn\u0105 o podw\u00f3jnym dzia\u0142aniu i mocowaniem Quick-in-Sprint. W\u0142a\u015bciwo\u015bci: Spe\u0142nia wymagania dot<\/p>","protected":false},"featured_media":136649,"template":"","meta":{"_acf_changed":false},"product_brand":[],"product_cat":[4125],"product_tag":[],"class_list":{"0":"post-97542","1":"product","2":"type-product","3":"status-publish","4":"has-post-thumbnail","6":"product_cat-dorrhandtag-ytterdorr","7":"product_shipping_class-postnord-varubrev","8":"pa_brands-hoppe","9":"tm-no-options","11":"first","12":"outofstock","13":"sale","14":"taxable","15":"shipping-taxable","16":"purchasable","17":"product-type-simple"},"acf":[],"_links":{"self":[{"href":"https:\/\/secureus.se\/pl\/wp-json\/wp\/v2\/product\/97542","targetHints":{"allow":["GET"]}}],"collection":[{"href":"https:\/\/secureus.se\/pl\/wp-json\/wp\/v2\/product"}],"about":[{"href":"https:\/\/secureus.se\/pl\/wp-json\/wp\/v2\/types\/product"}],"wp:featuredmedia":[{"embeddable":true,"href":"https:\/\/secureus.se\/pl\/wp-json\/wp\/v2\/media\/136649"}],"wp:attachment":[{"href":"https:\/\/secureus.se\/pl\/wp-json\/wp\/v2\/media?parent=97542"}],"wp:term":[{"taxonomy":"product_brand","embeddable":true,"href":"https:\/\/secureus.se\/pl\/wp-json\/wp\/v2\/product_brand?post=97542"},{"taxonomy":"product_cat","embeddable":true,"href":"https:\/\/secureus.se\/pl\/wp-json\/wp\/v2\/product_cat?post=97542"},{"taxonomy":"product_tag","embeddable":true,"href":"https:\/\/secureus.se\/pl\/wp-json\/wp\/v2\/product_tag?post=97542"}],"curies":[{"name":"wp","href":"https:\/\/api.w.org\/{rel}","templated":true}]}}