{"id":97548,"date":"2024-08-21T19:29:10","date_gmt":"2024-08-21T17:29:10","guid":{"rendered":"https:\/\/secureus.se\/?post_type=product&#038;p=97548"},"modified":"2026-04-24T13:54:37","modified_gmt":"2026-04-24T11:54:37","slug":"trycke-new-york-1810-ej-rosett-70-85mm-f1-silver","status":"publish","type":"product","link":"https:\/\/secureus.se\/pl\/trycke-new-york-1810-ej-rosett-70-85mm-f1-silver\/","title":{"rendered":"Ga\u0142ka klamki drzwiowej New York 1810 bez rozety 70-85mm F1 srebrna \u2013 HOPPE"},"content":{"rendered":"<p>Klamka HOPPE New York, seria Duraplus, z aluminium F1, do drzwi wej\u015bciowych. Dostarczane bez kokardki. Dzi\u0119ki unikalnemu mocowaniu za pomoc\u0105 Kvick-i-Sprint, monta\u017c jest bardziej stabilny i nie wymaga skr\u0119cania.<\/p>\n<div><\/div>\n<div>\n<p><b>W\u0142a\u015bciwo\u015bci:<\/b><\/p>\n<ul>\n<li>Spe\u0142nia wymagania dotycz\u0105ce osadzania niklu - hipoalergiczny<\/li>\n<li>Grubo\u015b\u0107 drzwi 70-85 mm.<\/li>\n<li>Ig\u0142a drukarska 8\u00d78 mm<\/li>\n<li>Pasuje do zamk\u00f3w drzwi wewn\u0119trznych typu 2014<\/li>\n<li>Materia\u0142: aluminium<\/li>\n<li>Kolor: srebrny F1<\/li>\n<li>10-letnia gwarancja funkcjonalno\u015bci.<\/li>\n<\/ul>\n<\/div>","protected":false},"excerpt":{"rendered":"<p>Klamka HOPPE New York, seria Duraplus, z aluminium F1, do drzwi wej\u015bciowych. Dostarczane bez kokardki. Dzi\u0119ki unikalnemu mocowaniu za pomoc\u0105 Kvick-i-Sprint, monta\u017c jest bardziej stabilny i nie wymaga skr\u0119cania. Cechy: Spe\u0142nia<\/p>","protected":false},"featured_media":137236,"template":"","meta":{"_acf_changed":false},"product_brand":[],"product_cat":[4124,4125],"product_tag":[],"class_list":{"0":"post-97548","1":"product","2":"type-product","3":"status-publish","4":"has-post-thumbnail","6":"product_cat-dorrhandtag-innerdorr","7":"product_cat-dorrhandtag-ytterdorr","8":"product_shipping_class-postnord-varubrev","9":"pa_brands-hoppe","10":"tm-no-options","12":"first","13":"instock","14":"sale","15":"taxable","16":"shipping-taxable","17":"purchasable","18":"product-type-simple"},"acf":[],"_links":{"self":[{"href":"https:\/\/secureus.se\/pl\/wp-json\/wp\/v2\/product\/97548","targetHints":{"allow":["GET"]}}],"collection":[{"href":"https:\/\/secureus.se\/pl\/wp-json\/wp\/v2\/product"}],"about":[{"href":"https:\/\/secureus.se\/pl\/wp-json\/wp\/v2\/types\/product"}],"wp:featuredmedia":[{"embeddable":true,"href":"https:\/\/secureus.se\/pl\/wp-json\/wp\/v2\/media\/137236"}],"wp:attachment":[{"href":"https:\/\/secureus.se\/pl\/wp-json\/wp\/v2\/media?parent=97548"}],"wp:term":[{"taxonomy":"product_brand","embeddable":true,"href":"https:\/\/secureus.se\/pl\/wp-json\/wp\/v2\/product_brand?post=97548"},{"taxonomy":"product_cat","embeddable":true,"href":"https:\/\/secureus.se\/pl\/wp-json\/wp\/v2\/product_cat?post=97548"},{"taxonomy":"product_tag","embeddable":true,"href":"https:\/\/secureus.se\/pl\/wp-json\/wp\/v2\/product_tag?post=97548"}],"curies":[{"name":"wp","href":"https:\/\/api.w.org\/{rel}","templated":true}]}}