{"id":97556,"date":"2024-08-21T19:29:11","date_gmt":"2024-08-21T17:29:11","guid":{"rendered":"https:\/\/secureus.se\/?post_type=product&#038;p=97556"},"modified":"2026-04-23T12:03:24","modified_gmt":"2026-04-23T10:03:24","slug":"trycke-verona-1510-yd-55-65mm-f1-silver","status":"publish","type":"product","link":"https:\/\/secureus.se\/pl\/trycke-verona-1510-yd-55-65mm-f1-silver\/","title":{"rendered":"Klamka drzwiowa popychacz Verona 1510 OD 55-65mm F1 Srebrny \u2013 HOPPE"},"content":{"rendered":"<div>\n<div>Kompletny nadruk HOPPE na drzwi wej\u015bciowe z serii Verona. Wszystkie widoczne detale wykonane s\u0105 z aluminium z rozetami umo\u017cliwiaj\u0105cymi ukryte mocowanie. Ze spr\u0119\u017cyn\u0105 powrotn\u0105 o podw\u00f3jnym dzia\u0142aniu i mocowaniem Quick-in-Sprint.<\/p>\n<p><b>W\u0142a\u015bciwo\u015bci:<\/b><\/p>\n<ul>\n<li>Spe\u0142nia wymagania dotycz\u0105ce osadzania niklu - hipoalergiczny<\/li>\n<li>Grubo\u015b\u0107 drzwi 55-65 mm<\/li>\n<li>Ig\u0142a drukarska 8\u00d78 mm<\/li>\n<li>Pasuje do zamk\u00f3w skandynawskich 50- i 70-dorn<\/li>\n<li>Materia\u0142: aluminium<\/li>\n<li>Kolor: srebrny F1<\/li>\n<li>10-letnia gwarancja funkcjonalno\u015bci<\/li>\n<\/ul>\n<\/div>\n<div><\/div>\n<\/div>\n<div><\/div>","protected":false},"excerpt":{"rendered":"<p>Kompletny nadruk HOPPE na drzwi wej\u015bciowe z serii Verona. Wszystkie widoczne detale wykonane s\u0105 z aluminium z rozetami umo\u017cliwiaj\u0105cymi ukryte mocowanie. Ze spr\u0119\u017cyn\u0105 powrotn\u0105 o podw\u00f3jnym dzia\u0142aniu i mocowaniem Quick-in-Sprint. W\u0142a\u015bciwo\u015bci: Spe\u0142nia wymagania dot<\/p>","protected":false},"featured_media":137805,"template":"","meta":{"_acf_changed":false},"product_brand":[],"product_cat":[4125],"product_tag":[],"class_list":{"0":"post-97556","1":"product","2":"type-product","3":"status-publish","4":"has-post-thumbnail","6":"product_cat-dorrhandtag-ytterdorr","7":"product_shipping_class-postnord-varubrev","8":"pa_brands-hoppe","9":"tm-no-options","11":"first","12":"outofstock","13":"sale","14":"taxable","15":"shipping-taxable","16":"purchasable","17":"product-type-simple"},"acf":[],"_links":{"self":[{"href":"https:\/\/secureus.se\/pl\/wp-json\/wp\/v2\/product\/97556","targetHints":{"allow":["GET"]}}],"collection":[{"href":"https:\/\/secureus.se\/pl\/wp-json\/wp\/v2\/product"}],"about":[{"href":"https:\/\/secureus.se\/pl\/wp-json\/wp\/v2\/types\/product"}],"wp:featuredmedia":[{"embeddable":true,"href":"https:\/\/secureus.se\/pl\/wp-json\/wp\/v2\/media\/137805"}],"wp:attachment":[{"href":"https:\/\/secureus.se\/pl\/wp-json\/wp\/v2\/media?parent=97556"}],"wp:term":[{"taxonomy":"product_brand","embeddable":true,"href":"https:\/\/secureus.se\/pl\/wp-json\/wp\/v2\/product_brand?post=97556"},{"taxonomy":"product_cat","embeddable":true,"href":"https:\/\/secureus.se\/pl\/wp-json\/wp\/v2\/product_cat?post=97556"},{"taxonomy":"product_tag","embeddable":true,"href":"https:\/\/secureus.se\/pl\/wp-json\/wp\/v2\/product_tag?post=97556"}],"curies":[{"name":"wp","href":"https:\/\/api.w.org\/{rel}","templated":true}]}}