{"id":97560,"date":"2024-08-21T19:29:11","date_gmt":"2024-08-21T17:29:11","guid":{"rendered":"https:\/\/secureus.se\/?post_type=product&#038;p=97560"},"modified":"2026-04-08T15:35:58","modified_gmt":"2026-04-08T13:35:58","slug":"trycke-new-york-38-70mm-mattkrom","status":"publish","type":"product","link":"https:\/\/secureus.se\/pl\/trycke-new-york-38-70mm-mattkrom\/","title":{"rendered":"Klamka do drzwi Push New York 38-70mm matowy chrom \u2013 Habo"},"content":{"rendered":"<p>\nKlamka New York od habo to stylowa i kompaktowa klamka o nowoczesnym designie. Wykonane z mosi\u0105dzu i przeznaczone do drzwi wej\u015bciowych ze skrzynkami zamk\u00f3w modu\u0142owych. Dzi\u0119ki spr\u0119\u017cynie powrotnej o podw\u00f3jnym dzia\u0142aniu klamka wsp\u00f3\u0142pracuje r\u00f3wnie\u017c z obudowami zamk\u00f3w, w kt\u00f3rych blokowanie odbywa si\u0119 poprzez podniesienie klamki. Dost\u0119pna r\u00f3wnie\u017c jako klamka wewn\u0119trzna.<\/p>\n<div><b>W\u0142a\u015bciwo\u015bci:<\/b>\u00a0<\/div>\n<div>\n<ul>\n<li>Pasuje do drzwi o grubo\u015bci 38-70 mm.\u00a0<\/li>\n<li>Wyst\u0119p 60 mm.<\/li>\n<li>Ze spr\u0119\u017cyn\u0105 powrotn\u0105 o podw\u00f3jnym dzia\u0142aniu.<\/li>\n<li>Pasuje do obudowy zamka modu\u0142owego Connect \/ Classic<\/li>\n<li>Nie pasuje do obudowy zamka ABLOY 2014 lub r\u00f3wnowa\u017cnej skrzynki wewn\u0119trznej drzwi<\/li>\n<\/ul>\n<\/div>","protected":false},"excerpt":{"rendered":"<p>Klamka do drzwi New York marki Habo to stylowa i kompaktowa klamka o nowoczesnym wzornictwie. Wykonany z mosi\u0105dzu, przeznaczony do drzwi wej\u015bciowych z modu\u0142ow\u0105 skrzynk\u0105 zamka. Dzi\u0119ki spr\u0119\u017cynie powrotnej o podw\u00f3jnym dzia\u0142aniu uchwyt dzia\u0142a<\/p>","protected":false},"featured_media":136889,"template":"","meta":{"_acf_changed":false},"product_brand":[],"product_cat":[4124,4125],"product_tag":[],"class_list":{"0":"post-97560","1":"product","2":"type-product","3":"status-publish","4":"has-post-thumbnail","6":"product_cat-dorrhandtag-innerdorr","7":"product_cat-dorrhandtag-ytterdorr","8":"product_shipping_class-postnord-varubrev","9":"pa_brands-habo","10":"tm-no-options","12":"first","13":"instock","14":"sale","15":"taxable","16":"shipping-taxable","17":"purchasable","18":"product-type-simple"},"acf":[],"_links":{"self":[{"href":"https:\/\/secureus.se\/pl\/wp-json\/wp\/v2\/product\/97560","targetHints":{"allow":["GET"]}}],"collection":[{"href":"https:\/\/secureus.se\/pl\/wp-json\/wp\/v2\/product"}],"about":[{"href":"https:\/\/secureus.se\/pl\/wp-json\/wp\/v2\/types\/product"}],"wp:featuredmedia":[{"embeddable":true,"href":"https:\/\/secureus.se\/pl\/wp-json\/wp\/v2\/media\/136889"}],"wp:attachment":[{"href":"https:\/\/secureus.se\/pl\/wp-json\/wp\/v2\/media?parent=97560"}],"wp:term":[{"taxonomy":"product_brand","embeddable":true,"href":"https:\/\/secureus.se\/pl\/wp-json\/wp\/v2\/product_brand?post=97560"},{"taxonomy":"product_cat","embeddable":true,"href":"https:\/\/secureus.se\/pl\/wp-json\/wp\/v2\/product_cat?post=97560"},{"taxonomy":"product_tag","embeddable":true,"href":"https:\/\/secureus.se\/pl\/wp-json\/wp\/v2\/product_tag?post=97560"}],"curies":[{"name":"wp","href":"https:\/\/api.w.org\/{rel}","templated":true}]}}