{"id":97562,"date":"2024-08-21T19:29:11","date_gmt":"2024-08-21T17:29:11","guid":{"rendered":"https:\/\/secureus.se\/?post_type=product&#038;p=97562"},"modified":"2026-04-08T15:35:53","modified_gmt":"2026-04-08T13:35:53","slug":"trycke-1937-40-75mm-mattkrom","status":"publish","type":"product","link":"https:\/\/secureus.se\/pl\/trycke-1937-40-75mm-mattkrom\/","title":{"rendered":"Klamka Trycke 1937 40-75mm Chrom matowy \u2013 Assa Abloy"},"content":{"rendered":"<div>ASSA ABLOY 1937 to nowoczesny, stylowy uchwyt zaprojektowany z my\u015bl\u0105 o funkcjonalno\u015bci. Elementy dekoracyjne zosta\u0142y zracjonalizowane w latach trzydziestych XX wieku, a jednak to prostota czyni je pi\u0119knymi. 1937 jest cz\u0119\u015bci\u0105 serii ASSA ABLOY Epok. Nadaje si\u0119 do drzwi zewn\u0119trznych, wej\u015bciowych i wewn\u0119trznych z zamkami modu\u0142owymi.<\/p>\n<p><b>W\u0142a\u015bciwo\u015bci:<\/b><\/p>\n<ul>\n<li>Materia\u0142: mosi\u0105dz<\/li>\n<li>Dost\u0119pne w kilku wyko\u0144czeniach dekoracyjnych; Prion, nikiel, chrom, chrom matowy, mosi\u0105dz polerowany, mosi\u0105dz szczotkowany, czarny matowy MIRUS.<\/li>\n<li>Spr\u0119\u017cyna powrotna, kt\u00f3ra odci\u0105\u017ca spr\u0119\u017cyn\u0119 wio\u015blarsk\u0105 obudowy zamka i pomaga utrzyma\u0107 ci\u015bnienie w pozycji poziomej<\/li>\n<li>Standardowa dostawa dla drzwi o grubo\u015bci 40-75 mm<\/li>\n<li>Rozeta: \u00d8 52 mm<\/li>\n<li>Pasuje do obudowy zamka modu\u0142owego Connect \/ Classic<\/li>\n<li>Nie pasuje do obudowy zamka ABLOY 2014 lub r\u00f3wnowa\u017cnej skrzynki wewn\u0119trznej drzwi<\/li>\n<li>Do drzwi zewn\u0119trznych\/wewn\u0119trznych<\/li>\n<\/ul>\n<div><b>Pakiet zawiera:<\/b><\/div>\n<div>\n<ul>\n<li>2 szt. Zaci\u015bni\u0119cie po\u0142\u00f3wek (uchwyt\u00f3w).<\/li>\n<li>2 szt. \u015aruby dociskowe M5. (obr\u00f3\u0107 \u015brub\u0119)<\/li>\n<li>2 O-ringi.<\/li>\n<li>2 szt. Nakr\u0119tka tulejowa M5.<\/li>\n<li>2 szt. Ko\u0142ki dociskowe 8x8x102 mm i 8x8x120 mm.<\/li>\n<\/ul>\n<\/div>\n<\/div>","protected":false},"excerpt":{"rendered":"<p>ASSA ABLOY 1937 \u00e4r ett modernt funkishandtag utformat med funktionen i fokus. Dekorativa inslag rationaliserades bort p\u00e5 1930-talet och \u00e4nd\u00e5 \u00e4r det enkelheten som g\u00f6r det vackert. 1937 ing\u00e5r i<\/p>","protected":false},"featured_media":136634,"template":"","meta":{"_acf_changed":false},"product_brand":[],"product_cat":[4124,4125],"product_tag":[],"class_list":{"0":"post-97562","1":"product","2":"type-product","3":"status-publish","4":"has-post-thumbnail","6":"product_cat-dorrhandtag-innerdorr","7":"product_cat-dorrhandtag-ytterdorr","8":"product_shipping_class-postnord-varubrev","9":"pa_brands-abloy","10":"tm-no-options","12":"first","13":"instock","14":"sale","15":"taxable","16":"shipping-taxable","17":"purchasable","18":"product-type-simple"},"acf":[],"_links":{"self":[{"href":"https:\/\/secureus.se\/pl\/wp-json\/wp\/v2\/product\/97562","targetHints":{"allow":["GET"]}}],"collection":[{"href":"https:\/\/secureus.se\/pl\/wp-json\/wp\/v2\/product"}],"about":[{"href":"https:\/\/secureus.se\/pl\/wp-json\/wp\/v2\/types\/product"}],"wp:featuredmedia":[{"embeddable":true,"href":"https:\/\/secureus.se\/pl\/wp-json\/wp\/v2\/media\/136634"}],"wp:attachment":[{"href":"https:\/\/secureus.se\/pl\/wp-json\/wp\/v2\/media?parent=97562"}],"wp:term":[{"taxonomy":"product_brand","embeddable":true,"href":"https:\/\/secureus.se\/pl\/wp-json\/wp\/v2\/product_brand?post=97562"},{"taxonomy":"product_cat","embeddable":true,"href":"https:\/\/secureus.se\/pl\/wp-json\/wp\/v2\/product_cat?post=97562"},{"taxonomy":"product_tag","embeddable":true,"href":"https:\/\/secureus.se\/pl\/wp-json\/wp\/v2\/product_tag?post=97562"}],"curies":[{"name":"wp","href":"https:\/\/api.w.org\/{rel}","templated":true}]}}