{"id":97564,"date":"2024-08-21T19:29:11","date_gmt":"2024-08-21T17:29:11","guid":{"rendered":"https:\/\/secureus.se\/?post_type=product&#038;p=97564"},"modified":"2026-04-08T15:35:48","modified_gmt":"2026-04-08T13:35:48","slug":"trycke-basics-lb2-19s-mattsvart","status":"publish","type":"product","link":"https:\/\/secureus.se\/pl\/trycke-basics-lb2-19s-mattsvart\/","title":{"rendered":"Klamka do drzwi Push BASICS LB2-19S Matowa czer\u0144 \u2013 FORMANI"},"content":{"rendered":"<div>FORMANI LB2-19S to klamka do drzwi z serii BASICS, przystosowana do obud\u00f3w zamk\u00f3w w standardzie skandynawskim. LB2-19S nie posiada sta\u0142ej spr\u0119\u017cyny powrotnej, co oznacza, \u017ce mo\u017cna go stosowa\u0107 zar\u00f3wno w zamkach do drzwi wewn\u0119trznych, zamkach modu\u0142owych, jak i zamkach DIN. P\u0142ytka na klucz, nak\u0142adka i akcesoria toaletowe s\u0105 dost\u0119pne jako akcesoria, a tak\u017ce spr\u0119\u017cyna powrotna, d\u0142u\u017csza \u015bruba i pr\u0119t dociskowy do grubszych drzwi.<\/div>\n<div>BASICS obejmuje r\u00f3\u017cne projekty na ka\u017cd\u0105 kiesze\u0144. S\u0105 tak dyskretne, proste i czyste, jak i luksusowe. Dzi\u0119ki minimalistycznej ekspresji seria BASICS doskonale wpisuje si\u0119 w ukochany styl skandynawski (zwany tak\u017ce stylem nordyckim). Dzi\u0119ki FORMANI mo\u017cliwe jest uzyskanie sp\u00f3jnego projektu armatury w ca\u0142ym domu, mieszkaniu lub w ramach Twojego projektu. Seria BASICS obejmuje okucia do drzwi, okien i mebli.<\/div>\n<div><\/div>\n<div><b>W\u0142a\u015bciwo\u015bci:<\/b><\/div>\n<div>\n<ul>\n<li>Projektant: FORMANI<\/li>\n<li>\u015arednica rozety: 53 mm<\/li>\n<li>Do drzwi o grubo\u015bci do 60 mm<\/li>\n<li>Bez spr\u0119\u017cyny powrotnej (dost\u0119pna jako wyposa\u017cenie dodatkowe)<\/li>\n<li>Ukryte przywi\u0105zanie<\/li>\n<li>Pasuje do modu\u0142u i ma\u0142ej obudowy zamka drzwi wewn\u0119trznych typu 2014<\/li>\n<li>Mocowanie C\/C 30 i 38 mm<\/li>\n<li>Wykonane ze stali nierdzewnej<\/li>\n<li>Dost\u0119pne w kolorze br\u0105zowym, matowym czarnym, matowym czarnym PVD, matowym z\u0142ocie PVD, br\u0105zie PVD, bia\u0142ym oraz polerowanej i matowej szczotkowanej stali nierdzewnej<\/li>\n<\/ul>\n<\/div>\n<div><\/div>\n<div><b>Pakiet zawiera:<\/b><\/div>\n<div>\n<ul>\n<li>2 szt. Zaci\u015bni\u0119cie po\u0142\u00f3wek (uchwyt\u00f3w)<\/li>\n<li>2 szt. \u015aruba dociskowa M4x60 mm (\u015bruba obrotowa)<\/li>\n<li>2 szt. Nakr\u0119tka tulejowa M4<\/li>\n<li>1 szt. Trzpie\u0144 dociskowy 8x8x100 mm<\/li>\n<li>4 szt. \u015aruba do drewna<\/li>\n<li>1 szt. Klucz imbusowy<\/li>\n<\/ul>\n<\/div>","protected":false},"excerpt":{"rendered":"<p>FORMANI LB2-19S to klamka do drzwi z serii BASICS, przystosowana do obud\u00f3w zamk\u00f3w w standardzie skandynawskim. LB2-19S nie posiada sta\u0142ej spr\u0119\u017cyny powrotnej, co oznacza, \u017ce mo\u017cna go stosowa\u0107 zar\u00f3wno w zamkach do drzwi wewn\u0119trznych, zamkach modu\u0142owych, jak i zamkach DIN.<\/p>","protected":false},"featured_media":136875,"template":"","meta":{"_acf_changed":false},"product_brand":[],"product_cat":[4124],"product_tag":[],"class_list":{"0":"post-97564","1":"product","2":"type-product","3":"status-publish","4":"has-post-thumbnail","6":"product_cat-dorrhandtag-innerdorr","7":"product_shipping_class-postnord-varubrev","8":"pa_brands-formani","9":"tm-no-options","11":"first","12":"instock","13":"sale","14":"taxable","15":"shipping-taxable","16":"purchasable","17":"product-type-simple"},"acf":[],"_links":{"self":[{"href":"https:\/\/secureus.se\/pl\/wp-json\/wp\/v2\/product\/97564","targetHints":{"allow":["GET"]}}],"collection":[{"href":"https:\/\/secureus.se\/pl\/wp-json\/wp\/v2\/product"}],"about":[{"href":"https:\/\/secureus.se\/pl\/wp-json\/wp\/v2\/types\/product"}],"wp:featuredmedia":[{"embeddable":true,"href":"https:\/\/secureus.se\/pl\/wp-json\/wp\/v2\/media\/136875"}],"wp:attachment":[{"href":"https:\/\/secureus.se\/pl\/wp-json\/wp\/v2\/media?parent=97564"}],"wp:term":[{"taxonomy":"product_brand","embeddable":true,"href":"https:\/\/secureus.se\/pl\/wp-json\/wp\/v2\/product_brand?post=97564"},{"taxonomy":"product_cat","embeddable":true,"href":"https:\/\/secureus.se\/pl\/wp-json\/wp\/v2\/product_cat?post=97564"},{"taxonomy":"product_tag","embeddable":true,"href":"https:\/\/secureus.se\/pl\/wp-json\/wp\/v2\/product_tag?post=97564"}],"curies":[{"name":"wp","href":"https:\/\/api.w.org\/{rel}","templated":true}]}}