{"id":97566,"date":"2024-08-21T19:29:11","date_gmt":"2024-08-21T17:29:11","guid":{"rendered":"https:\/\/secureus.se\/?post_type=product&#038;p=97566"},"modified":"2026-03-25T15:37:05","modified_gmt":"2026-03-25T14:37:05","slug":"trycke-1949-40-75mm-mattkrom","status":"publish","type":"product","link":"https:\/\/secureus.se\/pl\/trycke-1949-40-75mm-mattkrom\/","title":{"rendered":"Klamka Trycke 1949 40-75mm Chrom matowy \u2013 Assa Abloy"},"content":{"rendered":"<div>ASSA ABLOY 1949 to stylowa, nieco l\u017cejsza klamka z uchwytem w kszta\u0142cie rombu, kt\u00f3ry dobrze le\u017cy w d\u0142oni. Ten modernistyczny uchwyt jest odpowiedni dla tych, kt\u00f3rzy szukaj\u0105 klasycznie ukszta\u0142towanego uchwytu. 1949 nale\u017cy do serii ASSA ABLOY Epok. Nadaje si\u0119 do drzwi zewn\u0119trznych, wej\u015bciowych i wewn\u0119trznych z zamkami modu\u0142owymi.<\/div>\n<div><\/div>\n<div><b>W\u0142a\u015bciwo\u015bci:<\/b><\/div>\n<div>\n<ul>\n<li>Materia\u0142: mosi\u0105dz<\/li>\n<li>Dost\u0119pne w kilku wyko\u0144czeniach dekoracyjnych; Prion, nikiel, chrom, chrom matowy, mosi\u0105dz polerowany, mosi\u0105dz szczotkowany, czarny matowy MIRUS<\/li>\n<li>Standardowa dostawa dla drzwi o grubo\u015bci 40-75 mm<\/li>\n<li>Rozeta: \u00d8 52 mm<\/li>\n<li>Pasuje do obudowy zamka modu\u0142owego Connect \/ Classic<\/li>\n<li>Bez spr\u0119\u017cyny powrotnej w rozecie, co oznacza, \u017ce pasuje r\u00f3wnie\u017c do zamk\u00f3w drzwi wewn\u0119trznych typu 2014<\/li>\n<li>Do drzwi zewn\u0119trznych\/wewn\u0119trznych<\/li>\n<\/ul>\n<\/div>\n<div><\/div>\n<div><b>Pakiet zawiera:<\/b><\/div>\n<div>\n<ul>\n<li>2 szt. Zaci\u015bni\u0119cie po\u0142\u00f3wek (uchwyt\u00f3w).<\/li>\n<li>2 szt. \u015aruby dociskowe M5. (obr\u00f3\u0107 \u015brub\u0119)<\/li>\n<li>2 szt. O-ringi<\/li>\n<li>2 nakr\u0119tki gniazdowe M5<\/li>\n<li>2 szt. Szpilki drukarskie 8x8x102 mm i 8x8x120 mm<\/li>\n<\/ul>\n<\/div>","protected":false},"excerpt":{"rendered":"<p>ASSA ABLOY 1949 \u00e4r ett stilrent n\u00e5got l\u00e4ttare d\u00f6rrtrycke med ett rombformat grepp som ligger v\u00e4l i handen. Detta modernistiska handtag passar dig som \u00e4r ute efter ett klassiskt format<\/p>","protected":false},"featured_media":136427,"template":"","meta":{"_acf_changed":false},"product_brand":[],"product_cat":[4124,4125],"product_tag":[],"class_list":{"0":"post-97566","1":"product","2":"type-product","3":"status-publish","4":"has-post-thumbnail","6":"product_cat-dorrhandtag-innerdorr","7":"product_cat-dorrhandtag-ytterdorr","8":"product_shipping_class-postnord-varubrev","9":"pa_brands-abloy","10":"tm-no-options","12":"first","13":"onbackorder","14":"sale","15":"taxable","16":"shipping-taxable","17":"purchasable","18":"product-type-simple"},"acf":[],"_links":{"self":[{"href":"https:\/\/secureus.se\/pl\/wp-json\/wp\/v2\/product\/97566","targetHints":{"allow":["GET"]}}],"collection":[{"href":"https:\/\/secureus.se\/pl\/wp-json\/wp\/v2\/product"}],"about":[{"href":"https:\/\/secureus.se\/pl\/wp-json\/wp\/v2\/types\/product"}],"wp:featuredmedia":[{"embeddable":true,"href":"https:\/\/secureus.se\/pl\/wp-json\/wp\/v2\/media\/136427"}],"wp:attachment":[{"href":"https:\/\/secureus.se\/pl\/wp-json\/wp\/v2\/media?parent=97566"}],"wp:term":[{"taxonomy":"product_brand","embeddable":true,"href":"https:\/\/secureus.se\/pl\/wp-json\/wp\/v2\/product_brand?post=97566"},{"taxonomy":"product_cat","embeddable":true,"href":"https:\/\/secureus.se\/pl\/wp-json\/wp\/v2\/product_cat?post=97566"},{"taxonomy":"product_tag","embeddable":true,"href":"https:\/\/secureus.se\/pl\/wp-json\/wp\/v2\/product_tag?post=97566"}],"curies":[{"name":"wp","href":"https:\/\/api.w.org\/{rel}","templated":true}]}}