{"id":97592,"date":"2024-08-21T19:29:12","date_gmt":"2024-08-21T17:29:12","guid":{"rendered":"https:\/\/secureus.se\/?post_type=product&#038;p=97592"},"modified":"2025-10-21T12:43:31","modified_gmt":"2025-10-21T10:43:31","slug":"trycke-6638-40-75mm-brunoxid","status":"publish","type":"product","link":"https:\/\/secureus.se\/pl\/trycke-6638-40-75mm-brunoxid\/","title":{"rendered":"Klamka Trycke 6638 40-75mm oksydowana br\u0105zowo \u2013 Assa Abloy"},"content":{"rendered":"<p>\nASSA ABLOY 6638 to klamka do drzwi posiadaj\u0105ca cechy zar\u00f3wno baroku, jak i rokoka, ale zosta\u0142a uproszczona, aby m\u00f3c dopasowa\u0107 si\u0119 do architektury o mniej zakrzywionych kszta\u0142tach. 6638 to typowy \u201edruk w willi\u201d i nale\u017cy do serii ASSA ABLOY Classic. Nadaje si\u0119 do drzwi zewn\u0119trznych, wej\u015bciowych i wewn\u0119trznych z zamkami modu\u0142owymi.<\/p>\n<div><\/div>\n<div><b>W\u0142a\u015bciwo\u015bci:<\/b><\/div>\n<ul>\n<li>Materia\u0142: mosi\u0105dz.<\/li>\n<li>Obr\u00f3bka powierzchniowa: nikiel, matowy chrom, polerowany mosi\u0105dz, matowy mosi\u0105dz i matowy czarny MIRUS.<\/li>\n<li>Spr\u0119\u017cyna powrotna, kt\u00f3ra odci\u0105\u017ca spr\u0119\u017cyn\u0119 wio\u015blarsk\u0105 obudowy zamka i pomaga utrzyma\u0107 ci\u015bnienie w pozycji poziomej.<\/li>\n<li>Rozeta: \u00d8 52 mm.<\/li>\n<li>Pasuje do obudowy zamka modu\u0142owego Connect \/ Classic<\/li>\n<li>Nie pasuje do obudowy zamka ABLOY 2014 lub r\u00f3wnowa\u017cnej skrzynki wewn\u0119trznej drzwi<\/li>\n<li>Standardowa dostawa dostosowana do grubo\u015bci drzwi 40-75 mm.<\/li>\n<li>Wymienny sworze\u0144 i \u015bruba do drzwi o r\u00f3\u017cnej grubo\u015bci.<\/li>\n<li>Ci\u0105g\u0142e mocowanie \u015brubowe wzmacniaj\u0105ce drzwi.<\/li>\n<\/ul>\n<div><b>Pakiet zawiera:<\/b><\/div>\n<div>\n<ul>\n<li>2 szt. Zaci\u015bni\u0119cie po\u0142\u00f3wek (uchwyt\u00f3w).<\/li>\n<li>2 szt. \u015aruby dociskowe M5. (obr\u00f3\u0107 \u015brub\u0119)<\/li>\n<li>2 O-ringi.<\/li>\n<li>2 szt. Nakr\u0119tka tulejowa M5.<\/li>\n<li>2 szt. Ko\u0142ki dociskowe 8x8x102 mm i 8x8x120 mm.<\/li>\n<\/ul>\n<\/div>","protected":false},"excerpt":{"rendered":"<p>ASSA ABLOY 6638 to klamka do drzwi posiadaj\u0105ca cechy zar\u00f3wno baroku, jak i rokoka, ale zosta\u0142a uproszczona, aby m\u00f3c dopasowa\u0107 si\u0119 do architektury o mniej zakrzywionych kszta\u0142tach. 6638 jest<\/p>","protected":false},"featured_media":136829,"template":"","meta":{"_acf_changed":false},"product_brand":[],"product_cat":[4124,4125],"product_tag":[4863],"class_list":{"0":"post-97592","1":"product","2":"type-product","3":"status-publish","4":"has-post-thumbnail","6":"product_cat-dorrhandtag-innerdorr","7":"product_cat-dorrhandtag-ytterdorr","8":"product_tag-pf","9":"product_shipping_class-postnord-varubrev","10":"pa_brands-abloy","11":"tm-no-options","13":"first","14":"outofstock","15":"sale","16":"taxable","17":"shipping-taxable","18":"purchasable","19":"product-type-simple"},"acf":[],"_links":{"self":[{"href":"https:\/\/secureus.se\/pl\/wp-json\/wp\/v2\/product\/97592","targetHints":{"allow":["GET"]}}],"collection":[{"href":"https:\/\/secureus.se\/pl\/wp-json\/wp\/v2\/product"}],"about":[{"href":"https:\/\/secureus.se\/pl\/wp-json\/wp\/v2\/types\/product"}],"wp:featuredmedia":[{"embeddable":true,"href":"https:\/\/secureus.se\/pl\/wp-json\/wp\/v2\/media\/136829"}],"wp:attachment":[{"href":"https:\/\/secureus.se\/pl\/wp-json\/wp\/v2\/media?parent=97592"}],"wp:term":[{"taxonomy":"product_brand","embeddable":true,"href":"https:\/\/secureus.se\/pl\/wp-json\/wp\/v2\/product_brand?post=97592"},{"taxonomy":"product_cat","embeddable":true,"href":"https:\/\/secureus.se\/pl\/wp-json\/wp\/v2\/product_cat?post=97592"},{"taxonomy":"product_tag","embeddable":true,"href":"https:\/\/secureus.se\/pl\/wp-json\/wp\/v2\/product_tag?post=97592"}],"curies":[{"name":"wp","href":"https:\/\/api.w.org\/{rel}","templated":true}]}}